{"id":129,"date":"2024-12-18T18:12:00","date_gmt":"2024-12-18T17:12:00","guid":{"rendered":"https:\/\/www.kevovac.es\/?page_id=129"},"modified":"2025-02-05T11:04:04","modified_gmt":"2025-02-05T10:04:04","slug":"condiciones-generales-de-venta","status":"publish","type":"page","link":"https:\/\/www.egarvac.com\/en\/condiciones-generales-de-venta\/","title":{"rendered":"Condiciones generales de venta"},"content":{"rendered":"<div data-elementor-type=\"wp-page\" data-elementor-id=\"129\" class=\"elementor elementor-129\" data-elementor-post-type=\"page\">\n\t\t\t\t<div class=\"elementor-element elementor-element-3bb5ae0 e-flex e-con-boxed e-con e-parent\" data-id=\"3bb5ae0\" data-element_type=\"container\" data-e-type=\"container\">\n\t\t\t\t\t<div class=\"e-con-inner\">\n\t\t\t\t<div class=\"elementor-element elementor-element-c05b736 elementor-widget elementor-widget-text-editor\" data-id=\"c05b736\" data-element_type=\"widget\" data-e-type=\"widget\" data-widget_type=\"text-editor.default\">\n\t\t\t\t<div class=\"elementor-widget-container\">\n\t\t\t\t\t\t\t\t\t<p><span style=\"color: #404040;\"><span style=\"caret-color: #404040;\">Condiciones generales de venta<\/span><\/span><\/p>\t\t\t\t\t\t\t\t<\/div>\n\t\t\t\t<\/div>\n\t\t\t\t\t<\/div>\n\t\t\t\t<\/div>\n\t\t<div class=\"elementor-element elementor-element-c9fd5a1 e-con-full e-flex elementor-invisible e-con e-parent\" data-id=\"c9fd5a1\" data-element_type=\"container\" data-e-type=\"container\" data-settings=\"{&quot;animation&quot;:&quot;fadeIn&quot;}\">\n\t\t<div class=\"elementor-element elementor-element-6edbd11 e-con-full e-flex e-con e-child\" data-id=\"6edbd11\" data-element_type=\"container\" data-e-type=\"container\">\n\t\t\t\t<div class=\"elementor-element elementor-element-4b82a9c elementor-widget elementor-widget-image\" data-id=\"4b82a9c\" data-element_type=\"widget\" data-e-type=\"widget\" data-widget_type=\"image.default\">\n\t\t\t\t<div class=\"elementor-widget-container\">\n\t\t\t\t\t\t\t\t\t\t\t\t\t\t\t<img fetchpriority=\"high\" decoding=\"async\" width=\"685\" height=\"587\" src=\"https:\/\/www.egarvac.com\/wp-content\/uploads\/2025\/02\/1201-EGARVAC-Condiciones-generales-de-venta.jpg\" class=\"attachment-large size-large wp-image-1612\" alt=\"Envasadoras y termoselladoras EGARVAC\" srcset=\"https:\/\/www.egarvac.com\/wp-content\/uploads\/2025\/02\/1201-EGARVAC-Condiciones-generales-de-venta.jpg 685w, https:\/\/www.egarvac.com\/wp-content\/uploads\/2025\/02\/1201-EGARVAC-Condiciones-generales-de-venta-300x257.jpg 300w\" sizes=\"(max-width: 685px) 100vw, 685px\" \/>\t\t\t\t\t\t\t\t\t\t\t\t\t\t\t<\/div>\n\t\t\t\t<\/div>\n\t\t\t\t<div class=\"elementor-element elementor-element-3e938dd elementor-widget elementor-widget-image\" data-id=\"3e938dd\" data-element_type=\"widget\" data-e-type=\"widget\" data-widget_type=\"image.default\">\n\t\t\t\t<div class=\"elementor-widget-container\">\n\t\t\t\t\t\t\t\t\t\t\t\t\t\t\t<img decoding=\"async\" width=\"685\" height=\"587\" src=\"https:\/\/www.egarvac.com\/wp-content\/uploads\/2025\/02\/1202-EGARVAC-Condiciones-generales-de-venta.jpg\" class=\"attachment-large size-large wp-image-1613\" alt=\"Panel digital EGARVAC, control electr\u00f3nico avanzado para envasadoras y termoselladoras\" srcset=\"https:\/\/www.egarvac.com\/wp-content\/uploads\/2025\/02\/1202-EGARVAC-Condiciones-generales-de-venta.jpg 685w, https:\/\/www.egarvac.com\/wp-content\/uploads\/2025\/02\/1202-EGARVAC-Condiciones-generales-de-venta-300x257.jpg 300w\" sizes=\"(max-width: 685px) 100vw, 685px\" \/>\t\t\t\t\t\t\t\t\t\t\t\t\t\t\t<\/div>\n\t\t\t\t<\/div>\n\t\t\t\t<div class=\"elementor-element elementor-element-da38499 elementor-widget elementor-widget-image\" data-id=\"da38499\" data-element_type=\"widget\" data-e-type=\"widget\" data-widget_type=\"image.default\">\n\t\t\t\t<div class=\"elementor-widget-container\">\n\t\t\t\t\t\t\t\t\t\t\t\t\t\t\t<img decoding=\"async\" width=\"685\" height=\"587\" src=\"https:\/\/www.egarvac.com\/wp-content\/uploads\/2025\/02\/1203-EGARVAC-Condiciones-generales-de-venta.jpg\" class=\"attachment-large size-large wp-image-1614\" alt=\"Portada: Condiciones generales de venta EGARVAC, t\u00e9rminos y condiciones para la compra de productos y servicios\" srcset=\"https:\/\/www.egarvac.com\/wp-content\/uploads\/2025\/02\/1203-EGARVAC-Condiciones-generales-de-venta.jpg 685w, https:\/\/www.egarvac.com\/wp-content\/uploads\/2025\/02\/1203-EGARVAC-Condiciones-generales-de-venta-300x257.jpg 300w\" sizes=\"(max-width: 685px) 100vw, 685px\" \/>\t\t\t\t\t\t\t\t\t\t\t\t\t\t\t<\/div>\n\t\t\t\t<\/div>\n\t\t\t\t<\/div>\n\t\t<div class=\"elementor-element elementor-element-390b915 e-con-full e-flex e-con e-child\" data-id=\"390b915\" data-element_type=\"container\" data-e-type=\"container\">\n\t\t<div class=\"elementor-element elementor-element-085483f e-con-full e-flex e-con e-child\" data-id=\"085483f\" data-element_type=\"container\" data-e-type=\"container\" data-settings=\"{&quot;background_background&quot;:&quot;classic&quot;}\">\n\t\t\t\t<div class=\"elementor-element elementor-element-4c0a135 elementor-widget elementor-widget-text-editor\" data-id=\"4c0a135\" data-element_type=\"widget\" data-e-type=\"widget\" data-widget_type=\"text-editor.default\">\n\t\t\t\t<div class=\"elementor-widget-container\">\n\t\t\t\t\t\t\t\t\t<p><span style=\"color: #404040;\"><strong>\u2022 PRECIOS<\/strong><\/span><br \/>Los precios no incluyen la instalaci\u00f3n ni la puesta en marcha.<br \/>Los precios son en Euros y sin I.V.A.<\/p><p><strong><span style=\"color: #404040;\">\u2022 PEDIDOS<\/span><\/strong><br \/>Los pedidos deber\u00e1n confirmarse por escrito o v\u00eda e-mail, indicando claramente el modelo de m\u00e1quina y las opciones elegidas.<br \/>Los plazos de entrega, excepto casos espec\u00edficos, son dados aproximadamente, salvo posibles complicaciones de fabricaci\u00f3n o componentes.<\/p><p><span style=\"color: #404040;\"><strong>\u2022 PORTES<\/strong><\/span><br \/>Las mercanc\u00edas viajan siempre con portes pagados a todo el territorio espa\u00f1ol en la pen\u00ednsula ib\u00e9rica, lo que no incluye las Islas Baleares, las Islas Canarias y los territorios de Ceuta y Melilla.<br \/>ENVASADORAS EGARVAC, S.L.U., har\u00e1 el env\u00edo a trav\u00e9s de su agencia habitual, a menos que el cliente solicite una distinta.<br \/>Al recibo del material, es imprescindible efectuar la correspondiente comprobaci\u00f3n del estado del mismo, anotando en el albar\u00e1n de entrega cualquier incidencia observada.<br \/>En el caso de constatar alg\u00fan da\u00f1o, deber\u00e1n hacer directamente la reclamaci\u00f3n a la agencia en un plazo m\u00e1ximo de 24 horas una vez recibida la mercanc\u00eda. Vencido este plazo, las agencias no admiten reclamaciones.<br \/>ENVASADORAS EGARVAC, S.L.U., no podr\u00e1 ser considerado responsable de los da\u00f1os ocurridos durante el transporte.<\/p><p><strong><span style=\"color: #404040;\">\u2022 EMBALAJES<\/span><\/strong><br \/>Los embalajes est\u00e1n incluidos en el precio proporcionado, excepto los que deban ser especiales o que requieran ajustarse a determinadas instrucciones del cliente, que ser\u00e1n a cargo de \u00e9ste.<\/p><p><strong><span style=\"color: #404040;\">\u2022 DEVOLUCIONES DE MATERIAL<\/span><\/strong><br \/>No se aceptar\u00e1 ninguna devoluci\u00f3n de material sin el consentimiento expreso y por escrito de la Direcci\u00f3n Comercial de ENVASADORAS EGARVAC, S.L.U.<br \/>No se admitir\u00e1 en ning\u00fan caso, la devoluci\u00f3n de materiales usados, manipulados o probados, ni tampoco los que no lleven su embalaje original.<br \/>En el caso de la aceptaci\u00f3n de la devoluci\u00f3n de un material, todos los gastos generados, incluidos los portes, ser\u00e1n por cuenta del cliente. Los materiales se abonar\u00e1n de acuerdo con las condiciones del estado de la mercanc\u00eda en el momento de su recepci\u00f3n en nuestros almacenes, reserv\u00e1ndose ENVASADORAS EGARVAC, S.L.U., el derecho a estipular el precio final del abono, en funci\u00f3n de los costes de comprobaci\u00f3n y adecuaci\u00f3n de la mercanc\u00eda para su posterior puesta en venta.<\/p><p><strong><span style=\"color: #404040;\">\u2022 GARANT\u00cdA<\/span><\/strong><br \/>ENVASADORAS EGARVAC, S.L.U. se responsabilizar\u00e1 \u00fanicamente de los defectos de fabricaci\u00f3n, quedando excluidos el mal uso, ubicaci\u00f3n inapropiada, deficiencias de instalaci\u00f3n y la aplicaci\u00f3n de sistemas y\/o productos de limpieza inadecuados.<br \/>La garant\u00eda ser\u00e1 de 12 meses, \u00fanicamente de los componentes averiados por defecto de fabricaci\u00f3n.<br \/>Los materiales de reposici\u00f3n viajar\u00e1n siempre por cuenta y riesgo del comprador.<br \/>La garant\u00eda se responsabilizar\u00e1 de los materiales, no haci\u00e9ndose cargo en ning\u00fan caso, de la mano de obra de reparaci\u00f3n, de los desplazamientos y de ning\u00fan tipo de indemnizaci\u00f3n.<br \/>Las bombas de vac\u00edo instaladas en todas nuestras envasadoras, tienen la garant\u00eda del fabricante, que se incluye en la documentaci\u00f3n que se entrega adjunta en las m\u00e1quinas.<\/p><p><strong><span style=\"color: #404040;\">\u2022 CONDICIONES DE PAGO<\/span><\/strong><br \/>En modelos especiales, se abonar\u00e1 un 30% a la aceptaci\u00f3n del pedido.<br \/>Las facturas de importe inferior a 150,00 \u20ac, se abonar\u00e1n al contado mediante recibo domiciliado a la vista.<br \/>Los pedidos de recambios deben ser de un valor m\u00ednimo de 50,00 \u20ac (el valor de las piezas), en caso contrario se cobrar\u00e1n 15,00 \u20ac en concepto de manipulaci\u00f3n.<\/p><p><strong><span style=\"color: #404040;\">\u2022 RESERVA DE DOMINIO<\/span><\/strong><br \/>La mercanc\u00eda es propiedad de ENVASADORAS EGARVAC, S.L.U., hasta el pago total de la misma por el cliente, teniendo ENVASADORAS EGARVAC, S.L.U. hasta ese momento reserva de dominio.<\/p>\t\t\t\t\t\t\t\t<\/div>\n\t\t\t\t<\/div>\n\t\t\t\t<\/div>\n\t\t\t\t<\/div>\n\t\t\t\t<\/div>\n\t\t\t\t<\/div>","protected":false},"excerpt":{"rendered":"<p>Condiciones generales de venta \u2022 PRECIOSLos precios no incluyen la instalaci\u00f3n ni la puesta en marcha.Los precios son en Euros y sin I.V.A. \u2022 PEDIDOSLos pedidos deber\u00e1n confirmarse por escrito o v\u00eda e-mail, indicando claramente el modelo de m\u00e1quina y las opciones elegidas.Los plazos de entrega, excepto casos espec\u00edficos, son dados aproximadamente, salvo posibles complicaciones [&hellip;]<\/p>\n","protected":false},"author":1,"featured_media":0,"parent":0,"menu_order":0,"comment_status":"closed","ping_status":"closed","template":"","meta":{"footnotes":""},"class_list":["post-129","page","type-page","status-publish","hentry"],"_links":{"self":[{"href":"https:\/\/www.egarvac.com\/en\/wp-json\/wp\/v2\/pages\/129","targetHints":{"allow":["GET"]}}],"collection":[{"href":"https:\/\/www.egarvac.com\/en\/wp-json\/wp\/v2\/pages"}],"about":[{"href":"https:\/\/www.egarvac.com\/en\/wp-json\/wp\/v2\/types\/page"}],"author":[{"embeddable":true,"href":"https:\/\/www.egarvac.com\/en\/wp-json\/wp\/v2\/users\/1"}],"replies":[{"embeddable":true,"href":"https:\/\/www.egarvac.com\/en\/wp-json\/wp\/v2\/comments?post=129"}],"version-history":[{"count":0,"href":"https:\/\/www.egarvac.com\/en\/wp-json\/wp\/v2\/pages\/129\/revisions"}],"wp:attachment":[{"href":"https:\/\/www.egarvac.com\/en\/wp-json\/wp\/v2\/media?parent=129"}],"curies":[{"name":"wp","href":"https:\/\/api.w.org\/{rel}","templated":true}]}}