{"id":133,"date":"2024-12-18T18:12:21","date_gmt":"2024-12-18T17:12:21","guid":{"rendered":"https:\/\/www.kevovac.es\/?page_id=133"},"modified":"2025-05-06T12:02:41","modified_gmt":"2025-05-06T10:02:41","slug":"funcionamiento-y-mantenimiento","status":"publish","type":"page","link":"https:\/\/www.egarvac.com\/en\/funcionamiento-y-mantenimiento\/","title":{"rendered":"Funcionamiento y mantenimiento"},"content":{"rendered":"<div data-elementor-type=\"wp-page\" data-elementor-id=\"133\" class=\"elementor elementor-133\" data-elementor-post-type=\"page\">\n\t\t\t\t<div class=\"elementor-element elementor-element-44d04eb e-flex e-con-boxed e-con e-parent\" data-id=\"44d04eb\" data-element_type=\"container\" data-e-type=\"container\">\n\t\t\t\t\t<div class=\"e-con-inner\">\n\t\t\t\t<div class=\"elementor-element elementor-element-40da11a elementor-widget elementor-widget-text-editor\" data-id=\"40da11a\" data-element_type=\"widget\" data-e-type=\"widget\" data-widget_type=\"text-editor.default\">\n\t\t\t\t<div class=\"elementor-widget-container\">\n\t\t\t\t\t\t\t\t\t<p><span style=\"color: #404040;\"><span style=\"caret-color: #404040;\"><span style=\"color: #404040;\">Funcionamiento y Mantenimiento<\/span><\/span><\/span><\/p>\t\t\t\t\t\t\t\t<\/div>\n\t\t\t\t<\/div>\n\t\t\t\t\t<\/div>\n\t\t\t\t<\/div>\n\t\t<div class=\"elementor-element elementor-element-b8229a5 e-con-full e-flex elementor-invisible e-con e-parent\" data-id=\"b8229a5\" data-element_type=\"container\" data-e-type=\"container\" data-settings=\"{&quot;animation&quot;:&quot;fadeIn&quot;}\">\n\t\t<div class=\"elementor-element elementor-element-52dd128 e-con-full e-flex e-con e-child\" data-id=\"52dd128\" data-element_type=\"container\" data-e-type=\"container\">\n\t\t\t\t<div class=\"elementor-element elementor-element-9852ced elementor-widget elementor-widget-heading\" data-id=\"9852ced\" data-element_type=\"widget\" data-e-type=\"widget\" data-widget_type=\"heading.default\">\n\t\t\t\t<div class=\"elementor-widget-container\">\n\t\t\t\t\t<h2 class=\"elementor-heading-title elementor-size-default\">Antes de empezar<\/h2>\t\t\t\t<\/div>\n\t\t\t\t<\/div>\n\t\t\t\t<div class=\"elementor-element elementor-element-55bcc70 elementor-widget elementor-widget-text-editor\" data-id=\"55bcc70\" data-element_type=\"widget\" data-e-type=\"widget\" data-widget_type=\"text-editor.default\">\n\t\t\t\t<div class=\"elementor-widget-container\">\n\t\t\t\t\t\t\t\t\t<p>El desempaquetado de nuestras m\u00e1quinas no puede ser m\u00e1s sencillo. Recupere ese destornillador y esos alicates que todos tenemos a mano:<\/p><p>\u2022 Haciendo ligeramente palanca con el destornillador, extraiga con los alicates las grapas que sujetan los laterales de la caja de protecci\u00f3n al pal\u00e9 de transporte.<\/p><p>\u2022 Luego, simplemente levante y retire la caja de cart\u00f3n.<\/p>\t\t\t\t\t\t\t\t<\/div>\n\t\t\t\t<\/div>\n\t\t\t\t<\/div>\n\t\t<div class=\"elementor-element elementor-element-276ca3f e-con-full e-flex e-con e-child\" data-id=\"276ca3f\" data-element_type=\"container\" data-e-type=\"container\">\n\t\t<div class=\"elementor-element elementor-element-5187d65 e-con-full e-flex e-con e-child\" data-id=\"5187d65\" data-element_type=\"container\" data-e-type=\"container\">\n\t\t<div class=\"elementor-element elementor-element-a39e0af e-con-full e-flex e-con e-child\" data-id=\"a39e0af\" data-element_type=\"container\" data-e-type=\"container\">\n\t\t\t\t<div class=\"elementor-element elementor-element-cdbcee0 elementor-widget elementor-widget-image\" data-id=\"cdbcee0\" data-element_type=\"widget\" data-e-type=\"widget\" data-widget_type=\"image.default\">\n\t\t\t\t<div class=\"elementor-widget-container\">\n\t\t\t\t\t\t\t\t\t\t\t\t\t\t\t<img fetchpriority=\"high\" decoding=\"async\" width=\"475\" height=\"364\" src=\"https:\/\/www.egarvac.com\/wp-content\/uploads\/2025\/03\/Para-desembalar-EGARVAC-01.svg\" class=\"attachment-large size-large wp-image-2478\" alt=\"Pasos detallados para el desembalaje e instalaci\u00f3n de la m\u00e1quina EGARVAC\" \/>\t\t\t\t\t\t\t\t\t\t\t\t\t\t\t<\/div>\n\t\t\t\t<\/div>\n\t\t\t\t<\/div>\n\t\t<div class=\"elementor-element elementor-element-fff67f5 e-con-full e-flex e-con e-child\" data-id=\"fff67f5\" data-element_type=\"container\" data-e-type=\"container\">\n\t\t\t\t<div class=\"elementor-element elementor-element-c4630a8 elementor-widget elementor-widget-image\" data-id=\"c4630a8\" data-element_type=\"widget\" data-e-type=\"widget\" data-widget_type=\"image.default\">\n\t\t\t\t<div class=\"elementor-widget-container\">\n\t\t\t\t\t\t\t\t\t\t\t\t\t\t\t<img decoding=\"async\" width=\"475\" height=\"363\" src=\"https:\/\/www.egarvac.com\/wp-content\/uploads\/2025\/03\/Para-desembalar-EGARVAC-02.svg\" class=\"attachment-large size-large wp-image-2482\" alt=\"Diagrama de desembalaje de m\u00e1quina EGARVAC\" \/>\t\t\t\t\t\t\t\t\t\t\t\t\t\t\t<\/div>\n\t\t\t\t<\/div>\n\t\t\t\t<\/div>\n\t\t\t\t<\/div>\n\t\t\t\t<\/div>\n\t\t\t\t<\/div>\n\t\t<div class=\"elementor-element elementor-element-93069cd e-con-full e-flex elementor-invisible e-con e-parent\" data-id=\"93069cd\" data-element_type=\"container\" data-e-type=\"container\" data-settings=\"{&quot;animation&quot;:&quot;fadeIn&quot;}\">\n\t\t<div class=\"elementor-element elementor-element-ca33d8d e-con-full e-flex e-con e-child\" data-id=\"ca33d8d\" data-element_type=\"container\" data-e-type=\"container\">\n\t\t\t\t<div class=\"elementor-element elementor-element-ba7e930 elementor-widget elementor-widget-heading\" data-id=\"ba7e930\" data-element_type=\"widget\" data-e-type=\"widget\" data-widget_type=\"heading.default\">\n\t\t\t\t<div class=\"elementor-widget-container\">\n\t\t\t\t\t<h2 class=\"elementor-heading-title elementor-size-default\">El kit GASTRO-VAC<\/h2>\t\t\t\t<\/div>\n\t\t\t\t<\/div>\n\t\t\t\t<div class=\"elementor-element elementor-element-05e3305 elementor-widget elementor-widget-text-editor\" data-id=\"05e3305\" data-element_type=\"widget\" data-e-type=\"widget\" data-widget_type=\"text-editor.default\">\n\t\t\t\t<div class=\"elementor-widget-container\">\n\t\t\t\t\t\t\t\t\t<p>Un accesorio interesante que viene como opci\u00f3n en varias de nuestras envasadoras, en algunas la pre-instalaci\u00f3n necesaria ya est\u00e1 hecha de serie y en otras se necesita la pre-instalaci\u00f3n + el accesorio. \u00datil para su uso con las cubetas normalizadas GASTRONORM.<\/p>\t\t\t\t\t\t\t\t<\/div>\n\t\t\t\t<\/div>\n\t\t\t\t<\/div>\n\t\t<div class=\"elementor-element elementor-element-d8cb0d8 e-con-full e-flex e-con e-child\" data-id=\"d8cb0d8\" data-element_type=\"container\" data-e-type=\"container\">\n\t\t<div class=\"elementor-element elementor-element-29c597a e-con-full e-flex e-con e-child\" data-id=\"29c597a\" data-element_type=\"container\" data-e-type=\"container\">\n\t\t<div class=\"elementor-element elementor-element-b7c01c8 e-con-full e-flex e-con e-child\" data-id=\"b7c01c8\" data-element_type=\"container\" data-e-type=\"container\">\n\t\t\t\t<div class=\"elementor-element elementor-element-296b985 elementor-widget elementor-widget-image\" data-id=\"296b985\" data-element_type=\"widget\" data-e-type=\"widget\" data-widget_type=\"image.default\">\n\t\t\t\t<div class=\"elementor-widget-container\">\n\t\t\t\t\t\t\t\t\t\t\t\t\t\t\t<img decoding=\"async\" width=\"475\" height=\"364\" src=\"https:\/\/www.egarvac.com\/wp-content\/uploads\/2025\/03\/Kit-Gastro-Vac-EGARVAC-01.jpg\" class=\"attachment-large size-large wp-image-2483\" alt=\"Kit Gastro-Vac EGARVAC, sistema para el envasado profesional con gas inerte y vac\u00edo, ideal para marinado y conservaci\u00f3n de alimentos\" srcset=\"https:\/\/www.egarvac.com\/wp-content\/uploads\/2025\/03\/Kit-Gastro-Vac-EGARVAC-01.jpg 475w, https:\/\/www.egarvac.com\/wp-content\/uploads\/2025\/03\/Kit-Gastro-Vac-EGARVAC-01-300x230.jpg 300w, https:\/\/www.egarvac.com\/wp-content\/uploads\/2025\/03\/Kit-Gastro-Vac-EGARVAC-01-48x37.jpg 48w\" sizes=\"(max-width: 475px) 100vw, 475px\" \/>\t\t\t\t\t\t\t\t\t\t\t\t\t\t\t<\/div>\n\t\t\t\t<\/div>\n\t\t\t\t<\/div>\n\t\t<div class=\"elementor-element elementor-element-707a249 e-con-full e-flex e-con e-child\" data-id=\"707a249\" data-element_type=\"container\" data-e-type=\"container\" data-settings=\"{&quot;background_background&quot;:&quot;classic&quot;}\">\n\t\t\t\t<div class=\"elementor-element elementor-element-25d0853 elementor-widget elementor-widget-video\" data-id=\"25d0853\" data-element_type=\"widget\" data-e-type=\"widget\" data-settings=\"{&quot;video_type&quot;:&quot;hosted&quot;,&quot;controls&quot;:&quot;yes&quot;}\" data-widget_type=\"video.default\">\n\t\t\t\t<div class=\"elementor-widget-container\">\n\t\t\t\t\t\t\t<div class=\"e-hosted-video elementor-wrapper elementor-open-inline\">\n\t\t\t\t\t<video class=\"elementor-video\" src=\"https:\/\/egarvac.com\/wp-content\/uploads\/2025\/04\/Web.mp4\" controls=\"\" preload=\"metadata\" controlslist=\"nodownload\"><\/video>\n\t\t\t\t<\/div>\n\t\t\t\t\t\t<\/div>\n\t\t\t\t<\/div>\n\t\t\t\t<\/div>\n\t\t\t\t<\/div>\n\t\t\t\t<\/div>\n\t\t\t\t<\/div>\n\t\t<div class=\"elementor-element elementor-element-c935b6b e-con-full e-flex elementor-invisible e-con e-parent\" data-id=\"c935b6b\" data-element_type=\"container\" data-e-type=\"container\" data-settings=\"{&quot;animation&quot;:&quot;fadeIn&quot;}\">\n\t\t<div class=\"elementor-element elementor-element-c668f01 e-con-full e-flex e-con e-child\" data-id=\"c668f01\" data-element_type=\"container\" data-e-type=\"container\">\n\t\t\t\t<div class=\"elementor-element elementor-element-5fc8ef6 elementor-widget elementor-widget-heading\" data-id=\"5fc8ef6\" data-element_type=\"widget\" data-e-type=\"widget\" data-widget_type=\"heading.default\">\n\t\t\t\t<div class=\"elementor-widget-container\">\n\t\t\t\t\t<h2 class=\"elementor-heading-title elementor-size-default\">Mantenimiento<br>Tranquilo, s\u00f3lo son dos tornillos<\/h2>\t\t\t\t<\/div>\n\t\t\t\t<\/div>\n\t\t\t\t<div class=\"elementor-element elementor-element-a345d7a elementor-widget elementor-widget-text-editor\" data-id=\"a345d7a\" data-element_type=\"widget\" data-e-type=\"widget\" data-widget_type=\"text-editor.default\">\n\t\t\t\t<div class=\"elementor-widget-container\">\n\t\t\t\t\t\t\t\t\tSi Usted es uno de los satisfechos usuarios de una de nuestras envasadoras de sobremesa equipadas con carrocer\u00eda basculante, ya sabe lo f\u00e1cil que es tenerlo todo a la vista para el mantenimiento necesario: se sacan dos tornillos (s\u00f3lo los que indican las etiquetas adheridas a la m\u00e1quina), se bascula la carrocer\u00eda y fin. Nada de engorrosos desmonta\/vuelve-a-montar.\t\t\t\t\t\t\t\t<\/div>\n\t\t\t\t<\/div>\n\t\t\t\t<\/div>\n\t\t<div class=\"elementor-element elementor-element-ad189ca e-con-full e-flex e-con e-child\" data-id=\"ad189ca\" data-element_type=\"container\" data-e-type=\"container\">\n\t\t<div class=\"elementor-element elementor-element-3a81b8a e-con-full e-flex e-con e-child\" data-id=\"3a81b8a\" data-element_type=\"container\" data-e-type=\"container\">\n\t\t<div class=\"elementor-element elementor-element-59c00bd e-con-full e-flex e-con e-child\" data-id=\"59c00bd\" data-element_type=\"container\" data-e-type=\"container\">\n\t\t\t\t<div class=\"elementor-element elementor-element-73a591e elementor-widget elementor-widget-image\" data-id=\"73a591e\" data-element_type=\"widget\" data-e-type=\"widget\" data-widget_type=\"image.default\">\n\t\t\t\t<div class=\"elementor-widget-container\">\n\t\t\t\t\t\t\t\t\t\t\t\t\t\t\t<img loading=\"lazy\" decoding=\"async\" width=\"474\" height=\"364\" src=\"https:\/\/www.egarvac.com\/wp-content\/uploads\/2025\/03\/Carroceria-basculante-EGARVAC-01.svg\" class=\"attachment-large size-large wp-image-2484\" alt=\"Gu\u00eda pr\u00e1ctica para el funcionamiento y mantenimiento de las envasadoras EGARVAC\" \/>\t\t\t\t\t\t\t\t\t\t\t\t\t\t\t<\/div>\n\t\t\t\t<\/div>\n\t\t\t\t<\/div>\n\t\t<div class=\"elementor-element elementor-element-627275a e-con-full e-flex e-con e-child\" data-id=\"627275a\" data-element_type=\"container\" data-e-type=\"container\">\n\t\t\t\t<div class=\"elementor-element elementor-element-5baf466 elementor-widget elementor-widget-image\" data-id=\"5baf466\" data-element_type=\"widget\" data-e-type=\"widget\" data-widget_type=\"image.default\">\n\t\t\t\t<div class=\"elementor-widget-container\">\n\t\t\t\t\t\t\t\t\t\t\t\t\t\t\t<img loading=\"lazy\" decoding=\"async\" width=\"475\" height=\"364\" src=\"https:\/\/www.egarvac.com\/wp-content\/uploads\/2025\/03\/Carroceria-basculante-EGARVAC-02.svg\" class=\"attachment-large size-large wp-image-2485\" alt=\"Ilustraci\u00f3n t\u00e9cnica de carrocer\u00eda basculante EGARVAC\" \/>\t\t\t\t\t\t\t\t\t\t\t\t\t\t\t<\/div>\n\t\t\t\t<\/div>\n\t\t\t\t<\/div>\n\t\t\t\t<\/div>\n\t\t\t\t<\/div>\n\t\t\t\t<\/div>\n\t\t\t\t<\/div>","protected":false},"excerpt":{"rendered":"<p>Funcionamiento y Mantenimiento Antes de empezar El desempaquetado de nuestras m\u00e1quinas no puede ser m\u00e1s sencillo. Recupere ese destornillador y esos alicates que todos tenemos a mano: \u2022 Haciendo ligeramente palanca con el destornillador, extraiga con los alicates las grapas que sujetan los laterales de la caja de protecci\u00f3n al pal\u00e9 de transporte. \u2022 Luego, [&hellip;]<\/p>\n","protected":false},"author":1,"featured_media":2484,"parent":0,"menu_order":0,"comment_status":"closed","ping_status":"closed","template":"","meta":{"footnotes":""},"class_list":["post-133","page","type-page","status-publish","has-post-thumbnail","hentry"],"_links":{"self":[{"href":"https:\/\/www.egarvac.com\/en\/wp-json\/wp\/v2\/pages\/133","targetHints":{"allow":["GET"]}}],"collection":[{"href":"https:\/\/www.egarvac.com\/en\/wp-json\/wp\/v2\/pages"}],"about":[{"href":"https:\/\/www.egarvac.com\/en\/wp-json\/wp\/v2\/types\/page"}],"author":[{"embeddable":true,"href":"https:\/\/www.egarvac.com\/en\/wp-json\/wp\/v2\/users\/1"}],"replies":[{"embeddable":true,"href":"https:\/\/www.egarvac.com\/en\/wp-json\/wp\/v2\/comments?post=133"}],"version-history":[{"count":0,"href":"https:\/\/www.egarvac.com\/en\/wp-json\/wp\/v2\/pages\/133\/revisions"}],"wp:featuredmedia":[{"embeddable":true,"href":"https:\/\/www.egarvac.com\/en\/wp-json\/wp\/v2\/media\/2484"}],"wp:attachment":[{"href":"https:\/\/www.egarvac.com\/en\/wp-json\/wp\/v2\/media?parent=133"}],"curies":[{"name":"wp","href":"https:\/\/api.w.org\/{rel}","templated":true}]}}