{"id":1627,"date":"2025-02-05T10:19:45","date_gmt":"2025-02-05T09:19:45","guid":{"rendered":"https:\/\/www.kevovac.es\/?page_id=1627"},"modified":"2025-05-06T12:16:59","modified_gmt":"2025-05-06T10:16:59","slug":"la-empresa-la-fabrica-y-datos-de-contacto","status":"publish","type":"page","link":"https:\/\/www.egarvac.com\/en\/la-empresa-la-fabrica-y-datos-de-contacto\/","title":{"rendered":"La empresa, la f\u00e1brica y datos de contacto"},"content":{"rendered":"<div data-elementor-type=\"wp-page\" data-elementor-id=\"1627\" class=\"elementor elementor-1627\" data-elementor-post-type=\"page\">\n\t\t\t\t<div class=\"elementor-element elementor-element-8164496 e-flex e-con-boxed e-con e-parent\" data-id=\"8164496\" data-element_type=\"container\" data-e-type=\"container\">\n\t\t\t\t\t<div class=\"e-con-inner\">\n\t\t\t\t<div class=\"elementor-element elementor-element-880de86 elementor-widget elementor-widget-text-editor\" data-id=\"880de86\" data-element_type=\"widget\" data-e-type=\"widget\" data-widget_type=\"text-editor.default\">\n\t\t\t\t<div class=\"elementor-widget-container\">\n\t\t\t\t\t\t\t\t\t<p><span style=\"color: #404040;\"><span style=\"caret-color: #404040;\"><span style=\"color: #404040;\">La empresa, la f\u00e1brica<\/span> <span style=\"color: #808080;\">y datos de contacto<\/span><\/span><\/span><\/p>\t\t\t\t\t\t\t\t<\/div>\n\t\t\t\t<\/div>\n\t\t\t\t\t<\/div>\n\t\t\t\t<\/div>\n\t\t<div class=\"elementor-element elementor-element-c86fa4f e-con-full e-flex elementor-invisible e-con e-parent\" data-id=\"c86fa4f\" data-element_type=\"container\" data-e-type=\"container\" data-settings=\"{&quot;animation&quot;:&quot;fadeIn&quot;}\">\n\t\t<div class=\"elementor-element elementor-element-b860fb5 e-con-full e-flex e-con e-child\" data-id=\"b860fb5\" data-element_type=\"container\" data-e-type=\"container\">\n\t\t\t\t<div class=\"elementor-element elementor-element-e98f439 elementor-widget elementor-widget-gallery\" data-id=\"e98f439\" data-element_type=\"widget\" data-e-type=\"widget\" data-settings=\"{&quot;gallery_layout&quot;:&quot;masonry&quot;,&quot;columns&quot;:2,&quot;lazyload&quot;:&quot;yes&quot;,&quot;columns_tablet&quot;:2,&quot;columns_mobile&quot;:1,&quot;gap&quot;:{&quot;unit&quot;:&quot;px&quot;,&quot;size&quot;:10,&quot;sizes&quot;:[]},&quot;gap_widescreen&quot;:{&quot;unit&quot;:&quot;px&quot;,&quot;size&quot;:&quot;&quot;,&quot;sizes&quot;:[]},&quot;gap_tablet&quot;:{&quot;unit&quot;:&quot;px&quot;,&quot;size&quot;:10,&quot;sizes&quot;:[]},&quot;gap_mobile&quot;:{&quot;unit&quot;:&quot;px&quot;,&quot;size&quot;:10,&quot;sizes&quot;:[]},&quot;link_to&quot;:&quot;file&quot;,&quot;overlay_background&quot;:&quot;yes&quot;,&quot;content_hover_animation&quot;:&quot;fade-in&quot;}\" data-widget_type=\"gallery.default\">\n\t\t\t\t<div class=\"elementor-widget-container\">\n\t\t\t\t\t\t\t<div class=\"elementor-gallery__container\">\n\t\t\t\t\t\t\t<a class=\"e-gallery-item elementor-gallery-item elementor-animated-content\" href=\"https:\/\/www.egarvac.com\/wp-content\/uploads\/2025\/04\/1101-EGARVAC-la-empresa.jpg\" data-elementor-open-lightbox=\"yes\" data-elementor-lightbox-slideshow=\"e98f439\" data-e-action-hash=\"#elementor-action%3Aaction%3Dlightbox%26settings%3DeyJpZCI6MjUwMCwidXJsIjoiaHR0cHM6XC9cL3d3dy5lZ2FydmFjLmNvbVwvd3AtY29udGVudFwvdXBsb2Fkc1wvMjAyNVwvMDRcLzExMDEtRUdBUlZBQy1sYS1lbXByZXNhLmpwZyIsInNsaWRlc2hvdyI6ImU5OGY0MzkifQ%3D%3D\">\n\t\t\t\t\t<div class=\"e-gallery-image elementor-gallery-item__image\" data-thumbnail=\"https:\/\/www.egarvac.com\/wp-content\/uploads\/2025\/04\/1101-EGARVAC-la-empresa.jpg\" data-width=\"335\" data-height=\"320\" aria-label=\"Envasadoras al vac\u00edo y termoselladoras profesionales: EGARVAC\" role=\"img\" ><\/div>\n\t\t\t\t\t\t\t\t\t\t\t<div class=\"elementor-gallery-item__overlay\"><\/div>\n\t\t\t\t\t\t\t\t\t\t\t\t\t\t<\/a>\n\t\t\t\t\t\t\t<a class=\"e-gallery-item elementor-gallery-item elementor-animated-content\" href=\"https:\/\/www.egarvac.com\/wp-content\/uploads\/2025\/04\/1102-EGARVAC-la-empresa.jpg\" data-elementor-open-lightbox=\"yes\" data-elementor-lightbox-slideshow=\"e98f439\" data-e-action-hash=\"#elementor-action%3Aaction%3Dlightbox%26settings%3DeyJpZCI6MjUwMSwidXJsIjoiaHR0cHM6XC9cL3d3dy5lZ2FydmFjLmNvbVwvd3AtY29udGVudFwvdXBsb2Fkc1wvMjAyNVwvMDRcLzExMDItRUdBUlZBQy1sYS1lbXByZXNhLmpwZyIsInNsaWRlc2hvdyI6ImU5OGY0MzkifQ%3D%3D\">\n\t\t\t\t\t<div class=\"e-gallery-image elementor-gallery-item__image\" data-thumbnail=\"https:\/\/www.egarvac.com\/wp-content\/uploads\/2025\/04\/1102-EGARVAC-la-empresa.jpg\" data-width=\"670\" data-height=\"320\" aria-label=\"Envasadoras EGARVAC\" role=\"img\" ><\/div>\n\t\t\t\t\t\t\t\t\t\t\t<div class=\"elementor-gallery-item__overlay\"><\/div>\n\t\t\t\t\t\t\t\t\t\t\t\t\t\t<\/a>\n\t\t\t\t\t\t\t<a class=\"e-gallery-item elementor-gallery-item elementor-animated-content\" href=\"https:\/\/www.egarvac.com\/wp-content\/uploads\/2025\/04\/1105-EGARVAC-la-empresa.jpg\" data-elementor-open-lightbox=\"yes\" data-elementor-lightbox-slideshow=\"e98f439\" data-e-action-hash=\"#elementor-action%3Aaction%3Dlightbox%26settings%3DeyJpZCI6MjUwNCwidXJsIjoiaHR0cHM6XC9cL3d3dy5lZ2FydmFjLmNvbVwvd3AtY29udGVudFwvdXBsb2Fkc1wvMjAyNVwvMDRcLzExMDUtRUdBUlZBQy1sYS1lbXByZXNhLmpwZyIsInNsaWRlc2hvdyI6ImU5OGY0MzkifQ%3D%3D\">\n\t\t\t\t\t<div class=\"e-gallery-image elementor-gallery-item__image\" data-thumbnail=\"https:\/\/www.egarvac.com\/wp-content\/uploads\/2025\/04\/1105-EGARVAC-la-empresa.jpg\" data-width=\"335\" data-height=\"320\" aria-label=\"EGARVAC: F\u00e1brica de envasadoras al vac\u00edo\" role=\"img\" ><\/div>\n\t\t\t\t\t\t\t\t\t\t\t<div class=\"elementor-gallery-item__overlay\"><\/div>\n\t\t\t\t\t\t\t\t\t\t\t\t\t\t<\/a>\n\t\t\t\t\t\t\t<a class=\"e-gallery-item elementor-gallery-item elementor-animated-content\" href=\"https:\/\/www.egarvac.com\/wp-content\/uploads\/2025\/04\/1103-EGARVAC-la-empresa.jpg\" data-elementor-open-lightbox=\"yes\" data-elementor-lightbox-slideshow=\"e98f439\" data-e-action-hash=\"#elementor-action%3Aaction%3Dlightbox%26settings%3DeyJpZCI6MjUwMiwidXJsIjoiaHR0cHM6XC9cL3d3dy5lZ2FydmFjLmNvbVwvd3AtY29udGVudFwvdXBsb2Fkc1wvMjAyNVwvMDRcLzExMDMtRUdBUlZBQy1sYS1lbXByZXNhLmpwZyIsInNsaWRlc2hvdyI6ImU5OGY0MzkifQ%3D%3D\">\n\t\t\t\t\t<div class=\"e-gallery-image elementor-gallery-item__image\" data-thumbnail=\"https:\/\/www.egarvac.com\/wp-content\/uploads\/2025\/04\/1103-EGARVAC-la-empresa.jpg\" data-width=\"685\" data-height=\"320\" aria-label=\"\u00c1rea de producci\u00f3n de EGARVAC con personal operando equipos industriales\" role=\"img\" ><\/div>\n\t\t\t\t\t\t\t\t\t\t\t<div class=\"elementor-gallery-item__overlay\"><\/div>\n\t\t\t\t\t\t\t\t\t\t\t\t\t\t<\/a>\n\t\t\t\t\t\t\t<a class=\"e-gallery-item elementor-gallery-item elementor-animated-content\" href=\"https:\/\/www.egarvac.com\/wp-content\/uploads\/2025\/04\/1104-EGARVAC-la-empresa.jpg\" data-elementor-open-lightbox=\"yes\" data-elementor-lightbox-slideshow=\"e98f439\" data-e-action-hash=\"#elementor-action%3Aaction%3Dlightbox%26settings%3DeyJpZCI6MjUwMywidXJsIjoiaHR0cHM6XC9cL3d3dy5lZ2FydmFjLmNvbVwvd3AtY29udGVudFwvdXBsb2Fkc1wvMjAyNVwvMDRcLzExMDQtRUdBUlZBQy1sYS1lbXByZXNhLmpwZyIsInNsaWRlc2hvdyI6ImU5OGY0MzkifQ%3D%3D\">\n\t\t\t\t\t<div class=\"e-gallery-image elementor-gallery-item__image\" data-thumbnail=\"https:\/\/www.egarvac.com\/wp-content\/uploads\/2025\/04\/1104-EGARVAC-la-empresa.jpg\" data-width=\"320\" data-height=\"320\" aria-label=\"Vista interior de la f\u00e1brica de EGARVAC\" role=\"img\" ><\/div>\n\t\t\t\t\t\t\t\t\t\t\t<div class=\"elementor-gallery-item__overlay\"><\/div>\n\t\t\t\t\t\t\t\t\t\t\t\t\t\t<\/a>\n\t\t\t\t\t\t\t<a class=\"e-gallery-item elementor-gallery-item elementor-animated-content\" href=\"https:\/\/www.egarvac.com\/wp-content\/uploads\/2025\/04\/1106-EGARVAC-la-empresa.jpg\" data-elementor-open-lightbox=\"yes\" data-elementor-lightbox-slideshow=\"e98f439\" data-e-action-hash=\"#elementor-action%3Aaction%3Dlightbox%26settings%3DeyJpZCI6MjUwNSwidXJsIjoiaHR0cHM6XC9cL3d3dy5lZ2FydmFjLmNvbVwvd3AtY29udGVudFwvdXBsb2Fkc1wvMjAyNVwvMDRcLzExMDYtRUdBUlZBQy1sYS1lbXByZXNhLmpwZyIsInNsaWRlc2hvdyI6ImU5OGY0MzkifQ%3D%3D\">\n\t\t\t\t\t<div class=\"e-gallery-image elementor-gallery-item__image\" data-thumbnail=\"https:\/\/www.egarvac.com\/wp-content\/uploads\/2025\/04\/1106-EGARVAC-la-empresa.jpg\" data-width=\"670\" data-height=\"320\" aria-label=\"Oficinas centrales de EGARVAC\" role=\"img\" ><\/div>\n\t\t\t\t\t\t\t\t\t\t\t<div class=\"elementor-gallery-item__overlay\"><\/div>\n\t\t\t\t\t\t\t\t\t\t\t\t\t\t<\/a>\n\t\t\t\t\t\t\t<a class=\"e-gallery-item elementor-gallery-item elementor-animated-content\" href=\"https:\/\/www.egarvac.com\/wp-content\/uploads\/2025\/04\/1108-EGARVAC-la-empresa.jpg\" data-elementor-open-lightbox=\"yes\" data-elementor-lightbox-slideshow=\"e98f439\" data-e-action-hash=\"#elementor-action%3Aaction%3Dlightbox%26settings%3DeyJpZCI6MjUwNywidXJsIjoiaHR0cHM6XC9cL3d3dy5lZ2FydmFjLmNvbVwvd3AtY29udGVudFwvdXBsb2Fkc1wvMjAyNVwvMDRcLzExMDgtRUdBUlZBQy1sYS1lbXByZXNhLmpwZyIsInNsaWRlc2hvdyI6ImU5OGY0MzkifQ%3D%3D\">\n\t\t\t\t\t<div class=\"e-gallery-image elementor-gallery-item__image\" data-thumbnail=\"https:\/\/www.egarvac.com\/wp-content\/uploads\/2025\/04\/1108-EGARVAC-la-empresa.jpg\" data-width=\"320\" data-height=\"670\" aria-label=\"Instalaciones de la empresa EGARVAC especializada en envasadoras al vac\u00edo industriales\" role=\"img\" ><\/div>\n\t\t\t\t\t\t\t\t\t\t\t<div class=\"elementor-gallery-item__overlay\"><\/div>\n\t\t\t\t\t\t\t\t\t\t\t\t\t\t<\/a>\n\t\t\t\t\t\t\t<a class=\"e-gallery-item elementor-gallery-item elementor-animated-content\" href=\"https:\/\/www.egarvac.com\/wp-content\/uploads\/2025\/04\/1107-EGARVAC-la-empresa.jpg\" data-elementor-open-lightbox=\"yes\" data-elementor-lightbox-slideshow=\"e98f439\" data-e-action-hash=\"#elementor-action%3Aaction%3Dlightbox%26settings%3DeyJpZCI6MjUwNiwidXJsIjoiaHR0cHM6XC9cL3d3dy5lZ2FydmFjLmNvbVwvd3AtY29udGVudFwvdXBsb2Fkc1wvMjAyNVwvMDRcLzExMDctRUdBUlZBQy1sYS1lbXByZXNhLmpwZyIsInNsaWRlc2hvdyI6ImU5OGY0MzkifQ%3D%3D\">\n\t\t\t\t\t<div class=\"e-gallery-image elementor-gallery-item__image\" data-thumbnail=\"https:\/\/www.egarvac.com\/wp-content\/uploads\/2025\/04\/1107-EGARVAC-la-empresa.jpg\" data-width=\"685\" data-height=\"320\" aria-label=\"Zona de producci\u00f3n de EGARVAC con maquinaria para envasado al vac\u00edo profesional\" role=\"img\" ><\/div>\n\t\t\t\t\t\t\t\t\t\t\t<div class=\"elementor-gallery-item__overlay\"><\/div>\n\t\t\t\t\t\t\t\t\t\t\t\t\t\t<\/a>\n\t\t\t\t\t\t\t<a class=\"e-gallery-item elementor-gallery-item elementor-animated-content\" href=\"https:\/\/www.egarvac.com\/wp-content\/uploads\/2025\/04\/1109-EGARVAC-la-empresa.jpg\" data-elementor-open-lightbox=\"yes\" data-elementor-lightbox-slideshow=\"e98f439\" data-e-action-hash=\"#elementor-action%3Aaction%3Dlightbox%26settings%3DeyJpZCI6MjUwOCwidXJsIjoiaHR0cHM6XC9cL3d3dy5lZ2FydmFjLmNvbVwvd3AtY29udGVudFwvdXBsb2Fkc1wvMjAyNVwvMDRcLzExMDktRUdBUlZBQy1sYS1lbXByZXNhLmpwZyIsInNsaWRlc2hvdyI6ImU5OGY0MzkifQ%3D%3D\">\n\t\t\t\t\t<div class=\"e-gallery-image elementor-gallery-item__image\" data-thumbnail=\"https:\/\/www.egarvac.com\/wp-content\/uploads\/2025\/04\/1109-EGARVAC-la-empresa.jpg\" data-width=\"685\" data-height=\"320\" aria-label=\"EGARVAC, empresa productora de envasadoras al vac\u00edo\" role=\"img\" ><\/div>\n\t\t\t\t\t\t\t\t\t\t\t<div class=\"elementor-gallery-item__overlay\"><\/div>\n\t\t\t\t\t\t\t\t\t\t\t\t\t\t<\/a>\n\t\t\t\t\t<\/div>\n\t\t\t\t\t<\/div>\n\t\t\t\t<\/div>\n\t\t\t\t<div class=\"elementor-element elementor-element-b708aa9 elementor-hidden-widescreen elementor-hidden-desktop elementor-hidden-tablet elementor-hidden-mobile elementor-widget elementor-widget-image\" data-id=\"b708aa9\" data-element_type=\"widget\" data-e-type=\"widget\" data-widget_type=\"image.default\">\n\t\t\t\t<div class=\"elementor-widget-container\">\n\t\t\t\t\t\t\t\t\t\t\t\t\t\t\t<img fetchpriority=\"high\" decoding=\"async\" width=\"800\" height=\"245\" src=\"https:\/\/www.egarvac.com\/wp-content\/uploads\/2025\/03\/1101-EGARVAC-La-empresa-La-fabrica-1024x314.jpg\" class=\"attachment-large size-large wp-image-2075\" alt=\"M\u00e1quinas fabricadas en las instalaciones de EGARVAC\" srcset=\"https:\/\/www.egarvac.com\/wp-content\/uploads\/2025\/03\/1101-EGARVAC-La-empresa-La-fabrica-1024x314.jpg 1024w, https:\/\/www.egarvac.com\/wp-content\/uploads\/2025\/03\/1101-EGARVAC-La-empresa-La-fabrica-300x92.jpg 300w, https:\/\/www.egarvac.com\/wp-content\/uploads\/2025\/03\/1101-EGARVAC-La-empresa-La-fabrica-768x236.jpg 768w, https:\/\/www.egarvac.com\/wp-content\/uploads\/2025\/03\/1101-EGARVAC-La-empresa-La-fabrica-1536x471.jpg 1536w, https:\/\/www.egarvac.com\/wp-content\/uploads\/2025\/03\/1101-EGARVAC-La-empresa-La-fabrica-48x15.jpg 48w, https:\/\/www.egarvac.com\/wp-content\/uploads\/2025\/03\/1101-EGARVAC-La-empresa-La-fabrica.jpg 1681w\" sizes=\"(max-width: 800px) 100vw, 800px\" \/>\t\t\t\t\t\t\t\t\t\t\t\t\t\t\t<\/div>\n\t\t\t\t<\/div>\n\t\t\t\t<div class=\"elementor-element elementor-element-95c22d6 elementor-hidden-widescreen elementor-hidden-desktop elementor-hidden-tablet elementor-hidden-mobile elementor-widget elementor-widget-image\" data-id=\"95c22d6\" data-element_type=\"widget\" data-e-type=\"widget\" data-widget_type=\"image.default\">\n\t\t\t\t<div class=\"elementor-widget-container\">\n\t\t\t\t\t\t\t\t\t\t\t\t\t\t\t<img decoding=\"async\" width=\"800\" height=\"246\" src=\"https:\/\/www.egarvac.com\/wp-content\/uploads\/2025\/03\/21101-EGARVAC-La-empresa-La-fabrica-1024x315.jpg\" class=\"attachment-large size-large wp-image-2076\" alt=\"Vista de la f\u00e1brica de EGARVAC\" srcset=\"https:\/\/www.egarvac.com\/wp-content\/uploads\/2025\/03\/21101-EGARVAC-La-empresa-La-fabrica-1024x315.jpg 1024w, https:\/\/www.egarvac.com\/wp-content\/uploads\/2025\/03\/21101-EGARVAC-La-empresa-La-fabrica-300x92.jpg 300w, https:\/\/www.egarvac.com\/wp-content\/uploads\/2025\/03\/21101-EGARVAC-La-empresa-La-fabrica-768x236.jpg 768w, https:\/\/www.egarvac.com\/wp-content\/uploads\/2025\/03\/21101-EGARVAC-La-empresa-La-fabrica-48x15.jpg 48w, https:\/\/www.egarvac.com\/wp-content\/uploads\/2025\/03\/21101-EGARVAC-La-empresa-La-fabrica.jpg 1278w\" sizes=\"(max-width: 800px) 100vw, 800px\" \/>\t\t\t\t\t\t\t\t\t\t\t\t\t\t\t<\/div>\n\t\t\t\t<\/div>\n\t\t\t\t<div class=\"elementor-element elementor-element-9f933e9 elementor-hidden-widescreen elementor-hidden-desktop elementor-hidden-tablet elementor-hidden-mobile elementor-widget elementor-widget-image\" data-id=\"9f933e9\" data-element_type=\"widget\" data-e-type=\"widget\" data-widget_type=\"image.default\">\n\t\t\t\t<div class=\"elementor-widget-container\">\n\t\t\t\t\t\t\t\t\t\t\t\t\t\t\t<img decoding=\"async\" width=\"800\" height=\"245\" src=\"https:\/\/www.egarvac.com\/wp-content\/uploads\/2025\/03\/31101-EGARVAC-La-empresa-La-fabrica-1024x314.jpg\" class=\"attachment-large size-large wp-image-2077\" alt=\"EGARVAC La empresa - Vista de las oficinas\" srcset=\"https:\/\/www.egarvac.com\/wp-content\/uploads\/2025\/03\/31101-EGARVAC-La-empresa-La-fabrica-1024x314.jpg 1024w, https:\/\/www.egarvac.com\/wp-content\/uploads\/2025\/03\/31101-EGARVAC-La-empresa-La-fabrica-300x92.jpg 300w, https:\/\/www.egarvac.com\/wp-content\/uploads\/2025\/03\/31101-EGARVAC-La-empresa-La-fabrica-768x236.jpg 768w, https:\/\/www.egarvac.com\/wp-content\/uploads\/2025\/03\/31101-EGARVAC-La-empresa-La-fabrica-48x15.jpg 48w, https:\/\/www.egarvac.com\/wp-content\/uploads\/2025\/03\/31101-EGARVAC-La-empresa-La-fabrica.jpg 1378w\" sizes=\"(max-width: 800px) 100vw, 800px\" \/>\t\t\t\t\t\t\t\t\t\t\t\t\t\t\t<\/div>\n\t\t\t\t<\/div>\n\t\t\t\t<div class=\"elementor-element elementor-element-1917b2c elementor-hidden-widescreen elementor-hidden-desktop elementor-hidden-tablet elementor-hidden-mobile elementor-widget elementor-widget-image\" data-id=\"1917b2c\" data-element_type=\"widget\" data-e-type=\"widget\" data-widget_type=\"image.default\">\n\t\t\t\t<div class=\"elementor-widget-container\">\n\t\t\t\t\t\t\t\t\t\t\t\t\t\t\t<img loading=\"lazy\" decoding=\"async\" width=\"800\" height=\"518\" src=\"https:\/\/www.egarvac.com\/wp-content\/uploads\/2025\/03\/41101-EGARVAC-La-empresa-La-fabrica-1024x663.jpg\" class=\"attachment-large size-large wp-image-2078\" alt=\"EGARVAC La empresa - Vista de la f\u00e1brica de producci\u00f3n de envasadoras y termoselladoras\" srcset=\"https:\/\/www.egarvac.com\/wp-content\/uploads\/2025\/03\/41101-EGARVAC-La-empresa-La-fabrica-1024x663.jpg 1024w, https:\/\/www.egarvac.com\/wp-content\/uploads\/2025\/03\/41101-EGARVAC-La-empresa-La-fabrica-300x194.jpg 300w, https:\/\/www.egarvac.com\/wp-content\/uploads\/2025\/03\/41101-EGARVAC-La-empresa-La-fabrica-768x497.jpg 768w, https:\/\/www.egarvac.com\/wp-content\/uploads\/2025\/03\/41101-EGARVAC-La-empresa-La-fabrica-48x31.jpg 48w, https:\/\/www.egarvac.com\/wp-content\/uploads\/2025\/03\/41101-EGARVAC-La-empresa-La-fabrica.jpg 1375w\" sizes=\"(max-width: 800px) 100vw, 800px\" \/>\t\t\t\t\t\t\t\t\t\t\t\t\t\t\t<\/div>\n\t\t\t\t<\/div>\n\t\t\t\t<\/div>\n\t\t<div class=\"elementor-element elementor-element-f13b384 e-con-full e-flex e-con e-child\" data-id=\"f13b384\" data-element_type=\"container\" data-e-type=\"container\">\n\t\t<div class=\"elementor-element elementor-element-1eb32d8 e-con-full e-flex e-con e-child\" data-id=\"1eb32d8\" data-element_type=\"container\" data-e-type=\"container\" data-settings=\"{&quot;background_background&quot;:&quot;classic&quot;}\">\n\t\t\t\t<div class=\"elementor-element elementor-element-52537b3 elementor-widget elementor-widget-text-editor\" data-id=\"52537b3\" data-element_type=\"widget\" data-e-type=\"widget\" data-widget_type=\"text-editor.default\">\n\t\t\t\t<div class=\"elementor-widget-container\">\n\t\t\t\t\t\t\t\t\t<p>Desde principios del a\u00f1o 1988 fabricando envasadoras, toda una vida. Envasadoras y termoselladoras pero al mismo tiempo sus accesorios y recambios, porque nuestras m\u00e1quinas tambi\u00e9n se personalizan y gastan sus elementos consumibles, para lo que aqu\u00ed estamos siempre, haciendo de respaldo seguro a cualquier necesidad.<\/p><p>Puede ver en estas p\u00e1ginas c\u00f3mo son nuestras m\u00e1quinas y con qu\u00e9 intenci\u00f3n est\u00e1n fabricadas, para deducir f\u00e1cilmente que conocemos bien lo que necesitan nuestros clientes y que tenemos tanto experiencia como voluntad para no fabricar nada que no les sea totalmente \u00fatil y rentable.<\/p><p>Dicen los que nos conocen, que con nuestra manera de hacer somos algo as\u00ed como \u201cel Ferrari de las envasadoras\u201d, pero no, eso ser\u00eda una arrogancia de lo m\u00e1s impropio y adem\u00e1s no es del todo cierto: nosotros no fabricamos m\u00e1quinas en color rojo.<\/p>\t\t\t\t\t\t\t\t<\/div>\n\t\t\t\t<\/div>\n\t\t\t\t<div class=\"elementor-element elementor-element-e519325 elementor-widget elementor-widget-image\" data-id=\"e519325\" data-element_type=\"widget\" data-e-type=\"widget\" data-widget_type=\"image.default\">\n\t\t\t\t<div class=\"elementor-widget-container\">\n\t\t\t\t\t\t\t\t\t\t\t\t\t\t\t<img loading=\"lazy\" decoding=\"async\" width=\"200\" height=\"132\" src=\"https:\/\/www.egarvac.com\/wp-content\/uploads\/2025\/02\/logo-egarvac-vert.svg\" class=\"attachment-large size-large wp-image-1660\" alt=\"Logo EGARVAC\" \/>\t\t\t\t\t\t\t\t\t\t\t\t\t\t\t<\/div>\n\t\t\t\t<\/div>\n\t\t\t\t<div class=\"elementor-element elementor-element-69d6554 elementor-widget elementor-widget-text-editor\" data-id=\"69d6554\" data-element_type=\"widget\" data-e-type=\"widget\" data-widget_type=\"text-editor.default\">\n\t\t\t\t<div class=\"elementor-widget-container\">\n\t\t\t\t\t\t\t\t\t<p><strong>ENVASADORAS EGARVAC<\/strong>, S.L.U.<br \/>Pol\u00edgono industrial Can Torrella<br \/>Ronda Shimizu, 2 &#8211; nave 7<br \/>ES 08233 <strong>VACARISSES<\/strong> (Barcelona) SPAIN<\/p><p>+34 <span style=\"color: #808080;\"><a style=\"color: #808080;\" href=\"tel:+34938281023\"><strong>93 828 10 23<\/strong><\/a><\/span><br \/><a href=\"mailto:info@egarvac.com\"><span style=\"color: #808080;\">info@egarvac.com<\/span><\/a><br \/>www.egarvac.com<\/p>\t\t\t\t\t\t\t\t<\/div>\n\t\t\t\t<\/div>\n\t\t\t\t<\/div>\n\t\t\t\t<\/div>\n\t\t\t\t<\/div>\n\t\t\t\t<\/div>","protected":false},"excerpt":{"rendered":"<p>La empresa, la f\u00e1brica y datos de contacto Desde principios del a\u00f1o 1988 fabricando envasadoras, toda una vida. Envasadoras y termoselladoras pero al mismo tiempo sus accesorios y recambios, porque nuestras m\u00e1quinas tambi\u00e9n se personalizan y gastan sus elementos consumibles, para lo que aqu\u00ed estamos siempre, haciendo de respaldo seguro a cualquier necesidad. Puede ver [&hellip;]<\/p>\n","protected":false},"author":1,"featured_media":2504,"parent":0,"menu_order":0,"comment_status":"closed","ping_status":"closed","template":"","meta":{"footnotes":""},"class_list":["post-1627","page","type-page","status-publish","has-post-thumbnail","hentry"],"_links":{"self":[{"href":"https:\/\/www.egarvac.com\/en\/wp-json\/wp\/v2\/pages\/1627","targetHints":{"allow":["GET"]}}],"collection":[{"href":"https:\/\/www.egarvac.com\/en\/wp-json\/wp\/v2\/pages"}],"about":[{"href":"https:\/\/www.egarvac.com\/en\/wp-json\/wp\/v2\/types\/page"}],"author":[{"embeddable":true,"href":"https:\/\/www.egarvac.com\/en\/wp-json\/wp\/v2\/users\/1"}],"replies":[{"embeddable":true,"href":"https:\/\/www.egarvac.com\/en\/wp-json\/wp\/v2\/comments?post=1627"}],"version-history":[{"count":0,"href":"https:\/\/www.egarvac.com\/en\/wp-json\/wp\/v2\/pages\/1627\/revisions"}],"wp:featuredmedia":[{"embeddable":true,"href":"https:\/\/www.egarvac.com\/en\/wp-json\/wp\/v2\/media\/2504"}],"wp:attachment":[{"href":"https:\/\/www.egarvac.com\/en\/wp-json\/wp\/v2\/media?parent=1627"}],"curies":[{"name":"wp","href":"https:\/\/api.w.org\/{rel}","templated":true}]}}