{"id":1689,"date":"2025-02-05T10:55:36","date_gmt":"2025-02-05T09:55:36","guid":{"rendered":"https:\/\/www.kevovac.es\/?page_id=1689"},"modified":"2025-05-06T10:25:11","modified_gmt":"2025-05-06T08:25:11","slug":"caracteristicas-generales","status":"publish","type":"page","link":"https:\/\/www.egarvac.com\/en\/caracteristicas-generales\/","title":{"rendered":"Caracter\u00edsticas generales"},"content":{"rendered":"<div data-elementor-type=\"wp-page\" data-elementor-id=\"1689\" class=\"elementor elementor-1689\" data-elementor-post-type=\"page\">\n\t\t\t\t<div class=\"elementor-element elementor-element-7be43db e-flex e-con-boxed e-con e-parent\" data-id=\"7be43db\" data-element_type=\"container\" data-e-type=\"container\">\n\t\t\t\t\t<div class=\"e-con-inner\">\n\t\t\t\t<div class=\"elementor-element elementor-element-9a60050 elementor-widget elementor-widget-text-editor\" data-id=\"9a60050\" data-element_type=\"widget\" data-e-type=\"widget\" data-widget_type=\"text-editor.default\">\n\t\t\t\t<div class=\"elementor-widget-container\">\n\t\t\t\t\t\t\t\t\t<p><span style=\"color: #404040;\"><span style=\"caret-color: #404040;\"><span style=\"color: #404040;\">CARACTER\u00cdSTICAS GENERALES:<\/span> <span style=\"color: #808080;\">as\u00ed son nuestros fabricados<\/span><\/span><\/span><\/p>\t\t\t\t\t\t\t\t<\/div>\n\t\t\t\t<\/div>\n\t\t\t\t\t<\/div>\n\t\t\t\t<\/div>\n\t\t<div class=\"elementor-element elementor-element-92b9a12 e-con-full e-flex elementor-invisible e-con e-parent\" data-id=\"92b9a12\" data-element_type=\"container\" data-e-type=\"container\" data-settings=\"{&quot;animation&quot;:&quot;fadeIn&quot;}\">\n\t\t<div class=\"elementor-element elementor-element-e2d89ba e-con-full e-flex e-con e-child\" data-id=\"e2d89ba\" data-element_type=\"container\" data-e-type=\"container\">\n\t\t<div class=\"elementor-element elementor-element-f60c1ad e-con-full e-flex e-con e-child\" data-id=\"f60c1ad\" data-element_type=\"container\" data-e-type=\"container\" data-settings=\"{&quot;background_background&quot;:&quot;classic&quot;}\">\n\t\t\t\t<div class=\"elementor-element elementor-element-2665266 elementor-widget elementor-widget-text-editor\" data-id=\"2665266\" data-element_type=\"widget\" data-e-type=\"widget\" data-widget_type=\"text-editor.default\">\n\t\t\t\t<div class=\"elementor-widget-container\">\n\t\t\t\t\t\t\t\t\t<p>\u2022 Dimensiones compactas para facilitar al m\u00e1ximo su uso, funcionamiento y posible movilidad.<\/p><p>\u2022 Funcionamiento extremadamente f\u00e1cil e intuitivo.<\/p><p>\u2022 Estructura general y cubetas de vac\u00edo en acero inoxidable.<\/p><p>\u2022 Tapas transparentes de robusto metacrilato termoformado, con bisagras de acero inoxidable (Serie KEVO) o de aluminio (Serie EGAR).<\/p><p>\u2022 Placas interiores de base para los productos, en polietileno de uso alimentario, con dise\u00f1o exclusivo para optimizar el vac\u00edo.<\/p><p>\u2022 Bombas de vac\u00edo de m\u00ednimo mantenimiento y m\u00e1xima durabilidad.<\/p><p>\u2022 Paneles de control electr\u00f3nicos (en los modelos indicados, adem\u00e1s con display digital) gobernados por tiempo o por sensor.<\/p><p>\u2022 Proceso SOFT-AIR para la creaci\u00f3n de atm\u00f3sfera progresiva.<\/p><p>\u2022 Entrada y regulaci\u00f3n de gas inerte.<\/p><p>\u2022 Sellado autom\u00e1tico de las bolsas por temperatura, mediante sistema exclusivo de soldadura, al alcanzar el tiempo o el nivel de vac\u00edo programados.<\/p><p>\u2022 Doble soldadura de sellado con mecanismo exclusivo mediante pistones y sin cables a la vista.<\/p><p>\u2022 Apertura autom\u00e1tica de las tapas, para asegurar la correcta y completa ejecuci\u00f3n de los ciclos.<\/p>\t\t\t\t\t\t\t\t<\/div>\n\t\t\t\t<\/div>\n\t\t\t\t<div class=\"elementor-element elementor-element-156d72d elementor-widget elementor-widget-text-editor\" data-id=\"156d72d\" data-element_type=\"widget\" data-e-type=\"widget\" data-widget_type=\"text-editor.default\">\n\t\t\t\t<div class=\"elementor-widget-container\">\n\t\t\t\t\t\t\t\t\t<p><span style=\"color: #404040;\"><strong>OPCIONES:<\/strong><\/span><\/p><p>\u2022 Panel digital de control por sensor para los modelos que no lo equipan de serie.<\/p><p>\u2022 Doble soldadura de sellado.<\/p><p>\u2022 Soldadura de sellado + corte de bolsa.<\/p><p>\u2022 Posibilidad de elecci\u00f3n de las barras de soldadura en tipo, n\u00famero y disposici\u00f3n.<\/p><p>\u2022 Instalaci\u00f3n + kit GASTRO-VAC.<\/p><p>\u2022 Kit GASTRO-VAC para las m\u00e1quinas ya equipadas con su instalaci\u00f3n.<\/p><p>\u2022 Bombas de vac\u00edo adaptadas a su necesidad concreta, moldes y troqueles personalizados para optimizar su trabajo, voltajes especiales&#8230;. cons\u00faltenos siempre.<\/p><p>IMPORTANTE:<br \/>No todos nuestros modelos pueden estar equipados con alguno de los elementos o funcionalidades aqu\u00ed expuestos. Consulte las especificaciones y equipamiento de cada una de las m\u00e1quinas en esta web y descargue sus fichas t\u00e9cnicas y cat\u00e1logos de publicidad.<\/p>\t\t\t\t\t\t\t\t<\/div>\n\t\t\t\t<\/div>\n\t\t\t\t<\/div>\n\t\t\t\t<\/div>\n\t\t<div class=\"elementor-element elementor-element-68be58c e-con-full e-flex e-con e-child\" data-id=\"68be58c\" data-element_type=\"container\" data-e-type=\"container\">\n\t\t\t\t<div class=\"elementor-element elementor-element-6d01d60 elementor-widget elementor-widget-gallery\" data-id=\"6d01d60\" data-element_type=\"widget\" data-e-type=\"widget\" data-settings=\"{&quot;gallery_layout&quot;:&quot;justified&quot;,&quot;ideal_row_height&quot;:{&quot;unit&quot;:&quot;px&quot;,&quot;size&quot;:310,&quot;sizes&quot;:[]},&quot;lazyload&quot;:&quot;yes&quot;,&quot;ideal_row_height_widescreen&quot;:{&quot;unit&quot;:&quot;px&quot;,&quot;size&quot;:&quot;&quot;,&quot;sizes&quot;:[]},&quot;ideal_row_height_tablet&quot;:{&quot;unit&quot;:&quot;px&quot;,&quot;size&quot;:150,&quot;sizes&quot;:[]},&quot;ideal_row_height_mobile&quot;:{&quot;unit&quot;:&quot;px&quot;,&quot;size&quot;:150,&quot;sizes&quot;:[]},&quot;gap&quot;:{&quot;unit&quot;:&quot;px&quot;,&quot;size&quot;:10,&quot;sizes&quot;:[]},&quot;gap_widescreen&quot;:{&quot;unit&quot;:&quot;px&quot;,&quot;size&quot;:&quot;&quot;,&quot;sizes&quot;:[]},&quot;gap_tablet&quot;:{&quot;unit&quot;:&quot;px&quot;,&quot;size&quot;:10,&quot;sizes&quot;:[]},&quot;gap_mobile&quot;:{&quot;unit&quot;:&quot;px&quot;,&quot;size&quot;:10,&quot;sizes&quot;:[]},&quot;link_to&quot;:&quot;file&quot;,&quot;overlay_background&quot;:&quot;yes&quot;,&quot;content_hover_animation&quot;:&quot;fade-in&quot;}\" data-widget_type=\"gallery.default\">\n\t\t\t\t<div class=\"elementor-widget-container\">\n\t\t\t\t\t\t\t<div class=\"elementor-gallery__container\">\n\t\t\t\t\t\t\t<a class=\"e-gallery-item elementor-gallery-item elementor-animated-content\" href=\"https:\/\/www.egarvac.com\/wp-content\/uploads\/2025\/02\/1001-Caracteristicas-generales-EGARVAC.jpg\" data-elementor-open-lightbox=\"yes\" data-elementor-lightbox-slideshow=\"6d01d60\" data-e-action-hash=\"#elementor-action%3Aaction%3Dlightbox%26settings%3DeyJpZCI6MTcwMCwidXJsIjoiaHR0cHM6XC9cL3d3dy5lZ2FydmFjLmNvbVwvd3AtY29udGVudFwvdXBsb2Fkc1wvMjAyNVwvMDJcLzEwMDEtQ2FyYWN0ZXJpc3RpY2FzLWdlbmVyYWxlcy1FR0FSVkFDLmpwZyIsInNsaWRlc2hvdyI6IjZkMDFkNjAifQ%3D%3D\">\n\t\t\t\t\t<div class=\"e-gallery-image elementor-gallery-item__image\" data-thumbnail=\"https:\/\/www.egarvac.com\/wp-content\/uploads\/2025\/02\/1001-Caracteristicas-generales-EGARVAC.jpg\" data-width=\"685\" data-height=\"320\" aria-label=\"M\u00e1quinas de envasado \u00b7 EGARVAC: envasadoras al vac\u00edo y termoselladoras\" role=\"img\" ><\/div>\n\t\t\t\t\t\t\t\t\t\t\t<div class=\"elementor-gallery-item__overlay\"><\/div>\n\t\t\t\t\t\t\t\t\t\t\t\t\t\t<\/a>\n\t\t\t\t\t\t\t<a class=\"e-gallery-item elementor-gallery-item elementor-animated-content\" href=\"https:\/\/www.egarvac.com\/wp-content\/uploads\/2025\/02\/1002-Caracteristicas-generales-EGARVAC.jpg\" data-elementor-open-lightbox=\"yes\" data-elementor-lightbox-slideshow=\"6d01d60\" data-e-action-hash=\"#elementor-action%3Aaction%3Dlightbox%26settings%3DeyJpZCI6MTcwMSwidXJsIjoiaHR0cHM6XC9cL3d3dy5lZ2FydmFjLmNvbVwvd3AtY29udGVudFwvdXBsb2Fkc1wvMjAyNVwvMDJcLzEwMDItQ2FyYWN0ZXJpc3RpY2FzLWdlbmVyYWxlcy1FR0FSVkFDLmpwZyIsInNsaWRlc2hvdyI6IjZkMDFkNjAifQ%3D%3D\">\n\t\t\t\t\t<div class=\"e-gallery-image elementor-gallery-item__image\" data-thumbnail=\"https:\/\/www.egarvac.com\/wp-content\/uploads\/2025\/02\/1002-Caracteristicas-generales-EGARVAC.jpg\" data-width=\"320\" data-height=\"320\" aria-label=\"Especificaciones generales y rendimiento de equipos EGARVAC\" role=\"img\" ><\/div>\n\t\t\t\t\t\t\t\t\t\t\t<div class=\"elementor-gallery-item__overlay\"><\/div>\n\t\t\t\t\t\t\t\t\t\t\t\t\t\t<\/a>\n\t\t\t\t\t\t\t<a class=\"e-gallery-item elementor-gallery-item elementor-animated-content\" href=\"https:\/\/www.egarvac.com\/wp-content\/uploads\/2025\/02\/1003-Caracteristicas-generales-EGARVAC.jpg\" data-elementor-open-lightbox=\"yes\" data-elementor-lightbox-slideshow=\"6d01d60\" data-e-action-hash=\"#elementor-action%3Aaction%3Dlightbox%26settings%3DeyJpZCI6MTcwMiwidXJsIjoiaHR0cHM6XC9cL3d3dy5lZ2FydmFjLmNvbVwvd3AtY29udGVudFwvdXBsb2Fkc1wvMjAyNVwvMDJcLzEwMDMtQ2FyYWN0ZXJpc3RpY2FzLWdlbmVyYWxlcy1FR0FSVkFDLmpwZyIsInNsaWRlc2hvdyI6IjZkMDFkNjAifQ%3D%3D\">\n\t\t\t\t\t<div class=\"e-gallery-image elementor-gallery-item__image\" data-thumbnail=\"https:\/\/www.egarvac.com\/wp-content\/uploads\/2025\/02\/1003-Caracteristicas-generales-EGARVAC.jpg\" data-width=\"335\" data-height=\"320\" aria-label=\"Detalles t\u00e9cnicos y funcionalidades de las m\u00e1quinas EGARVAC\" role=\"img\" ><\/div>\n\t\t\t\t\t\t\t\t\t\t\t<div class=\"elementor-gallery-item__overlay\"><\/div>\n\t\t\t\t\t\t\t\t\t\t\t\t\t\t<\/a>\n\t\t\t\t\t\t\t<a class=\"e-gallery-item elementor-gallery-item elementor-animated-content\" href=\"https:\/\/www.egarvac.com\/wp-content\/uploads\/2025\/02\/1004-Caracteristicas-generales-EGARVAC.jpg\" data-elementor-open-lightbox=\"yes\" data-elementor-lightbox-slideshow=\"6d01d60\" data-e-action-hash=\"#elementor-action%3Aaction%3Dlightbox%26settings%3DeyJpZCI6MTcwMywidXJsIjoiaHR0cHM6XC9cL3d3dy5lZ2FydmFjLmNvbVwvd3AtY29udGVudFwvdXBsb2Fkc1wvMjAyNVwvMDJcLzEwMDQtQ2FyYWN0ZXJpc3RpY2FzLWdlbmVyYWxlcy1FR0FSVkFDLmpwZyIsInNsaWRlc2hvdyI6IjZkMDFkNjAifQ%3D%3D\">\n\t\t\t\t\t<div class=\"e-gallery-image elementor-gallery-item__image\" data-thumbnail=\"https:\/\/www.egarvac.com\/wp-content\/uploads\/2025\/02\/1004-Caracteristicas-generales-EGARVAC.jpg\" data-width=\"670\" data-height=\"320\" aria-label=\"Especificaciones y propiedades generales de las envasadoras EGARVAC\" role=\"img\" ><\/div>\n\t\t\t\t\t\t\t\t\t\t\t<div class=\"elementor-gallery-item__overlay\"><\/div>\n\t\t\t\t\t\t\t\t\t\t\t\t\t\t<\/a>\n\t\t\t\t\t\t\t<a class=\"e-gallery-item elementor-gallery-item elementor-animated-content\" href=\"https:\/\/www.egarvac.com\/wp-content\/uploads\/2025\/02\/1005-Caracteristicas-generales-EGARVAC.jpg\" data-elementor-open-lightbox=\"yes\" data-elementor-lightbox-slideshow=\"6d01d60\" data-e-action-hash=\"#elementor-action%3Aaction%3Dlightbox%26settings%3DeyJpZCI6MTcwNCwidXJsIjoiaHR0cHM6XC9cL3d3dy5lZ2FydmFjLmNvbVwvd3AtY29udGVudFwvdXBsb2Fkc1wvMjAyNVwvMDJcLzEwMDUtQ2FyYWN0ZXJpc3RpY2FzLWdlbmVyYWxlcy1FR0FSVkFDLmpwZyIsInNsaWRlc2hvdyI6IjZkMDFkNjAifQ%3D%3D\">\n\t\t\t\t\t<div class=\"e-gallery-image elementor-gallery-item__image\" data-thumbnail=\"https:\/\/www.egarvac.com\/wp-content\/uploads\/2025\/02\/1005-Caracteristicas-generales-EGARVAC.jpg\" data-width=\"320\" data-height=\"320\" aria-label=\"Detalles t\u00e9cnicos y caracter\u00edsticas de las envasadoras EGARVAC\" role=\"img\" ><\/div>\n\t\t\t\t\t\t\t\t\t\t\t<div class=\"elementor-gallery-item__overlay\"><\/div>\n\t\t\t\t\t\t\t\t\t\t\t\t\t\t<\/a>\n\t\t\t\t\t\t\t<a class=\"e-gallery-item elementor-gallery-item elementor-animated-content\" href=\"https:\/\/www.egarvac.com\/wp-content\/uploads\/2025\/03\/1006-Caracteristicas-generales-EGARVAC.jpg\" data-elementor-open-lightbox=\"yes\" data-elementor-lightbox-slideshow=\"6d01d60\" data-e-action-hash=\"#elementor-action%3Aaction%3Dlightbox%26settings%3DeyJpZCI6MjMxOSwidXJsIjoiaHR0cHM6XC9cL3d3dy5lZ2FydmFjLmNvbVwvd3AtY29udGVudFwvdXBsb2Fkc1wvMjAyNVwvMDNcLzEwMDYtQ2FyYWN0ZXJpc3RpY2FzLWdlbmVyYWxlcy1FR0FSVkFDLmpwZyIsInNsaWRlc2hvdyI6IjZkMDFkNjAifQ%3D%3D\">\n\t\t\t\t\t<div class=\"e-gallery-image elementor-gallery-item__image\" data-thumbnail=\"https:\/\/www.egarvac.com\/wp-content\/uploads\/2025\/03\/1006-Caracteristicas-generales-EGARVAC.jpg\" data-width=\"500\" data-height=\"495\" aria-label=\"Caracter\u00edsticas generales de las envasadoras EGARVAC, calidad, versatilidad y fiabilidad en el envasado al vac\u00edo\" role=\"img\" ><\/div>\n\t\t\t\t\t\t\t\t\t\t\t<div class=\"elementor-gallery-item__overlay\"><\/div>\n\t\t\t\t\t\t\t\t\t\t\t\t\t\t<\/a>\n\t\t\t\t\t\t\t<a class=\"e-gallery-item elementor-gallery-item elementor-animated-content\" href=\"https:\/\/www.egarvac.com\/wp-content\/uploads\/2025\/02\/1007-Caracteristicas-generales-EGARVAC.jpg\" data-elementor-open-lightbox=\"yes\" data-elementor-lightbox-slideshow=\"6d01d60\" data-e-action-hash=\"#elementor-action%3Aaction%3Dlightbox%26settings%3DeyJpZCI6MTcwNiwidXJsIjoiaHR0cHM6XC9cL3d3dy5lZ2FydmFjLmNvbVwvd3AtY29udGVudFwvdXBsb2Fkc1wvMjAyNVwvMDJcLzEwMDctQ2FyYWN0ZXJpc3RpY2FzLWdlbmVyYWxlcy1FR0FSVkFDLmpwZyIsInNsaWRlc2hvdyI6IjZkMDFkNjAifQ%3D%3D\">\n\t\t\t\t\t<div class=\"e-gallery-image elementor-gallery-item__image\" data-thumbnail=\"https:\/\/www.egarvac.com\/wp-content\/uploads\/2025\/02\/1007-Caracteristicas-generales-EGARVAC.jpg\" data-width=\"335\" data-height=\"320\" aria-label=\"Caracter\u00edsticas generales de las envasadoras EGARVAC\" role=\"img\" ><\/div>\n\t\t\t\t\t\t\t\t\t\t\t<div class=\"elementor-gallery-item__overlay\"><\/div>\n\t\t\t\t\t\t\t\t\t\t\t\t\t\t<\/a>\n\t\t\t\t\t\t\t<a class=\"e-gallery-item elementor-gallery-item elementor-animated-content\" href=\"https:\/\/www.egarvac.com\/wp-content\/uploads\/2025\/02\/1008-Caracteristicas-generales-EGARVAC.jpg\" data-elementor-open-lightbox=\"yes\" data-elementor-lightbox-slideshow=\"6d01d60\" data-e-action-hash=\"#elementor-action%3Aaction%3Dlightbox%26settings%3DeyJpZCI6MTcwNywidXJsIjoiaHR0cHM6XC9cL3d3dy5lZ2FydmFjLmNvbVwvd3AtY29udGVudFwvdXBsb2Fkc1wvMjAyNVwvMDJcLzEwMDgtQ2FyYWN0ZXJpc3RpY2FzLWdlbmVyYWxlcy1FR0FSVkFDLmpwZyIsInNsaWRlc2hvdyI6IjZkMDFkNjAifQ%3D%3D\">\n\t\t\t\t\t<div class=\"e-gallery-image elementor-gallery-item__image\" data-thumbnail=\"https:\/\/www.egarvac.com\/wp-content\/uploads\/2025\/02\/1008-Caracteristicas-generales-EGARVAC.jpg\" data-width=\"320\" data-height=\"320\" aria-label=\"Caracter\u00edsticas principales de las envasadoras EGARVAC\" role=\"img\" ><\/div>\n\t\t\t\t\t\t\t\t\t\t\t<div class=\"elementor-gallery-item__overlay\"><\/div>\n\t\t\t\t\t\t\t\t\t\t\t\t\t\t<\/a>\n\t\t\t\t\t\t\t<a class=\"e-gallery-item elementor-gallery-item elementor-animated-content\" href=\"https:\/\/www.egarvac.com\/wp-content\/uploads\/2025\/02\/1009-Caracteristicas-generales-EGARVAC.jpg\" data-elementor-open-lightbox=\"yes\" data-elementor-lightbox-slideshow=\"6d01d60\" data-e-action-hash=\"#elementor-action%3Aaction%3Dlightbox%26settings%3DeyJpZCI6MTcwOCwidXJsIjoiaHR0cHM6XC9cL3d3dy5lZ2FydmFjLmNvbVwvd3AtY29udGVudFwvdXBsb2Fkc1wvMjAyNVwvMDJcLzEwMDktQ2FyYWN0ZXJpc3RpY2FzLWdlbmVyYWxlcy1FR0FSVkFDLmpwZyIsInNsaWRlc2hvdyI6IjZkMDFkNjAifQ%3D%3D\">\n\t\t\t\t\t<div class=\"e-gallery-image elementor-gallery-item__image\" data-thumbnail=\"https:\/\/www.egarvac.com\/wp-content\/uploads\/2025\/02\/1009-Caracteristicas-generales-EGARVAC.jpg\" data-width=\"335\" data-height=\"320\" aria-label=\"Caracter\u00edsticas generales de las envasadoras\" role=\"img\" ><\/div>\n\t\t\t\t\t\t\t\t\t\t\t<div class=\"elementor-gallery-item__overlay\"><\/div>\n\t\t\t\t\t\t\t\t\t\t\t\t\t\t<\/a>\n\t\t\t\t\t\t\t<a class=\"e-gallery-item elementor-gallery-item elementor-animated-content\" href=\"https:\/\/www.egarvac.com\/wp-content\/uploads\/2025\/02\/1010-Caracteristicas-generales-EGARVAC.jpg\" data-elementor-open-lightbox=\"yes\" data-elementor-lightbox-slideshow=\"6d01d60\" data-e-action-hash=\"#elementor-action%3Aaction%3Dlightbox%26settings%3DeyJpZCI6MTcwOSwidXJsIjoiaHR0cHM6XC9cL3d3dy5lZ2FydmFjLmNvbVwvd3AtY29udGVudFwvdXBsb2Fkc1wvMjAyNVwvMDJcLzEwMTAtQ2FyYWN0ZXJpc3RpY2FzLWdlbmVyYWxlcy1FR0FSVkFDLmpwZyIsInNsaWRlc2hvdyI6IjZkMDFkNjAifQ%3D%3D\">\n\t\t\t\t\t<div class=\"e-gallery-image elementor-gallery-item__image\" data-thumbnail=\"https:\/\/www.egarvac.com\/wp-content\/uploads\/2025\/02\/1010-Caracteristicas-generales-EGARVAC.jpg\" data-width=\"320\" data-height=\"320\" aria-label=\"Caracter\u00edsticas generales de las envasadoras EGARVAC\" role=\"img\" ><\/div>\n\t\t\t\t\t\t\t\t\t\t\t<div class=\"elementor-gallery-item__overlay\"><\/div>\n\t\t\t\t\t\t\t\t\t\t\t\t\t\t<\/a>\n\t\t\t\t\t\t\t<a class=\"e-gallery-item elementor-gallery-item elementor-animated-content\" href=\"https:\/\/www.egarvac.com\/wp-content\/uploads\/2025\/02\/1011-Caracteristicas-generales-EGARVAC.jpg\" data-elementor-open-lightbox=\"yes\" data-elementor-lightbox-slideshow=\"6d01d60\" data-e-action-hash=\"#elementor-action%3Aaction%3Dlightbox%26settings%3DeyJpZCI6MTcxMCwidXJsIjoiaHR0cHM6XC9cL3d3dy5lZ2FydmFjLmNvbVwvd3AtY29udGVudFwvdXBsb2Fkc1wvMjAyNVwvMDJcLzEwMTEtQ2FyYWN0ZXJpc3RpY2FzLWdlbmVyYWxlcy1FR0FSVkFDLmpwZyIsInNsaWRlc2hvdyI6IjZkMDFkNjAifQ%3D%3D\">\n\t\t\t\t\t<div class=\"e-gallery-image elementor-gallery-item__image\" data-thumbnail=\"https:\/\/www.egarvac.com\/wp-content\/uploads\/2025\/02\/1011-Caracteristicas-generales-EGARVAC.jpg\" data-width=\"320\" data-height=\"320\" aria-label=\"Caracter\u00edsticas generales de las m\u00e1quinas EGARVAC\" role=\"img\" ><\/div>\n\t\t\t\t\t\t\t\t\t\t\t<div class=\"elementor-gallery-item__overlay\"><\/div>\n\t\t\t\t\t\t\t\t\t\t\t\t\t\t<\/a>\n\t\t\t\t\t\t\t<a class=\"e-gallery-item elementor-gallery-item elementor-animated-content\" href=\"https:\/\/www.egarvac.com\/wp-content\/uploads\/2025\/02\/1012-Caracteristicas-generales-EGARVAC.jpg\" data-elementor-open-lightbox=\"yes\" data-elementor-lightbox-slideshow=\"6d01d60\" data-e-action-hash=\"#elementor-action%3Aaction%3Dlightbox%26settings%3DeyJpZCI6MTcxMSwidXJsIjoiaHR0cHM6XC9cL3d3dy5lZ2FydmFjLmNvbVwvd3AtY29udGVudFwvdXBsb2Fkc1wvMjAyNVwvMDJcLzEwMTItQ2FyYWN0ZXJpc3RpY2FzLWdlbmVyYWxlcy1FR0FSVkFDLmpwZyIsInNsaWRlc2hvdyI6IjZkMDFkNjAifQ%3D%3D\">\n\t\t\t\t\t<div class=\"e-gallery-image elementor-gallery-item__image\" data-thumbnail=\"https:\/\/www.egarvac.com\/wp-content\/uploads\/2025\/02\/1012-Caracteristicas-generales-EGARVAC.jpg\" data-width=\"335\" data-height=\"320\" aria-label=\"Caracter\u00edsticas generales de las envasadoras y termoselladoras EGARVAC\" role=\"img\" ><\/div>\n\t\t\t\t\t\t\t\t\t\t\t<div class=\"elementor-gallery-item__overlay\"><\/div>\n\t\t\t\t\t\t\t\t\t\t\t\t\t\t<\/a>\n\t\t\t\t\t<\/div>\n\t\t\t\t\t<\/div>\n\t\t\t\t<\/div>\n\t\t\t\t<\/div>\n\t\t\t\t<\/div>\n\t\t\t\t<\/div>","protected":false},"excerpt":{"rendered":"<p>CARACTER\u00cdSTICAS GENERALES: as\u00ed son nuestros fabricados \u2022 Dimensiones compactas para facilitar al m\u00e1ximo su uso, funcionamiento y posible movilidad. \u2022 Funcionamiento extremadamente f\u00e1cil e intuitivo. \u2022 Estructura general y cubetas de vac\u00edo en acero inoxidable. \u2022 Tapas transparentes de robusto metacrilato termoformado, con bisagras de acero inoxidable (Serie KEVO) o de aluminio (Serie EGAR). \u2022 [&hellip;]<\/p>\n","protected":false},"author":1,"featured_media":1700,"parent":0,"menu_order":0,"comment_status":"closed","ping_status":"closed","template":"","meta":{"footnotes":""},"class_list":["post-1689","page","type-page","status-publish","has-post-thumbnail","hentry"],"_links":{"self":[{"href":"https:\/\/www.egarvac.com\/en\/wp-json\/wp\/v2\/pages\/1689","targetHints":{"allow":["GET"]}}],"collection":[{"href":"https:\/\/www.egarvac.com\/en\/wp-json\/wp\/v2\/pages"}],"about":[{"href":"https:\/\/www.egarvac.com\/en\/wp-json\/wp\/v2\/types\/page"}],"author":[{"embeddable":true,"href":"https:\/\/www.egarvac.com\/en\/wp-json\/wp\/v2\/users\/1"}],"replies":[{"embeddable":true,"href":"https:\/\/www.egarvac.com\/en\/wp-json\/wp\/v2\/comments?post=1689"}],"version-history":[{"count":0,"href":"https:\/\/www.egarvac.com\/en\/wp-json\/wp\/v2\/pages\/1689\/revisions"}],"wp:featuredmedia":[{"embeddable":true,"href":"https:\/\/www.egarvac.com\/en\/wp-json\/wp\/v2\/media\/1700"}],"wp:attachment":[{"href":"https:\/\/www.egarvac.com\/en\/wp-json\/wp\/v2\/media?parent=1689"}],"curies":[{"name":"wp","href":"https:\/\/api.w.org\/{rel}","templated":true}]}}