{"id":186,"date":"2025-01-07T12:48:15","date_gmt":"2025-01-07T11:48:15","guid":{"rendered":"https:\/\/www.kevovac.es\/?page_id=186"},"modified":"2025-05-06T11:59:52","modified_gmt":"2025-05-06T09:59:52","slug":"envasadoras-de-vacio-externo-de-sobremesa","status":"publish","type":"page","link":"https:\/\/www.egarvac.com\/en\/envasadoras-de-vacio-externo-de-sobremesa\/","title":{"rendered":"Envasadoras de vac\u00edo externo, de sobremesa"},"content":{"rendered":"<div data-elementor-type=\"wp-page\" data-elementor-id=\"186\" class=\"elementor elementor-186\" data-elementor-post-type=\"page\">\n\t\t\t\t<div class=\"elementor-element elementor-element-0024254 e-flex e-con-boxed e-con e-parent\" data-id=\"0024254\" data-element_type=\"container\" data-e-type=\"container\">\n\t\t\t\t\t<div class=\"e-con-inner\">\n\t\t\t\t<div class=\"elementor-element elementor-element-23d32dd elementor-widget elementor-widget-text-editor\" data-id=\"23d32dd\" data-element_type=\"widget\" data-e-type=\"widget\" data-widget_type=\"text-editor.default\">\n\t\t\t\t<div class=\"elementor-widget-container\">\n\t\t\t\t\t\t\t\t\t<p><span style=\"color: #808080;\">3A-<\/span> <span style=\"color: #404040;\">Envasadoras DE VAC\u00cdO EXTERNO<\/span>\u00a0&#8211; <span style=\"color: #808080;\"><em>Modelos DE SOBREMESA<\/em><\/span><\/p>\t\t\t\t\t\t\t\t<\/div>\n\t\t\t\t<\/div>\n\t\t\t\t\t<\/div>\n\t\t\t\t<\/div>\n\t\t<div class=\"elementor-element elementor-element-2966061 e-con-full e-flex elementor-invisible e-con e-parent\" data-id=\"2966061\" data-element_type=\"container\" data-e-type=\"container\" data-settings=\"{&quot;animation&quot;:&quot;fadeIn&quot;}\">\n\t\t<div class=\"elementor-element elementor-element-76ebdde e-con-full e-flex e-con e-child\" data-id=\"76ebdde\" data-element_type=\"container\" data-e-type=\"container\">\n\t\t\t\t<div class=\"elementor-element elementor-element-4cacb3b elementor-widget elementor-widget-button\" data-id=\"4cacb3b\" data-element_type=\"widget\" data-e-type=\"widget\" data-widget_type=\"button.default\">\n\t\t\t\t<div class=\"elementor-widget-container\">\n\t\t\t\t\t\t\t\t\t<div class=\"elementor-button-wrapper\">\n\t\t\t\t\t<a class=\"elementor-button elementor-button-link elementor-size-sm elementor-animation-grow\" href=\"https:\/\/www.egarvac.com\/en\/todas-las-envasadoras\/envasadoras-de-vacio-externo-de-sobremesa\/egar-020\/\" target=\"_blank\" rel=\"noopener\">\n\t\t\t\t\t\t<span class=\"elementor-button-content-wrapper\">\n\t\t\t\t\t\t<span class=\"elementor-button-icon\">\n\t\t\t\t<svg xmlns=\"http:\/\/www.w3.org\/2000\/svg\" id=\"Capa_1\" data-name=\"Capa 1\" viewbox=\"0 0 60.9 62.14\"><defs><style>      .cls-1 {        fill: #fff;      }    <\/style><\/defs><path class=\"cls-1\" d=\"M47.12,56.86c0,.48-.18.97-.55,1.34-.18.18-.4.33-.62.4-.23.11-.47.14-.71.14s-.48-.04-.71-.14c-.23-.07-.44-.21-.62-.4l-8.52-8.52c-1.95,1.41-4.36,2.25-6.95,2.25-6.54,0-11.87-5.33-11.87-11.87s5.32-11.87,11.87-11.87,11.87,5.32,11.87,11.87c0,2.59-.84,4.99-2.26,6.94l8.52,8.52c.37.37.55.85.55,1.33ZM28.44,49.28c5.08,0,9.21-4.13,9.21-9.21s-4.13-9.21-9.21-9.21-9.21,4.13-9.21,9.21,4.13,9.21,9.21,9.21ZM34.97,42.03h-4.57v4.57h-3.92v-4.57h-4.57v-3.92h4.57v-4.57h3.92v4.57h4.57v3.92ZM6.32,16.51h-3.88v-3.31h3.88v-4.58h3.76v4.58h4.2v3.31h-4.2v4.72h-3.76v-4.72ZM15.71,5.01h4.37v19.79h-4.37V5.01ZM21.8,5.01h3.08l4.06,9.53V5.01h3.62v19.79h-2.96l-4.06-10.26v10.26h-3.74V5.01ZM34.26,5.01h8.16v2.96h-3.79v4.98h2.87v3.05h-2.87v8.79h-4.37V5.01ZM43.89,23.45c-.91-1.1-1.37-2.72-1.37-4.88v-7.35c0-2.15.46-3.77,1.37-4.85.91-1.08,2.43-1.62,4.57-1.62s3.68.54,4.6,1.64c.92,1.09,1.38,2.7,1.38,4.84v7.35c0,2.15-.46,3.78-1.38,4.88-.92,1.1-2.46,1.65-4.6,1.65s-3.66-.55-4.57-1.65ZM49.68,21.37c.2-.41.29-.98.29-1.7v-9.53c0-.73-.1-1.3-.29-1.71-.2-.41-.6-.61-1.22-.61s-.98.21-1.17.62c-.2.41-.29.98-.29,1.7v9.53c0,.72.09,1.28.27,1.7.18.42.58.62,1.2.62s1.03-.21,1.22-.62Z\"><\/path><\/svg>\t\t\t<\/span>\n\t\t\t\t\t\t\t\t<\/span>\n\t\t\t\t\t<\/a>\n\t\t\t\t<\/div>\n\t\t\t\t\t\t\t\t<\/div>\n\t\t\t\t<\/div>\n\t\t\t\t<div class=\"elementor-element elementor-element-526b925 elementor-widget elementor-widget-image\" data-id=\"526b925\" data-element_type=\"widget\" data-e-type=\"widget\" data-widget_type=\"image.default\">\n\t\t\t\t<div class=\"elementor-widget-container\">\n\t\t\t\t\t\t\t\t\t\t\t\t\t\t\t<img fetchpriority=\"high\" decoding=\"async\" width=\"420\" height=\"360\" src=\"https:\/\/www.egarvac.com\/wp-content\/uploads\/2025\/01\/547-Envasadora-EGAR-020-EGARVAC.jpg\" class=\"attachment-large size-large wp-image-631\" alt=\"Envasadora EGAR-020 EGARVAC, equipo compacto de sobremesa para envasado al vac\u00edo\" srcset=\"https:\/\/www.egarvac.com\/wp-content\/uploads\/2025\/01\/547-Envasadora-EGAR-020-EGARVAC.jpg 420w, https:\/\/www.egarvac.com\/wp-content\/uploads\/2025\/01\/547-Envasadora-EGAR-020-EGARVAC-300x257.jpg 300w\" sizes=\"(max-width: 420px) 100vw, 420px\" \/>\t\t\t\t\t\t\t\t\t\t\t\t\t\t\t<\/div>\n\t\t\t\t<\/div>\n\t\t\t\t<\/div>\n\t\t<div class=\"elementor-element elementor-element-8ee2661 e-con-full e-flex e-con e-child\" data-id=\"8ee2661\" data-element_type=\"container\" data-e-type=\"container\">\n\t\t<div class=\"elementor-element elementor-element-573ac2a e-con-full e-flex e-con e-child\" data-id=\"573ac2a\" data-element_type=\"container\" data-e-type=\"container\" data-settings=\"{&quot;background_background&quot;:&quot;classic&quot;}\">\n\t\t\t\t<div class=\"elementor-element elementor-element-f83ff34 elementor-widget elementor-widget-text-editor\" data-id=\"f83ff34\" data-element_type=\"widget\" data-e-type=\"widget\" data-widget_type=\"text-editor.default\">\n\t\t\t\t<div class=\"elementor-widget-container\">\n\t\t\t\t\t\t\t\t\t<h2>EGAR-020<\/h2>\t\t\t\t\t\t\t\t<\/div>\n\t\t\t\t<\/div>\n\t\t\t\t<\/div>\n\t\t<div class=\"elementor-element elementor-element-ee7bb46 e-con-full e-flex e-con e-child\" data-id=\"ee7bb46\" data-element_type=\"container\" data-e-type=\"container\" data-settings=\"{&quot;background_background&quot;:&quot;classic&quot;}\">\n\t\t<div class=\"elementor-element elementor-element-f65dc63 e-con-full e-flex e-con e-child\" data-id=\"f65dc63\" data-element_type=\"container\" data-e-type=\"container\">\n\t\t\t\t<div class=\"elementor-element elementor-element-bd8249d elementor-widget elementor-widget-text-editor\" data-id=\"bd8249d\" data-element_type=\"widget\" data-e-type=\"widget\" data-widget_type=\"text-editor.default\">\n\t\t\t\t<div class=\"elementor-widget-container\">\n\t\t\t\t\t\t\t\t\t<p>Medidas exteriores: 385 x 254 x 125 mm<\/p>\t\t\t\t\t\t\t\t<\/div>\n\t\t\t\t<\/div>\n\t\t\t\t<div class=\"elementor-element elementor-element-76c1ab1 elementor-widget elementor-widget-text-editor\" data-id=\"76c1ab1\" data-element_type=\"widget\" data-e-type=\"widget\" data-widget_type=\"text-editor.default\">\n\t\t\t\t<div class=\"elementor-widget-container\">\n\t\t\t\t\t\t\t\t\t<p>Capacidad de la bomba: 20 l\/min<\/p>\t\t\t\t\t\t\t\t<\/div>\n\t\t\t\t<\/div>\n\t\t\t\t<div class=\"elementor-element elementor-element-c7d9db3 elementor-widget elementor-widget-text-editor\" data-id=\"c7d9db3\" data-element_type=\"widget\" data-e-type=\"widget\" data-widget_type=\"text-editor.default\">\n\t\t\t\t<div class=\"elementor-widget-container\">\n\t\t\t\t\t\t\t\t\t<p>Ancho de soldadura: 4 mm<\/p>\t\t\t\t\t\t\t\t<\/div>\n\t\t\t\t<\/div>\n\t\t\t\t<div class=\"elementor-element elementor-element-57ec959 elementor-widget elementor-widget-text-editor\" data-id=\"57ec959\" data-element_type=\"widget\" data-e-type=\"widget\" data-widget_type=\"text-editor.default\">\n\t\t\t\t<div class=\"elementor-widget-container\">\n\t\t\t\t\t\t\t\t\t<p>Longitud de soldadura: 300 mm<\/p>\t\t\t\t\t\t\t\t<\/div>\n\t\t\t\t<\/div>\n\t\t\t\t<div class=\"elementor-element elementor-element-a536b61 elementor-widget elementor-widget-text-editor\" data-id=\"a536b61\" data-element_type=\"widget\" data-e-type=\"widget\" data-widget_type=\"text-editor.default\">\n\t\t\t\t<div class=\"elementor-widget-container\">\n\t\t\t\t\t\t\t\t\t<p>Tensi\u00f3n: II &#8211; 230 V &#8211; 50\/60 Hz &#8211; 0,20 Kw<\/p>\t\t\t\t\t\t\t\t<\/div>\n\t\t\t\t<\/div>\n\t\t\t\t<\/div>\n\t\t<div class=\"elementor-element elementor-element-903ce30 e-con-full e-flex e-con e-child\" data-id=\"903ce30\" data-element_type=\"container\" data-e-type=\"container\">\n\t\t\t\t<\/div>\n\t\t\t\t<\/div>\n\t\t\t\t<\/div>\n\t\t\t\t<\/div>\n\t\t<div class=\"elementor-element elementor-element-e3870c5 e-con-full e-flex elementor-invisible e-con e-parent\" data-id=\"e3870c5\" data-element_type=\"container\" data-e-type=\"container\" data-settings=\"{&quot;animation&quot;:&quot;fadeIn&quot;}\">\n\t\t<div class=\"elementor-element elementor-element-6c093d2 e-con-full e-flex e-con e-child\" data-id=\"6c093d2\" data-element_type=\"container\" data-e-type=\"container\">\n\t\t\t\t<div class=\"elementor-element elementor-element-7615a4b elementor-widget elementor-widget-button\" data-id=\"7615a4b\" data-element_type=\"widget\" data-e-type=\"widget\" data-widget_type=\"button.default\">\n\t\t\t\t<div class=\"elementor-widget-container\">\n\t\t\t\t\t\t\t\t\t<div class=\"elementor-button-wrapper\">\n\t\t\t\t\t<a class=\"elementor-button elementor-button-link elementor-size-sm elementor-animation-grow\" href=\"https:\/\/www.egarvac.com\/en\/todas-las-envasadoras\/envasadoras-de-vacio-externo-de-sobremesa\/egar-040\/\" target=\"_blank\" rel=\"noopener\">\n\t\t\t\t\t\t<span class=\"elementor-button-content-wrapper\">\n\t\t\t\t\t\t<span class=\"elementor-button-icon\">\n\t\t\t\t<svg xmlns=\"http:\/\/www.w3.org\/2000\/svg\" id=\"Capa_1\" data-name=\"Capa 1\" viewbox=\"0 0 60.9 62.14\"><defs><style>      .cls-1 {        fill: #fff;      }    <\/style><\/defs><path class=\"cls-1\" d=\"M47.12,56.86c0,.48-.18.97-.55,1.34-.18.18-.4.33-.62.4-.23.11-.47.14-.71.14s-.48-.04-.71-.14c-.23-.07-.44-.21-.62-.4l-8.52-8.52c-1.95,1.41-4.36,2.25-6.95,2.25-6.54,0-11.87-5.33-11.87-11.87s5.32-11.87,11.87-11.87,11.87,5.32,11.87,11.87c0,2.59-.84,4.99-2.26,6.94l8.52,8.52c.37.37.55.85.55,1.33ZM28.44,49.28c5.08,0,9.21-4.13,9.21-9.21s-4.13-9.21-9.21-9.21-9.21,4.13-9.21,9.21,4.13,9.21,9.21,9.21ZM34.97,42.03h-4.57v4.57h-3.92v-4.57h-4.57v-3.92h4.57v-4.57h3.92v4.57h4.57v3.92ZM6.32,16.51h-3.88v-3.31h3.88v-4.58h3.76v4.58h4.2v3.31h-4.2v4.72h-3.76v-4.72ZM15.71,5.01h4.37v19.79h-4.37V5.01ZM21.8,5.01h3.08l4.06,9.53V5.01h3.62v19.79h-2.96l-4.06-10.26v10.26h-3.74V5.01ZM34.26,5.01h8.16v2.96h-3.79v4.98h2.87v3.05h-2.87v8.79h-4.37V5.01ZM43.89,23.45c-.91-1.1-1.37-2.72-1.37-4.88v-7.35c0-2.15.46-3.77,1.37-4.85.91-1.08,2.43-1.62,4.57-1.62s3.68.54,4.6,1.64c.92,1.09,1.38,2.7,1.38,4.84v7.35c0,2.15-.46,3.78-1.38,4.88-.92,1.1-2.46,1.65-4.6,1.65s-3.66-.55-4.57-1.65ZM49.68,21.37c.2-.41.29-.98.29-1.7v-9.53c0-.73-.1-1.3-.29-1.71-.2-.41-.6-.61-1.22-.61s-.98.21-1.17.62c-.2.41-.29.98-.29,1.7v9.53c0,.72.09,1.28.27,1.7.18.42.58.62,1.2.62s1.03-.21,1.22-.62Z\"><\/path><\/svg>\t\t\t<\/span>\n\t\t\t\t\t\t\t\t<\/span>\n\t\t\t\t\t<\/a>\n\t\t\t\t<\/div>\n\t\t\t\t\t\t\t\t<\/div>\n\t\t\t\t<\/div>\n\t\t\t\t<div class=\"elementor-element elementor-element-e573a19 elementor-widget elementor-widget-image\" data-id=\"e573a19\" data-element_type=\"widget\" data-e-type=\"widget\" data-widget_type=\"image.default\">\n\t\t\t\t<div class=\"elementor-widget-container\">\n\t\t\t\t\t\t\t\t\t\t\t\t\t\t\t<img decoding=\"async\" width=\"420\" height=\"360\" src=\"https:\/\/www.egarvac.com\/wp-content\/uploads\/2025\/01\/548-Envasadora-EGAR-040-EGARVAC.jpg\" class=\"attachment-large size-large wp-image-632\" alt=\"Envasadora EGAR-040 EGARVAC, m\u00e1quina robusta de sobremesa para envasado al vac\u00edo, dise\u00f1ada para procesos de sellado de alta calidad y eficiencia\" srcset=\"https:\/\/www.egarvac.com\/wp-content\/uploads\/2025\/01\/548-Envasadora-EGAR-040-EGARVAC.jpg 420w, https:\/\/www.egarvac.com\/wp-content\/uploads\/2025\/01\/548-Envasadora-EGAR-040-EGARVAC-300x257.jpg 300w\" sizes=\"(max-width: 420px) 100vw, 420px\" \/>\t\t\t\t\t\t\t\t\t\t\t\t\t\t\t<\/div>\n\t\t\t\t<\/div>\n\t\t\t\t<\/div>\n\t\t<div class=\"elementor-element elementor-element-12ff253 e-con-full e-flex e-con e-child\" data-id=\"12ff253\" data-element_type=\"container\" data-e-type=\"container\">\n\t\t<div class=\"elementor-element elementor-element-df574e1 e-con-full e-flex e-con e-child\" data-id=\"df574e1\" data-element_type=\"container\" data-e-type=\"container\" data-settings=\"{&quot;background_background&quot;:&quot;classic&quot;}\">\n\t\t\t\t<div class=\"elementor-element elementor-element-8b152d1 elementor-widget elementor-widget-text-editor\" data-id=\"8b152d1\" data-element_type=\"widget\" data-e-type=\"widget\" data-widget_type=\"text-editor.default\">\n\t\t\t\t<div class=\"elementor-widget-container\">\n\t\t\t\t\t\t\t\t\t<h2>EGAR-040<\/h2>\t\t\t\t\t\t\t\t<\/div>\n\t\t\t\t<\/div>\n\t\t\t\t<\/div>\n\t\t<div class=\"elementor-element elementor-element-a236e06 e-con-full e-flex e-con e-child\" data-id=\"a236e06\" data-element_type=\"container\" data-e-type=\"container\" data-settings=\"{&quot;background_background&quot;:&quot;classic&quot;}\">\n\t\t<div class=\"elementor-element elementor-element-8952170 e-con-full e-flex e-con e-child\" data-id=\"8952170\" data-element_type=\"container\" data-e-type=\"container\">\n\t\t\t\t<div class=\"elementor-element elementor-element-9767f7a elementor-widget elementor-widget-text-editor\" data-id=\"9767f7a\" data-element_type=\"widget\" data-e-type=\"widget\" data-widget_type=\"text-editor.default\">\n\t\t\t\t<div class=\"elementor-widget-container\">\n\t\t\t\t\t\t\t\t\t<p>Medidas exteriores: 485 x 254 x 125 mm<\/p>\t\t\t\t\t\t\t\t<\/div>\n\t\t\t\t<\/div>\n\t\t\t\t<div class=\"elementor-element elementor-element-3c1e4cb elementor-widget elementor-widget-text-editor\" data-id=\"3c1e4cb\" data-element_type=\"widget\" data-e-type=\"widget\" data-widget_type=\"text-editor.default\">\n\t\t\t\t<div class=\"elementor-widget-container\">\n\t\t\t\t\t\t\t\t\t<p>Capacidad de la bomba: 40 l\/min<\/p>\t\t\t\t\t\t\t\t<\/div>\n\t\t\t\t<\/div>\n\t\t\t\t<div class=\"elementor-element elementor-element-b829329 elementor-widget elementor-widget-text-editor\" data-id=\"b829329\" data-element_type=\"widget\" data-e-type=\"widget\" data-widget_type=\"text-editor.default\">\n\t\t\t\t<div class=\"elementor-widget-container\">\n\t\t\t\t\t\t\t\t\t<p>Ancho de soldadura: 4 mm<\/p>\t\t\t\t\t\t\t\t<\/div>\n\t\t\t\t<\/div>\n\t\t\t\t<div class=\"elementor-element elementor-element-1f5f882 elementor-widget elementor-widget-text-editor\" data-id=\"1f5f882\" data-element_type=\"widget\" data-e-type=\"widget\" data-widget_type=\"text-editor.default\">\n\t\t\t\t<div class=\"elementor-widget-container\">\n\t\t\t\t\t\t\t\t\t<p>Longitud de soldadura: 400 mm<\/p>\t\t\t\t\t\t\t\t<\/div>\n\t\t\t\t<\/div>\n\t\t\t\t<div class=\"elementor-element elementor-element-d8501af elementor-widget elementor-widget-text-editor\" data-id=\"d8501af\" data-element_type=\"widget\" data-e-type=\"widget\" data-widget_type=\"text-editor.default\">\n\t\t\t\t<div class=\"elementor-widget-container\">\n\t\t\t\t\t\t\t\t\t<p>Tensi\u00f3n: II &#8211; 230 V &#8211; 50\/60 Hz &#8211; 0,28 Kw<\/p>\t\t\t\t\t\t\t\t<\/div>\n\t\t\t\t<\/div>\n\t\t\t\t<\/div>\n\t\t<div class=\"elementor-element elementor-element-affe973 e-con-full e-flex e-con e-child\" data-id=\"affe973\" data-element_type=\"container\" data-e-type=\"container\">\n\t\t\t\t<\/div>\n\t\t\t\t<\/div>\n\t\t\t\t<\/div>\n\t\t\t\t<\/div>\n\t\t\t\t<\/div>","protected":false},"excerpt":{"rendered":"<p>3A- Envasadoras DE VAC\u00cdO EXTERNO\u00a0&#8211; Modelos DE SOBREMESA \u00a0 EGAR-020 Medidas exteriores: 385 x 254 x 125 mm Capacidad de la bomba: 20 l\/min Ancho de soldadura: 4 mm Longitud de soldadura: 300 mm Tensi\u00f3n: II &#8211; 230 V &#8211; 50\/60 Hz &#8211; 0,20 Kw \u00a0 EGAR-040 Medidas exteriores: 485 x 254 x 125 mm [&hellip;]<\/p>\n","protected":false},"author":1,"featured_media":1327,"parent":0,"menu_order":0,"comment_status":"closed","ping_status":"closed","template":"","meta":{"footnotes":""},"class_list":["post-186","page","type-page","status-publish","has-post-thumbnail","hentry"],"_links":{"self":[{"href":"https:\/\/www.egarvac.com\/en\/wp-json\/wp\/v2\/pages\/186","targetHints":{"allow":["GET"]}}],"collection":[{"href":"https:\/\/www.egarvac.com\/en\/wp-json\/wp\/v2\/pages"}],"about":[{"href":"https:\/\/www.egarvac.com\/en\/wp-json\/wp\/v2\/types\/page"}],"author":[{"embeddable":true,"href":"https:\/\/www.egarvac.com\/en\/wp-json\/wp\/v2\/users\/1"}],"replies":[{"embeddable":true,"href":"https:\/\/www.egarvac.com\/en\/wp-json\/wp\/v2\/comments?post=186"}],"version-history":[{"count":0,"href":"https:\/\/www.egarvac.com\/en\/wp-json\/wp\/v2\/pages\/186\/revisions"}],"wp:featuredmedia":[{"embeddable":true,"href":"https:\/\/www.egarvac.com\/en\/wp-json\/wp\/v2\/media\/1327"}],"wp:attachment":[{"href":"https:\/\/www.egarvac.com\/en\/wp-json\/wp\/v2\/media?parent=186"}],"curies":[{"name":"wp","href":"https:\/\/api.w.org\/{rel}","templated":true}]}}