{"id":1949,"date":"2025-03-12T12:46:03","date_gmt":"2025-03-12T11:46:03","guid":{"rendered":"https:\/\/www.kevovac.es\/?page_id=1949"},"modified":"2025-05-06T11:15:02","modified_gmt":"2025-05-06T09:15:02","slug":"catalogos","status":"publish","type":"page","link":"https:\/\/www.egarvac.com\/en\/catalogos\/","title":{"rendered":"Cat\u00e1logos"},"content":{"rendered":"<div data-elementor-type=\"wp-page\" data-elementor-id=\"1949\" class=\"elementor elementor-1949\" data-elementor-post-type=\"page\">\n\t\t\t\t<div class=\"elementor-element elementor-element-ee2c5be e-flex e-con-boxed e-con e-parent\" data-id=\"ee2c5be\" data-element_type=\"container\" data-e-type=\"container\">\n\t\t\t\t\t<div class=\"e-con-inner\">\n\t\t\t\t<div class=\"elementor-element elementor-element-97d0710 elementor-widget elementor-widget-text-editor\" data-id=\"97d0710\" data-element_type=\"widget\" data-e-type=\"widget\" data-widget_type=\"text-editor.default\">\n\t\t\t\t<div class=\"elementor-widget-container\">\n\t\t\t\t\t\t\t\t\t<p><span style=\"color: #404040;\"><span style=\"caret-color: #404040;\"><span style=\"color: #404040;\">Cat\u00e1logos por tipos de m\u00e1quinas<\/span><\/span><\/span><\/p>\t\t\t\t\t\t\t\t<\/div>\n\t\t\t\t<\/div>\n\t\t\t\t\t<\/div>\n\t\t\t\t<\/div>\n\t\t<div class=\"elementor-element elementor-element-944f3b7 e-con-full e-flex elementor-invisible e-con e-parent\" data-id=\"944f3b7\" data-element_type=\"container\" data-e-type=\"container\" data-settings=\"{&quot;animation&quot;:&quot;fadeIn&quot;}\">\n\t\t<div class=\"elementor-element elementor-element-7be6721 e-con-full e-flex e-con e-child\" data-id=\"7be6721\" data-element_type=\"container\" data-e-type=\"container\">\n\t\t\t\t<div class=\"elementor-element elementor-element-8423bc9 elementor-widget elementor-widget-text-editor\" data-id=\"8423bc9\" data-element_type=\"widget\" data-e-type=\"widget\" data-widget_type=\"text-editor.default\">\n\t\t\t\t<div class=\"elementor-widget-container\">\n\t\t\t\t\t\t\t\t\t<p>Teniendo toda la informaci\u00f3n en un \u00fanico soporte, con los cat\u00e1logos de nuestras series de fabricados puede no s\u00f3lo conocer los detalles que le interesan para saber de qu\u00e9 manera se adaptan a sus necesidades, sino que adem\u00e1s podr\u00e1 establecer una comparativa \u2013de tama\u00f1o, de caracter\u00edsticas, de prestaciones&#8230;\u2013 entre cada una de las m\u00e1quinas.<\/p>\t\t\t\t\t\t\t\t<\/div>\n\t\t\t\t<\/div>\n\t\t\t\t<\/div>\n\t\t<div class=\"elementor-element elementor-element-279c660 e-con-full e-flex e-con e-child\" data-id=\"279c660\" data-element_type=\"container\" data-e-type=\"container\">\n\t\t<div class=\"elementor-element elementor-element-92a04ab e-con-full e-flex e-con e-child\" data-id=\"92a04ab\" data-element_type=\"container\" data-e-type=\"container\">\n\t\t\t\t<div class=\"elementor-element elementor-element-0f7b971 elementor-widget elementor-widget-image\" data-id=\"0f7b971\" data-element_type=\"widget\" data-e-type=\"widget\" data-widget_type=\"image.default\">\n\t\t\t\t<div class=\"elementor-widget-container\">\n\t\t\t\t\t\t\t\t\t\t\t\t\t\t\t<img fetchpriority=\"high\" decoding=\"async\" width=\"430\" height=\"608\" src=\"https:\/\/www.egarvac.com\/wp-content\/uploads\/2025\/03\/01-Envasadoras-de-campana-de-sobremesa-EGARVAC-1.jpg\" class=\"attachment-large size-large wp-image-2323\" alt=\"Envasadoras de campana de sobremesa EGARVAC, compactas y f\u00e1ciles de usar, ideales para peque\u00f1as producciones de envasado al vac\u00edo\" srcset=\"https:\/\/www.egarvac.com\/wp-content\/uploads\/2025\/03\/01-Envasadoras-de-campana-de-sobremesa-EGARVAC-1.jpg 430w, https:\/\/www.egarvac.com\/wp-content\/uploads\/2025\/03\/01-Envasadoras-de-campana-de-sobremesa-EGARVAC-1-212x300.jpg 212w, https:\/\/www.egarvac.com\/wp-content\/uploads\/2025\/03\/01-Envasadoras-de-campana-de-sobremesa-EGARVAC-1-48x68.jpg 48w\" sizes=\"(max-width: 430px) 100vw, 430px\" \/>\t\t\t\t\t\t\t\t\t\t\t\t\t\t\t<\/div>\n\t\t\t\t<\/div>\n\t\t\t\t<div class=\"elementor-element elementor-element-e66f668 elementor-mobile-align-justify elementor-widget elementor-widget-button\" data-id=\"e66f668\" data-element_type=\"widget\" data-e-type=\"widget\" data-widget_type=\"button.default\">\n\t\t\t\t<div class=\"elementor-widget-container\">\n\t\t\t\t\t\t\t\t\t<div class=\"elementor-button-wrapper\">\n\t\t\t\t\t<a class=\"elementor-button elementor-button-link elementor-size-sm\" href=\"https:\/\/egarvac.com\/wp-content\/uploads\/2025\/03\/01-Envasadoras-campana-Sobremesa-EGARVAC-1.pdf\" target=\"_blank\" rel=\"noopener\">\n\t\t\t\t\t\t<span class=\"elementor-button-content-wrapper\">\n\t\t\t\t\t\t\t\t\t<span class=\"elementor-button-text\">Envasadoras de campana, de sobremesa<\/span>\n\t\t\t\t\t<\/span>\n\t\t\t\t\t<\/a>\n\t\t\t\t<\/div>\n\t\t\t\t\t\t\t\t<\/div>\n\t\t\t\t<\/div>\n\t\t\t\t<\/div>\n\t\t<div class=\"elementor-element elementor-element-126433d e-con-full e-flex e-con e-child\" data-id=\"126433d\" data-element_type=\"container\" data-e-type=\"container\">\n\t\t\t\t<div class=\"elementor-element elementor-element-02d55eb elementor-widget elementor-widget-image\" data-id=\"02d55eb\" data-element_type=\"widget\" data-e-type=\"widget\" data-widget_type=\"image.default\">\n\t\t\t\t<div class=\"elementor-widget-container\">\n\t\t\t\t\t\t\t\t\t\t\t\t\t\t\t<img decoding=\"async\" width=\"430\" height=\"608\" src=\"https:\/\/www.egarvac.com\/wp-content\/uploads\/2025\/03\/02-Envasadoras-de-campana-de-pie-EGARVAC.jpg\" class=\"attachment-large size-large wp-image-2324\" alt=\"Envasadoras de campana de pie EGARVAC, para envasado al vac\u00edo eficiente y de alta capacidad, ideal para uso industrial\" srcset=\"https:\/\/www.egarvac.com\/wp-content\/uploads\/2025\/03\/02-Envasadoras-de-campana-de-pie-EGARVAC.jpg 430w, https:\/\/www.egarvac.com\/wp-content\/uploads\/2025\/03\/02-Envasadoras-de-campana-de-pie-EGARVAC-212x300.jpg 212w, https:\/\/www.egarvac.com\/wp-content\/uploads\/2025\/03\/02-Envasadoras-de-campana-de-pie-EGARVAC-48x68.jpg 48w\" sizes=\"(max-width: 430px) 100vw, 430px\" \/>\t\t\t\t\t\t\t\t\t\t\t\t\t\t\t<\/div>\n\t\t\t\t<\/div>\n\t\t\t\t<div class=\"elementor-element elementor-element-f6a2f64 elementor-mobile-align-justify elementor-align-justify elementor-widget elementor-widget-button\" data-id=\"f6a2f64\" data-element_type=\"widget\" data-e-type=\"widget\" data-widget_type=\"button.default\">\n\t\t\t\t<div class=\"elementor-widget-container\">\n\t\t\t\t\t\t\t\t\t<div class=\"elementor-button-wrapper\">\n\t\t\t\t\t<a class=\"elementor-button elementor-button-link elementor-size-sm\" href=\"https:\/\/egarvac.com\/wp-content\/uploads\/2025\/03\/02-Envasadoras-campana-Pie-EGARVAC-1.pdf\" target=\"_blank\" rel=\"noopener\">\n\t\t\t\t\t\t<span class=\"elementor-button-content-wrapper\">\n\t\t\t\t\t\t\t\t\t<span class=\"elementor-button-text\">Envasadoras de campana, de pie<\/span>\n\t\t\t\t\t<\/span>\n\t\t\t\t\t<\/a>\n\t\t\t\t<\/div>\n\t\t\t\t\t\t\t\t<\/div>\n\t\t\t\t<\/div>\n\t\t\t\t<\/div>\n\t\t<div class=\"elementor-element elementor-element-ad33d92 e-con-full e-flex e-con e-child\" data-id=\"ad33d92\" data-element_type=\"container\" data-e-type=\"container\">\n\t\t\t\t<div class=\"elementor-element elementor-element-3a1d523 elementor-widget elementor-widget-image\" data-id=\"3a1d523\" data-element_type=\"widget\" data-e-type=\"widget\" data-widget_type=\"image.default\">\n\t\t\t\t<div class=\"elementor-widget-container\">\n\t\t\t\t\t\t\t\t\t\t\t\t\t\t\t<img decoding=\"async\" width=\"430\" height=\"608\" src=\"https:\/\/www.egarvac.com\/wp-content\/uploads\/2025\/03\/03-Envasadoras-de-doble-campana-EGARVAC.jpg\" class=\"attachment-large size-large wp-image-2325\" alt=\"Cat\u00e1logos de m\u00e1quinas de envasado - Envasadoras al vac\u00edo de doble campana\" srcset=\"https:\/\/www.egarvac.com\/wp-content\/uploads\/2025\/03\/03-Envasadoras-de-doble-campana-EGARVAC.jpg 430w, https:\/\/www.egarvac.com\/wp-content\/uploads\/2025\/03\/03-Envasadoras-de-doble-campana-EGARVAC-212x300.jpg 212w, https:\/\/www.egarvac.com\/wp-content\/uploads\/2025\/03\/03-Envasadoras-de-doble-campana-EGARVAC-48x68.jpg 48w\" sizes=\"(max-width: 430px) 100vw, 430px\" \/>\t\t\t\t\t\t\t\t\t\t\t\t\t\t\t<\/div>\n\t\t\t\t<\/div>\n\t\t\t\t<div class=\"elementor-element elementor-element-b830cba elementor-mobile-align-justify elementor-align-justify elementor-widget elementor-widget-button\" data-id=\"b830cba\" data-element_type=\"widget\" data-e-type=\"widget\" data-widget_type=\"button.default\">\n\t\t\t\t<div class=\"elementor-widget-container\">\n\t\t\t\t\t\t\t\t\t<div class=\"elementor-button-wrapper\">\n\t\t\t\t\t<a class=\"elementor-button elementor-button-link elementor-size-sm\" href=\"https:\/\/egarvac.com\/wp-content\/uploads\/2025\/03\/03-Envasadoras-doble-campana-EGARVAC-1.pdf\" target=\"_blank\" rel=\"noopener\">\n\t\t\t\t\t\t<span class=\"elementor-button-content-wrapper\">\n\t\t\t\t\t\t\t\t\t<span class=\"elementor-button-text\">Envasadoras de doble campana<\/span>\n\t\t\t\t\t<\/span>\n\t\t\t\t\t<\/a>\n\t\t\t\t<\/div>\n\t\t\t\t\t\t\t\t<\/div>\n\t\t\t\t<\/div>\n\t\t\t\t<\/div>\n\t\t<div class=\"elementor-element elementor-element-6fc2679 e-con-full e-flex e-con e-child\" data-id=\"6fc2679\" data-element_type=\"container\" data-e-type=\"container\">\n\t\t\t\t<div class=\"elementor-element elementor-element-36385a2 elementor-widget elementor-widget-image\" data-id=\"36385a2\" data-element_type=\"widget\" data-e-type=\"widget\" data-widget_type=\"image.default\">\n\t\t\t\t<div class=\"elementor-widget-container\">\n\t\t\t\t\t\t\t\t\t\t\t\t\t\t\t<img loading=\"lazy\" decoding=\"async\" width=\"430\" height=\"608\" src=\"https:\/\/www.egarvac.com\/wp-content\/uploads\/2025\/03\/04-Envasadoras-de-vacio-externo-EGARVAC.jpg\" class=\"attachment-large size-large wp-image-2327\" alt=\"Envasadoras de vac\u00edo externo EGARVAC, modelos de sobremesa para aplicaciones profesionales y comerciales en conservaci\u00f3n de alimentos\" srcset=\"https:\/\/www.egarvac.com\/wp-content\/uploads\/2025\/03\/04-Envasadoras-de-vacio-externo-EGARVAC.jpg 430w, https:\/\/www.egarvac.com\/wp-content\/uploads\/2025\/03\/04-Envasadoras-de-vacio-externo-EGARVAC-212x300.jpg 212w, https:\/\/www.egarvac.com\/wp-content\/uploads\/2025\/03\/04-Envasadoras-de-vacio-externo-EGARVAC-48x68.jpg 48w\" sizes=\"(max-width: 430px) 100vw, 430px\" \/>\t\t\t\t\t\t\t\t\t\t\t\t\t\t\t<\/div>\n\t\t\t\t<\/div>\n\t\t\t\t<div class=\"elementor-element elementor-element-2733b2c elementor-mobile-align-justify elementor-align-justify elementor-widget elementor-widget-button\" data-id=\"2733b2c\" data-element_type=\"widget\" data-e-type=\"widget\" data-widget_type=\"button.default\">\n\t\t\t\t<div class=\"elementor-widget-container\">\n\t\t\t\t\t\t\t\t\t<div class=\"elementor-button-wrapper\">\n\t\t\t\t\t<a class=\"elementor-button elementor-button-link elementor-size-sm\" href=\"https:\/\/egarvac.com\/wp-content\/uploads\/2025\/03\/04-Envasadoras-vacio-externo-EGARVAC-1.pdf\" target=\"_blank\" rel=\"noopener\">\n\t\t\t\t\t\t<span class=\"elementor-button-content-wrapper\">\n\t\t\t\t\t\t\t\t\t<span class=\"elementor-button-text\">Envasadoras de vac\u00edo externo<\/span>\n\t\t\t\t\t<\/span>\n\t\t\t\t\t<\/a>\n\t\t\t\t<\/div>\n\t\t\t\t\t\t\t\t<\/div>\n\t\t\t\t<\/div>\n\t\t\t\t<\/div>\n\t\t\t\t<\/div>\n\t\t\t\t<\/div>\n\t\t<div class=\"elementor-element elementor-element-06d54d7 e-con-full e-flex elementor-invisible e-con e-parent\" data-id=\"06d54d7\" data-element_type=\"container\" data-e-type=\"container\" data-settings=\"{&quot;animation&quot;:&quot;fadeIn&quot;}\">\n\t\t<div class=\"elementor-element elementor-element-41a2fa7 e-con-full e-flex e-con e-child\" data-id=\"41a2fa7\" data-element_type=\"container\" data-e-type=\"container\">\n\t\t\t\t<\/div>\n\t\t<div class=\"elementor-element elementor-element-e5fa0e9 e-con-full e-flex e-con e-child\" data-id=\"e5fa0e9\" data-element_type=\"container\" data-e-type=\"container\">\n\t\t<div class=\"elementor-element elementor-element-50f766c e-con-full e-flex e-con e-child\" data-id=\"50f766c\" data-element_type=\"container\" data-e-type=\"container\">\n\t\t\t\t<div class=\"elementor-element elementor-element-030d502 elementor-widget elementor-widget-image\" data-id=\"030d502\" data-element_type=\"widget\" data-e-type=\"widget\" data-widget_type=\"image.default\">\n\t\t\t\t<div class=\"elementor-widget-container\">\n\t\t\t\t\t\t\t\t\t\t\t\t\t\t\t<img loading=\"lazy\" decoding=\"async\" width=\"430\" height=\"608\" src=\"https:\/\/www.egarvac.com\/wp-content\/uploads\/2025\/03\/05-Termoselladoras-con-vacio-y-gas-EGARVAC.jpg\" class=\"attachment-large size-large wp-image-2379\" alt=\"Termoselladoras EGARVAC con vac\u00edo y gas, ideales para envasado de barquetas con opciones personalizables de moldes y troqueles\" srcset=\"https:\/\/www.egarvac.com\/wp-content\/uploads\/2025\/03\/05-Termoselladoras-con-vacio-y-gas-EGARVAC.jpg 430w, https:\/\/www.egarvac.com\/wp-content\/uploads\/2025\/03\/05-Termoselladoras-con-vacio-y-gas-EGARVAC-212x300.jpg 212w, https:\/\/www.egarvac.com\/wp-content\/uploads\/2025\/03\/05-Termoselladoras-con-vacio-y-gas-EGARVAC-48x68.jpg 48w\" sizes=\"(max-width: 430px) 100vw, 430px\" \/>\t\t\t\t\t\t\t\t\t\t\t\t\t\t\t<\/div>\n\t\t\t\t<\/div>\n\t\t\t\t<div class=\"elementor-element elementor-element-9664491 elementor-mobile-align-justify elementor-align-justify elementor-widget elementor-widget-button\" data-id=\"9664491\" data-element_type=\"widget\" data-e-type=\"widget\" data-widget_type=\"button.default\">\n\t\t\t\t<div class=\"elementor-widget-container\">\n\t\t\t\t\t\t\t\t\t<div class=\"elementor-button-wrapper\">\n\t\t\t\t\t<a class=\"elementor-button elementor-button-link elementor-size-sm\" href=\"https:\/\/egarvac.com\/wp-content\/uploads\/2025\/03\/05-Termoselladoras-vacio-y-gas-EGARVAC-1.pdf\" target=\"_blank\" rel=\"noopener\">\n\t\t\t\t\t\t<span class=\"elementor-button-content-wrapper\">\n\t\t\t\t\t\t\t\t\t<span class=\"elementor-button-text\">Termoselladoras con vac\u00edo y gas<\/span>\n\t\t\t\t\t<\/span>\n\t\t\t\t\t<\/a>\n\t\t\t\t<\/div>\n\t\t\t\t\t\t\t\t<\/div>\n\t\t\t\t<\/div>\n\t\t\t\t<\/div>\n\t\t<div class=\"elementor-element elementor-element-a6878ae e-con-full e-flex e-con e-child\" data-id=\"a6878ae\" data-element_type=\"container\" data-e-type=\"container\">\n\t\t\t\t<div class=\"elementor-element elementor-element-49ba43b elementor-widget elementor-widget-image\" data-id=\"49ba43b\" data-element_type=\"widget\" data-e-type=\"widget\" data-widget_type=\"image.default\">\n\t\t\t\t<div class=\"elementor-widget-container\">\n\t\t\t\t\t\t\t\t\t\t\t\t\t\t\t<img loading=\"lazy\" decoding=\"async\" width=\"430\" height=\"609\" src=\"https:\/\/www.egarvac.com\/wp-content\/uploads\/2025\/03\/06-Termoselladoras-de-barquetas-EGARVAC.jpg\" class=\"attachment-large size-large wp-image-2383\" alt=\"Termoselladoras de barquetas EGARVAC, modelos con vac\u00edo y gas, para envasado profesional en diversos tama\u00f1os y opciones personalizables\" srcset=\"https:\/\/www.egarvac.com\/wp-content\/uploads\/2025\/03\/06-Termoselladoras-de-barquetas-EGARVAC.jpg 430w, https:\/\/www.egarvac.com\/wp-content\/uploads\/2025\/03\/06-Termoselladoras-de-barquetas-EGARVAC-212x300.jpg 212w, https:\/\/www.egarvac.com\/wp-content\/uploads\/2025\/03\/06-Termoselladoras-de-barquetas-EGARVAC-48x68.jpg 48w\" sizes=\"(max-width: 430px) 100vw, 430px\" \/>\t\t\t\t\t\t\t\t\t\t\t\t\t\t\t<\/div>\n\t\t\t\t<\/div>\n\t\t\t\t<div class=\"elementor-element elementor-element-2c16eea elementor-mobile-align-justify elementor-align-justify elementor-widget elementor-widget-button\" data-id=\"2c16eea\" data-element_type=\"widget\" data-e-type=\"widget\" data-widget_type=\"button.default\">\n\t\t\t\t<div class=\"elementor-widget-container\">\n\t\t\t\t\t\t\t\t\t<div class=\"elementor-button-wrapper\">\n\t\t\t\t\t<a class=\"elementor-button elementor-button-link elementor-size-sm\" href=\"https:\/\/egarvac.com\/wp-content\/uploads\/2025\/03\/06-Termoselladoras-barquetas-EGARVAC-1.pdf\" target=\"_blank\" rel=\"noopener\">\n\t\t\t\t\t\t<span class=\"elementor-button-content-wrapper\">\n\t\t\t\t\t\t\t\t\t<span class=\"elementor-button-text\">Termoselladoras de barquetas<\/span>\n\t\t\t\t\t<\/span>\n\t\t\t\t\t<\/a>\n\t\t\t\t<\/div>\n\t\t\t\t\t\t\t\t<\/div>\n\t\t\t\t<\/div>\n\t\t\t\t<\/div>\n\t\t<div class=\"elementor-element elementor-element-a814787 e-con-full e-flex e-con e-child\" data-id=\"a814787\" data-element_type=\"container\" data-e-type=\"container\">\n\t\t\t\t<div class=\"elementor-element elementor-element-d8b1e63 elementor-widget elementor-widget-image\" data-id=\"d8b1e63\" data-element_type=\"widget\" data-e-type=\"widget\" data-widget_type=\"image.default\">\n\t\t\t\t<div class=\"elementor-widget-container\">\n\t\t\t\t\t\t\t\t\t\t\t\t\t\t\t<img loading=\"lazy\" decoding=\"async\" width=\"430\" height=\"608\" src=\"https:\/\/www.egarvac.com\/wp-content\/uploads\/2025\/03\/07-Envasadoras-de-campana-serie-KEVO-EGARVAC.jpg\" class=\"attachment-large size-large wp-image-2387\" alt=\"Envasadoras de campana serie KEVO EGARVAC, modelos de sobremesa y pie para envasado profesional con control digital y opciones personalizables\" srcset=\"https:\/\/www.egarvac.com\/wp-content\/uploads\/2025\/03\/07-Envasadoras-de-campana-serie-KEVO-EGARVAC.jpg 430w, https:\/\/www.egarvac.com\/wp-content\/uploads\/2025\/03\/07-Envasadoras-de-campana-serie-KEVO-EGARVAC-212x300.jpg 212w, https:\/\/www.egarvac.com\/wp-content\/uploads\/2025\/03\/07-Envasadoras-de-campana-serie-KEVO-EGARVAC-48x68.jpg 48w\" sizes=\"(max-width: 430px) 100vw, 430px\" \/>\t\t\t\t\t\t\t\t\t\t\t\t\t\t\t<\/div>\n\t\t\t\t<\/div>\n\t\t\t\t<div class=\"elementor-element elementor-element-257bccc elementor-mobile-align-justify elementor-align-justify elementor-widget elementor-widget-button\" data-id=\"257bccc\" data-element_type=\"widget\" data-e-type=\"widget\" data-widget_type=\"button.default\">\n\t\t\t\t<div class=\"elementor-widget-container\">\n\t\t\t\t\t\t\t\t\t<div class=\"elementor-button-wrapper\">\n\t\t\t\t\t<a class=\"elementor-button elementor-button-link elementor-size-sm\" href=\"https:\/\/egarvac.com\/wp-content\/uploads\/2025\/03\/07-Envasadoras-campana-serie-KEVO-EGARVAC-1.pdf\" target=\"_blank\" rel=\"noopener\">\n\t\t\t\t\t\t<span class=\"elementor-button-content-wrapper\">\n\t\t\t\t\t\t\t\t\t<span class=\"elementor-button-text\">Envasadoras de campana serie KEVO<\/span>\n\t\t\t\t\t<\/span>\n\t\t\t\t\t<\/a>\n\t\t\t\t<\/div>\n\t\t\t\t\t\t\t\t<\/div>\n\t\t\t\t<\/div>\n\t\t\t\t<\/div>\n\t\t<div class=\"elementor-element elementor-element-17ad3de e-con-full e-flex e-con e-child\" data-id=\"17ad3de\" data-element_type=\"container\" data-e-type=\"container\">\n\t\t\t\t<\/div>\n\t\t\t\t<\/div>\n\t\t\t\t<\/div>\n\t\t\t\t<\/div>","protected":false},"excerpt":{"rendered":"<p>Cat\u00e1logos por tipos de m\u00e1quinas Teniendo toda la informaci\u00f3n en un \u00fanico soporte, con los cat\u00e1logos de nuestras series de fabricados puede no s\u00f3lo conocer los detalles que le interesan para saber de qu\u00e9 manera se adaptan a sus necesidades, sino que adem\u00e1s podr\u00e1 establecer una comparativa \u2013de tama\u00f1o, de caracter\u00edsticas, de prestaciones&#8230;\u2013 entre cada [&hellip;]<\/p>\n","protected":false},"author":1,"featured_media":2325,"parent":0,"menu_order":0,"comment_status":"closed","ping_status":"closed","template":"","meta":{"footnotes":""},"class_list":["post-1949","page","type-page","status-publish","has-post-thumbnail","hentry"],"_links":{"self":[{"href":"https:\/\/www.egarvac.com\/en\/wp-json\/wp\/v2\/pages\/1949","targetHints":{"allow":["GET"]}}],"collection":[{"href":"https:\/\/www.egarvac.com\/en\/wp-json\/wp\/v2\/pages"}],"about":[{"href":"https:\/\/www.egarvac.com\/en\/wp-json\/wp\/v2\/types\/page"}],"author":[{"embeddable":true,"href":"https:\/\/www.egarvac.com\/en\/wp-json\/wp\/v2\/users\/1"}],"replies":[{"embeddable":true,"href":"https:\/\/www.egarvac.com\/en\/wp-json\/wp\/v2\/comments?post=1949"}],"version-history":[{"count":0,"href":"https:\/\/www.egarvac.com\/en\/wp-json\/wp\/v2\/pages\/1949\/revisions"}],"wp:featuredmedia":[{"embeddable":true,"href":"https:\/\/www.egarvac.com\/en\/wp-json\/wp\/v2\/media\/2325"}],"wp:attachment":[{"href":"https:\/\/www.egarvac.com\/en\/wp-json\/wp\/v2\/media?parent=1949"}],"curies":[{"name":"wp","href":"https:\/\/api.w.org\/{rel}","templated":true}]}}