{"id":2036,"date":"2025-03-13T10:18:03","date_gmt":"2025-03-13T09:18:03","guid":{"rendered":"https:\/\/www.kevovac.es\/?page_id=2036"},"modified":"2025-06-20T10:05:28","modified_gmt":"2025-06-20T08:05:28","slug":"contacto-informacion-asistencia-tecnica-y-recambios","status":"publish","type":"page","link":"https:\/\/www.egarvac.com\/en\/contacto-informacion-asistencia-tecnica-y-recambios\/","title":{"rendered":"Contacto, Informaci\u00f3n, Asistencia T\u00e9cnica y Recambios"},"content":{"rendered":"\t\t<div data-elementor-type=\"wp-page\" data-elementor-id=\"2036\" class=\"elementor elementor-2036\" data-elementor-post-type=\"page\">\n\t\t\t\t<div class=\"elementor-element elementor-element-bd6987b e-flex e-con-boxed e-con e-parent\" data-id=\"bd6987b\" data-element_type=\"container\" data-e-type=\"container\">\n\t\t\t\t\t<div class=\"e-con-inner\">\n\t\t\t\t<div class=\"elementor-element elementor-element-f8e69db elementor-widget elementor-widget-text-editor\" data-id=\"f8e69db\" data-element_type=\"widget\" data-e-type=\"widget\" data-widget_type=\"text-editor.default\">\n\t\t\t\t<div class=\"elementor-widget-container\">\n\t\t\t\t\t\t\t\t\t<p><span style=\"color: #404040;\"><span style=\"caret-color: #404040;\"><span style=\"color: #404040;\"><span style=\"color: #999999;\">CONTACTO:<\/span> Informaci\u00f3n, Asistencia T\u00e9cnica y Recambios<\/span><\/span><\/span><\/p>\t\t\t\t\t\t\t\t<\/div>\n\t\t\t\t<\/div>\n\t\t\t\t\t<\/div>\n\t\t\t\t<\/div>\n\t\t<div class=\"elementor-element elementor-element-6999eac e-con-full e-flex elementor-invisible e-con e-parent\" data-id=\"6999eac\" data-element_type=\"container\" data-e-type=\"container\" data-settings=\"{&quot;animation&quot;:&quot;fadeIn&quot;}\">\n\t\t<div class=\"elementor-element elementor-element-e3c1b52 e-con-full e-flex e-con e-child\" data-id=\"e3c1b52\" data-element_type=\"container\" data-e-type=\"container\">\n\t\t\t\t<div class=\"elementor-element elementor-element-dd63a79 elementor-widget elementor-widget-text-editor\" data-id=\"dd63a79\" data-element_type=\"widget\" data-e-type=\"widget\" data-widget_type=\"text-editor.default\">\n\t\t\t\t<div class=\"elementor-widget-container\">\n\t\t\t\t\t\t\t\t\t<p>Un tel\u00e9fono no s\u00f3lo para cualquier consulta sobre nuestros productos, sino tambi\u00e9n para ver de qu\u00e9 manera pueden integrarse en su obrador o en su producci\u00f3n. Seguro que podemos aconsejarle en c\u00f3mo dar forma a su idea:<\/p>\t\t\t\t\t\t\t\t<\/div>\n\t\t\t\t<\/div>\n\t\t\t\t<\/div>\n\t\t<div class=\"elementor-element elementor-element-8298d40 e-con-full e-flex e-con e-child\" data-id=\"8298d40\" data-element_type=\"container\" data-e-type=\"container\">\n\t\t<div class=\"elementor-element elementor-element-dd70a85 e-con-full e-flex e-con e-child\" data-id=\"dd70a85\" data-element_type=\"container\" data-e-type=\"container\">\n\t\t\t\t<div class=\"elementor-element elementor-element-8c237c5 elementor-widget elementor-widget-image\" data-id=\"8c237c5\" data-element_type=\"widget\" data-e-type=\"widget\" data-widget_type=\"image.default\">\n\t\t\t\t<div class=\"elementor-widget-container\">\n\t\t\t\t\t\t\t\t\t\t\t\t\t\t\t<img fetchpriority=\"high\" decoding=\"async\" width=\"490\" height=\"146\" src=\"https:\/\/www.egarvac.com\/wp-content\/uploads\/2025\/03\/1305-Egarvac-CONTACTO-02.svg\" class=\"attachment-large size-large wp-image-2461\" alt=\"Tel\u00e9fono de contacto\" \/>\t\t\t\t\t\t\t\t\t\t\t\t\t\t\t<\/div>\n\t\t\t\t<\/div>\n\t\t\t\t<\/div>\n\t\t\t\t<\/div>\n\t\t\t\t<\/div>\n\t\t<div class=\"elementor-element elementor-element-8ac7e39 e-con-full e-flex elementor-invisible e-con e-parent\" data-id=\"8ac7e39\" data-element_type=\"container\" data-e-type=\"container\" data-settings=\"{&quot;animation&quot;:&quot;fadeIn&quot;}\">\n\t\t<div class=\"elementor-element elementor-element-ac49a21 e-con-full e-flex e-con e-child\" data-id=\"ac49a21\" data-element_type=\"container\" data-e-type=\"container\">\n\t\t\t\t<div class=\"elementor-element elementor-element-9ada7d0 elementor-widget-mobile__width-inherit elementor-widget elementor-widget-image\" data-id=\"9ada7d0\" data-element_type=\"widget\" data-e-type=\"widget\" data-widget_type=\"image.default\">\n\t\t\t\t<div class=\"elementor-widget-container\">\n\t\t\t\t\t\t\t\t\t\t\t\t\t\t\t<img decoding=\"async\" width=\"200\" height=\"132\" src=\"https:\/\/www.egarvac.com\/wp-content\/uploads\/2025\/02\/logo-egarvac-vert.svg\" class=\"attachment-large size-large wp-image-1660\" alt=\"Logo EGARVAC\" \/>\t\t\t\t\t\t\t\t\t\t\t\t\t\t\t<\/div>\n\t\t\t\t<\/div>\n\t\t\t\t<div class=\"elementor-element elementor-element-050abd7 elementor-widget-tablet__width-inherit elementor-widget elementor-widget-text-editor\" data-id=\"050abd7\" data-element_type=\"widget\" data-e-type=\"widget\" data-widget_type=\"text-editor.default\">\n\t\t\t\t<div class=\"elementor-widget-container\">\n\t\t\t\t\t\t\t\t\t<p><strong>ENVASADORAS EGARVAC<\/strong>, S.L.U.<br \/>Pol\u00edgono industrial Can Torrella<br \/>Ronda Shimizu, 2 &#8211; nave 7<br \/>ES 08233 <strong>VACARISSES<\/strong> (Barcelona) SPAIN<\/p><p>+34 <span style=\"color: #808080;\"><a style=\"color: #808080;\" href=\"tel:+34938281023\"><strong>93 828 10 23<\/strong><\/a><\/span><br \/><a href=\"mailto:info@egarvac.com\"><span style=\"color: #808080;\">info@egarvac.com<\/span><\/a><br \/>www.egarvac.com<\/p>\t\t\t\t\t\t\t\t<\/div>\n\t\t\t\t<\/div>\n\t\t\t\t<\/div>\n\t\t<div class=\"elementor-element elementor-element-fabaad6 e-con-full e-flex e-con e-child\" data-id=\"fabaad6\" data-element_type=\"container\" data-e-type=\"container\">\n\t\t<div class=\"elementor-element elementor-element-f8233a2 e-con-full e-flex e-con e-child\" data-id=\"f8233a2\" data-element_type=\"container\" data-e-type=\"container\">\n\t\t\t\t<div class=\"elementor-element elementor-element-9817b42 elementor-widget elementor-widget-text-editor\" data-id=\"9817b42\" data-element_type=\"widget\" data-e-type=\"widget\" data-widget_type=\"text-editor.default\">\n\t\t\t\t<div class=\"elementor-widget-container\">\n\t\t\t\t\t\t\t\t\t&#8230; pero si prefiere que la respuesta sea v\u00eda correo electr\u00f3nico, por favor rellene el formulario:\t\t\t\t\t\t\t\t<\/div>\n\t\t\t\t<\/div>\n\t\t\t\t<div class=\"elementor-element elementor-element-ea9c73a elementor-button-align-end elementor-widget elementor-widget-form\" data-id=\"ea9c73a\" data-element_type=\"widget\" data-e-type=\"widget\" data-settings=\"{&quot;step_next_label&quot;:&quot;Siguiente&quot;,&quot;step_previous_label&quot;:&quot;Anterior&quot;,&quot;button_width&quot;:&quot;100&quot;,&quot;step_type&quot;:&quot;number_text&quot;,&quot;step_icon_shape&quot;:&quot;circle&quot;}\" data-widget_type=\"form.default\">\n\t\t\t\t<div class=\"elementor-widget-container\">\n\t\t\t\t\t\t\t<form class=\"elementor-form\" method=\"post\" name=\"Nuevo formulario\" aria-label=\"Nuevo formulario\">\n\t\t\t<input type=\"hidden\" name=\"post_id\" value=\"2036\"\/>\n\t\t\t<input type=\"hidden\" name=\"form_id\" value=\"ea9c73a\"\/>\n\t\t\t<input type=\"hidden\" name=\"referer_title\" value=\"Contacto, asistencia t\u00e9cnica y recambios \u00b7 EGARVAC\" \/>\n\n\t\t\t\t\t\t\t<input type=\"hidden\" name=\"queried_id\" value=\"2036\"\/>\n\t\t\t\n\t\t\t<div class=\"elementor-form-fields-wrapper elementor-labels-\">\n\t\t\t\t\t\t\t\t<div class=\"elementor-field-type-text elementor-field-group elementor-column elementor-field-group-name elementor-col-50 elementor-field-required\">\n\t\t\t\t\t\t\t\t\t\t\t\t<label for=\"form-field-name\" class=\"elementor-field-label elementor-screen-only\">\n\t\t\t\t\t\t\t\tNombre\t\t\t\t\t\t\t<\/label>\n\t\t\t\t\t\t\t\t\t\t\t\t\t\t<input size=\"1\" type=\"text\" name=\"form_fields[name]\" id=\"form-field-name\" class=\"elementor-field elementor-size-sm  elementor-field-textual\" placeholder=\"Nombre*\" required=\"required\">\n\t\t\t\t\t\t\t\t\t\t\t<\/div>\n\t\t\t\t\t\t\t\t<div class=\"elementor-field-type-text\">\n\t\t\t\t\t<input size=\"1\" type=\"text\" name=\"form_fields[field_0ffe8b1]\" id=\"form-field-field_0ffe8b1\" class=\"elementor-field elementor-size-sm \" style=\"display:none !important;\">\t\t\t\t<\/div>\n\t\t\t\t\t\t\t\t<div class=\"elementor-field-type-text elementor-field-group elementor-column elementor-field-group-field_13559da elementor-col-50\">\n\t\t\t\t\t\t\t\t\t\t\t\t<label for=\"form-field-field_13559da\" class=\"elementor-field-label elementor-screen-only\">\n\t\t\t\t\t\t\t\tEmpresa\t\t\t\t\t\t\t<\/label>\n\t\t\t\t\t\t\t\t\t\t\t\t\t\t<input size=\"1\" type=\"text\" name=\"form_fields[field_13559da]\" id=\"form-field-field_13559da\" class=\"elementor-field elementor-size-sm  elementor-field-textual\" placeholder=\"Empresa\">\n\t\t\t\t\t\t\t\t\t\t\t<\/div>\n\t\t\t\t\t\t\t\t<div class=\"elementor-field-type-text\">\n\t\t\t\t\t<input size=\"1\" type=\"text\" name=\"form_fields[field_1ec0df7]\" id=\"form-field-field_1ec0df7\" class=\"elementor-field elementor-size-sm \" style=\"display:none !important;\">\t\t\t\t<\/div>\n\t\t\t\t\t\t\t\t<div class=\"elementor-field-type-email elementor-field-group elementor-column elementor-field-group-email elementor-col-50 elementor-field-required\">\n\t\t\t\t\t\t\t\t\t\t\t\t<label for=\"form-field-email\" class=\"elementor-field-label elementor-screen-only\">\n\t\t\t\t\t\t\t\tCorreo electr\u00f3nico\t\t\t\t\t\t\t<\/label>\n\t\t\t\t\t\t\t\t\t\t\t\t\t\t<input size=\"1\" type=\"email\" name=\"form_fields[email]\" id=\"form-field-email\" class=\"elementor-field elementor-size-sm  elementor-field-textual\" placeholder=\"Correo electr\u00f3nico*\" required=\"required\">\n\t\t\t\t\t\t\t\t\t\t\t<\/div>\n\t\t\t\t\t\t\t\t<div class=\"elementor-field-type-tel elementor-field-group elementor-column elementor-field-group-field_12915bf elementor-col-50\">\n\t\t\t\t\t\t\t\t\t\t\t\t<label for=\"form-field-field_12915bf\" class=\"elementor-field-label elementor-screen-only\">\n\t\t\t\t\t\t\t\tTel\t\t\t\t\t\t\t<\/label>\n\t\t\t\t\t\t\t\t<input size=\"1\" type=\"tel\" name=\"form_fields[field_12915bf]\" id=\"form-field-field_12915bf\" class=\"elementor-field elementor-size-sm  elementor-field-textual\" placeholder=\"Tel\u00e9fono\" pattern=\"[0-9()#&amp;+*-=.]+\" title=\"Solo se aceptan n\u00fameros y caracteres de tel\u00e9fono (#,-,*,etc).\">\n\n\t\t\t\t\t\t<\/div>\n\t\t\t\t\t\t\t\t<div class=\"elementor-field-type-textarea elementor-field-group elementor-column elementor-field-group-message elementor-col-100 elementor-field-required\">\n\t\t\t\t\t\t\t\t\t\t\t\t<label for=\"form-field-message\" class=\"elementor-field-label elementor-screen-only\">\n\t\t\t\t\t\t\t\tMensaje\t\t\t\t\t\t\t<\/label>\n\t\t\t\t\t\t<textarea class=\"elementor-field-textual elementor-field  elementor-size-sm\" name=\"form_fields[message]\" id=\"form-field-message\" rows=\"9\" placeholder=\"Comentario\" required=\"required\"><\/textarea>\t\t\t\t<\/div>\n\t\t\t\t\t\t\t\t<div class=\"elementor-field-type-acceptance elementor-field-group elementor-column elementor-field-group-field_ad8d389 elementor-col-100 elementor-field-required\">\n\t\t\t\t\t\t\t\t\t\t\t\t<label for=\"form-field-field_ad8d389\" class=\"elementor-field-label elementor-screen-only\">\n\t\t\t\t\t\t\t\tAceptaci\u00f3n\t\t\t\t\t\t\t<\/label>\n\t\t\t\t\t\t\t\t<div class=\"elementor-field-subgroup\">\n\t\t\t<span class=\"elementor-field-option\">\n\t\t\t\t<input type=\"checkbox\" name=\"form_fields[field_ad8d389]\" id=\"form-field-field_ad8d389\" class=\"elementor-field elementor-size-sm  elementor-acceptance-field\" required=\"required\">\n\t\t\t\t<label for=\"form-field-field_ad8d389\"><span style=\"font-size: 13px;\">Acepto que mis datos sean tratados tal y como se indica en la Pol\u00edtica de privacidad.<\/span><\/label>\t\t\t<\/span>\n\t\t<\/div>\n\t\t\t\t\t\t<\/div>\n\t\t\t\t\t\t\t\t<div class=\"elementor-field-type-recaptcha_v3 elementor-field-group elementor-column elementor-field-group-field_220811f elementor-col-100 recaptcha_v3-inline\">\n\t\t\t\t\t<div class=\"elementor-field\" id=\"form-field-field_220811f\"><div class=\"elementor-g-recaptcha\" data-sitekey=\"6LeR3DYrAAAAAITWsI9HE9lRwKNdOEICMCHKozOV\" data-type=\"v3\" data-action=\"Form\" data-badge=\"inline\" data-size=\"invisible\"><\/div><\/div>\t\t\t\t<\/div>\n\t\t\t\t\t\t\t\t<div class=\"elementor-field-group elementor-column elementor-field-type-submit elementor-col-100 e-form__buttons\">\n\t\t\t\t\t<button class=\"elementor-button elementor-size-sm\" type=\"submit\">\n\t\t\t\t\t\t<span class=\"elementor-button-content-wrapper\">\n\t\t\t\t\t\t\t\t\t\t\t\t\t\t\t\t\t\t\t\t\t\t<span class=\"elementor-button-text\">Enviar<\/span>\n\t\t\t\t\t\t\t\t\t\t\t\t\t<\/span>\n\t\t\t\t\t<\/button>\n\t\t\t\t<\/div>\n\t\t\t<\/div>\n\t\t<\/form>\n\t\t\t\t\t\t<\/div>\n\t\t\t\t<\/div>\n\t\t\t\t<\/div>\n\t\t\t\t<\/div>\n\t\t\t\t<\/div>\n\t\t\t\t<\/div>\n\t\t","protected":false},"excerpt":{"rendered":"<p>CONTACTO: Informaci\u00f3n, Asistencia T\u00e9cnica y Recambios Un tel\u00e9fono no s\u00f3lo para cualquier consulta sobre nuestros productos, sino tambi\u00e9n para ver de qu\u00e9 manera pueden integrarse en su obrador o en su producci\u00f3n. Seguro que podemos aconsejarle en c\u00f3mo dar forma a su idea: ENVASADORAS EGARVAC, S.L.U.Pol\u00edgono industrial Can TorrellaRonda Shimizu, 2 &#8211; nave 7ES 08233 [&hellip;]<\/p>\n","protected":false},"author":1,"featured_media":1672,"parent":0,"menu_order":0,"comment_status":"closed","ping_status":"closed","template":"","meta":{"footnotes":""},"class_list":["post-2036","page","type-page","status-publish","has-post-thumbnail","hentry"],"_links":{"self":[{"href":"https:\/\/www.egarvac.com\/en\/wp-json\/wp\/v2\/pages\/2036","targetHints":{"allow":["GET"]}}],"collection":[{"href":"https:\/\/www.egarvac.com\/en\/wp-json\/wp\/v2\/pages"}],"about":[{"href":"https:\/\/www.egarvac.com\/en\/wp-json\/wp\/v2\/types\/page"}],"author":[{"embeddable":true,"href":"https:\/\/www.egarvac.com\/en\/wp-json\/wp\/v2\/users\/1"}],"replies":[{"embeddable":true,"href":"https:\/\/www.egarvac.com\/en\/wp-json\/wp\/v2\/comments?post=2036"}],"version-history":[{"count":24,"href":"https:\/\/www.egarvac.com\/en\/wp-json\/wp\/v2\/pages\/2036\/revisions"}],"predecessor-version":[{"id":2763,"href":"https:\/\/www.egarvac.com\/en\/wp-json\/wp\/v2\/pages\/2036\/revisions\/2763"}],"wp:featuredmedia":[{"embeddable":true,"href":"https:\/\/www.egarvac.com\/en\/wp-json\/wp\/v2\/media\/1672"}],"wp:attachment":[{"href":"https:\/\/www.egarvac.com\/en\/wp-json\/wp\/v2\/media?parent=2036"}],"curies":[{"name":"wp","href":"https:\/\/api.w.org\/{rel}","templated":true}]}}