{"id":2043,"date":"2025-03-13T10:20:03","date_gmt":"2025-03-13T09:20:03","guid":{"rendered":"https:\/\/www.kevovac.es\/?page_id=2043"},"modified":"2025-03-13T10:28:13","modified_gmt":"2025-03-13T09:28:13","slug":"terminos-del-servicio","status":"publish","type":"page","link":"https:\/\/www.egarvac.com\/en\/terminos-del-servicio\/","title":{"rendered":"T\u00e9rminos del servicio"},"content":{"rendered":"<div data-elementor-type=\"wp-page\" data-elementor-id=\"2043\" class=\"elementor elementor-2043\" data-elementor-post-type=\"page\">\n\t\t\t\t<div class=\"elementor-element elementor-element-7942c24 e-flex e-con-boxed e-con e-parent\" data-id=\"7942c24\" data-element_type=\"container\" data-e-type=\"container\">\n\t\t\t\t\t<div class=\"e-con-inner\">\n\t\t\t\t<div class=\"elementor-element elementor-element-390d943 elementor-widget elementor-widget-text-editor\" data-id=\"390d943\" data-element_type=\"widget\" data-e-type=\"widget\" data-widget_type=\"text-editor.default\">\n\t\t\t\t<div class=\"elementor-widget-container\">\n\t\t\t\t\t\t\t\t\t<p><span style=\"color: #404040;\"><span style=\"caret-color: #404040;\"><span style=\"color: #404040;\">T\u00e9rminos del servicio<\/span><\/span><\/span><\/p>\t\t\t\t\t\t\t\t<\/div>\n\t\t\t\t<\/div>\n\t\t\t\t\t<\/div>\n\t\t\t\t<\/div>\n\t\t<div class=\"elementor-element elementor-element-7d03afc e-con-full e-flex elementor-invisible e-con e-parent\" data-id=\"7d03afc\" data-element_type=\"container\" data-e-type=\"container\" data-settings=\"{&quot;animation&quot;:&quot;fadeIn&quot;}\">\n\t\t<div class=\"elementor-element elementor-element-e8e3f3e e-con-full e-flex e-con e-child\" data-id=\"e8e3f3e\" data-element_type=\"container\" data-e-type=\"container\">\n\t\t\t\t<div class=\"elementor-element elementor-element-35c9f87 elementor-widget elementor-widget-text-editor\" data-id=\"35c9f87\" data-element_type=\"widget\" data-e-type=\"widget\" data-widget_type=\"text-editor.default\">\n\t\t\t\t<div class=\"elementor-widget-container\">\n\t\t\t\t\t\t\t\t\t<p>Si bien estamos siempre a su lado para resolverle cualquier duda o incidencia, hay unas normas de uso que Usted debe conocer:<\/p><p>GENERALIDADES<\/p><p>En todo el sitio, los t\u00e9rminos \u00abnosotros\u00bb, \u00abnos\u00bb y \u00abnuestro\u00bb se refieren en lo sucesivo a ENVASADORAS EGARVAC, S.L.U., que ofrece el contenido de este sitio web, incluida toda la informaci\u00f3n, las herramientas y los servicios que se ponen a disposici\u00f3n suya, el \u201cUsuario\u201d, siempre y cuando acepte la totalidad de los t\u00e9rminos, condiciones, pol\u00edticas y avisos contemplados aqu\u00ed.<\/p><p>Cuando haciendo referencia a EGARVAC\/ENVASADORAS EGARVAC, S.L.U. se habla de \u201csitio\u00bb, \u00abweb\u201d, \u201csitio web\u201d \u201cespacio web\u201d, \u201cp\u00e1gina web\u201d, se refiere al sitio web\/espacio web del dominio <a href=\"https:\/\/www.egarvac.com\/en\/\" target=\"_blank\" rel=\"noopener\">egarvac.com<\/a> y los sub-dominios conectados.<\/p><p>Al visitar nuestro sitio, Usted interact\u00faa con nuestro \u00abServicio\u00bb y reconoce como vinculantes los siguientes t\u00e9rminos y condiciones (denominados en lo sucesivo \u00abT\u00e9rminos del Servicio\u00bb o \u201cT\u00e9rminos\u00bb), incluidos aquellos t\u00e9rminos y condiciones adicionales y las pol\u00edticas que se mencionan aqu\u00ed y\/o las disponibles mediante enlaces a otras partes de la web o fuera de ella. Estos T\u00e9rminos del Servicio se aplican a todos los usuarios del sitio, incluyendo de manera enunciativa, mas no limitativa, los usuarios que son navegadores, proveedores, clientes, comerciantes y\/o que aporten contenido.<\/p><p>Lea estos T\u00e9rminos del Servicio detenidamente antes de acceder o utilizar nuestra web. Al acceder o utilizar cualquier parte del sitio, Usted acepta estos T\u00e9rminos del Servicio. Si no acepta la totalidad de los t\u00e9rminos y condiciones de este acuerdo, no podr\u00e1 acceder al sitio web ni utilizar ning\u00fan servicio.<\/p><p>Si estos T\u00e9rminos del Servicio se considerasen una oferta, la aceptaci\u00f3n se limita expresamente a los presentes T\u00e9rminos del Servicio.<\/p><p>Las nuevas funciones o herramientas que se puedan ir a\u00f1adiendo al espacio web actual tambi\u00e9n estar\u00e1n sujetas a los T\u00e9rminos del Servicio. Puede revisar la versi\u00f3n m\u00e1s reciente de los T\u00e9rminos del Servicio en cualquier momento en esta web.<\/p><p>Nos reservamos el derecho de actualizar, cambiar o reemplazar cualquier parte de los presentes T\u00e9rminos del Servicio mediante la publicaci\u00f3n de actualizaciones o cambios en nuestra web. Es su responsabilidad revisar esta web peri\u00f3dicamente para ver los cambios. Su uso de la web o el acceso a ella despu\u00e9s de la publicaci\u00f3n de cualquier cambio constituye la aceptaci\u00f3n de dichos cambios.<\/p><p>Al aceptar los presentes T\u00e9rminos del Servicio, Usted declara que, o bien tiene la mayor\u00eda de edad en su lugar de residencia, o bien que nos ha dado su consentimiento para permitir que cualquiera de las personas menores que dependen de Usted utilice este sitio.<\/p><p>No puede utilizar ninguno de los contenidos de nuestro espacio web para ning\u00fan fin ilegal o no autorizado ni puede, al hacer uso del Servicio, infringir las leyes de su jurisdicci\u00f3n (incluyendo especialmente de manera enunciativa mas no limitativa, las leyes sobre derechos de autor y propiedad intelectual).<\/p><p>No transmitir\u00e1 ning\u00fan c\u00f3digo inform\u00e1tico de naturaleza malintencionada o destructiva (sea \u201cgusano\u201d, \u201cvirus\u201d, \u201cesp\u00eda\u201d o cualquier otra denominaci\u00f3n posible) ni de ninguna otra naturaleza, que no sean los datos que se generan en la navegaci\u00f3n por la red y\/o en el propio funcionamiento inform\u00e1tico\/infogr\u00e1fico de la web.<\/p><p>El incumplimiento o violaci\u00f3n de cualquiera de los T\u00e9rminos dar\u00e1 como resultado la rescisi\u00f3n inmediata de sus servicios.<\/p><p>CONDICIONES GENERALES<\/p><p>Nos reservamos el derecho de rechazar el servicio a cualquier persona, por cualquier motivo, en cualquier momento.<\/p><p>Aunque todo el contenido de nuestro Sitio circula por la Red de manera encriptada, Usted comprende que el contenido que Usted genera (excepto \u2013en su caso\u2013 la informaci\u00f3n de tarjetas de cr\u00e9dito o cualquier otro medio de pago, que siempre se cifra durante la transferencia a trav\u00e9s de las redes) por exigencias t\u00e9cnicas puede transferirse sin cifrar, e implicar: a) transmisiones en varias redes; b) cambios para adaptarse a los requisitos t\u00e9cnicos de conexi\u00f3n de redes y\/o dispositivos y cumplir con ellos.<\/p><p>Usted acepta no reproducir, duplicar, copiar, vender, revender ni aprovechar ning\u00fan contenido ni ninguna parte del Servicio, uso del Servicio o acceso al Servicio o cualquier contacto exterior en el Sitio a trav\u00e9s del cual se presta el Servicio, sin nuestro permiso expreso por escrito.<\/p><p>EXACTITUD, TOTALIDAD Y CRONOLOG\u00cdA DE LA INFORMACI\u00d3N<\/p><p>Procuramos que la informaci\u00f3n que ofrecemos sea lo m\u00e1s detallada, completa, exacta y actual posible, pero no nos responsabilizamos si la informaci\u00f3n disponible en este sitio no es precisa, completa o actualizada. El material gr\u00e1fico y redactado que se presenta en este sitio se proporciona s\u00f3lo para informaci\u00f3n general y esa informaci\u00f3n pudiera no estar cumplidamente completada, corregida o actualizada. Al confiar en cualquier material de este sitio lo hace por su cuenta y riesgo.<\/p><p>Este sitio puede contener cierta informaci\u00f3n hist\u00f3rica. La informaci\u00f3n hist\u00f3rica, inevitablemente, no es actual y se proporciona \u00fanicamente como referencia.<\/p><p>Nos reservamos el derecho de modificar el contenido de este sitio en cualquier momento, pero no tenemos la obligaci\u00f3n de actualizar ninguna informaci\u00f3n que contenga. Usted acepta que es su responsabilidad controlar los cambios en nuestro sitio.<\/p><p>PRECIOS Y MODIFICACIONES AL SERVICIO<\/p><p>Los precios expuestos \u2013en el caso\u2013 de nuestros productos est\u00e1n sujetos a cambios sin previo aviso.<\/p><p>Nos reservamos el derecho de modificar o discontinuar el Servicio (o cualquier parte o contenido del mismo) sin previo aviso, en cualquier momento.<\/p><p>No seremos responsables ante Usted ni ante ning\u00fan tercero por ninguna modificaci\u00f3n, cambio de precio, suspensi\u00f3n o interrupci\u00f3n del Servicio.<\/p><p>PRODUCTOS O SERVICIOS<\/p><p>Hemos hecho todo lo t\u00e9cnicamente viable para mostrar con la mayor precisi\u00f3n posible las im\u00e1genes de nuestros productos que aparecen en la web, pero no podemos garantizar que la visualizaci\u00f3n (en cuanto a color, detalle, etc.) de cualquiera de nuestras im\u00e1genes en el monitor de su dispositivo (ordenador, tablet, m\u00f3vil, etc.) sea precisa.<\/p><p>Nos reservamos el derecho de limitar las cantidades de cualquier producto o servicio que ofrecemos.<\/p><p>Todas las descripciones de los productos o los precios de los productos est\u00e1n sujetos a cambios en cualquier momento y sin previo aviso, a nuestra entera discreci\u00f3n.<\/p><p>Nos reservamos el derecho de discontinuar cualquier producto en cualquier momento.<\/p><p>Cualquier oferta de cualquier producto o servicio que se realice en este sitio, no tiene validez donde la venta de dicho producto o servicio no sea legalmente posible.<\/p><p>No garantizamos que la calidad de cualquier producto, servicio, informaci\u00f3n u otro material que Usted haya comprado u obtenido cumplir\u00e1 con sus expectativas, o que cualquier error en el servicio se corregir\u00e1.<\/p><p>HERRAMIENTAS OPCIONALES<\/p><p>Para el funcionamiento de este sitio web, podemos proporcionarle acceso a herramientas inform\u00e1ticas de terceros que no supervisamos ni tenemos ning\u00fan control sobre ellas, ni tampoco contribuimos. Usted reconoce y acepta que le brindemos acceso a dichas herramientas \u00abtal como se encuentran\u00bb y sin garant\u00edas, representaciones ni condiciones de ning\u00fan tipo y sin ning\u00fan tipo de respaldo.<\/p><p>No tendremos ninguna responsabilidad como consecuencia del uso que haga de herramientas opcionales de terceros o en relaci\u00f3n a ellas. Cualquier uso que haga de las herramientas opcionales ofrecidas a trav\u00e9s del sitio es por su cuenta y riesgo, y debe asegurarse de estar familiarizado con los t\u00e9rminos seg\u00fan los cuales los proveedores externos suministran dichas herramientas y aprobarlos.<\/p><p>Podemos ofrecer en el futuro nuevos servicios o funciones a trav\u00e9s del sitio web (incluido el funcionamiento de nuevas herramientas y recursos). Estas nuevas funciones o servicios tambi\u00e9n estar\u00e1n sujetos a los presentes T\u00e9rminos de Servicio.<\/p><p>ENLACES A TERCEROS<\/p><p>Algunos contenidos, productos y servicios disponibles a trav\u00e9s de nuestro Servicio pueden incluir recursos de terceros. Los enlaces de terceros en este sitio pueden dirigirlo a espacios web de terceros que no est\u00e1n afiliados a nosotros. No somos responsables de examinar o evaluar el contenido o la exactitud, ni garantizamos ni asumiremos ninguna obligaci\u00f3n ni responsabilidad por los recursos o p\u00e1ginas web de terceros, ni por ning\u00fan otro material, producto o servicio de terceros.<\/p><p>No somos responsables de ning\u00fan da\u00f1o o perjuicio relacionado con la compra o el uso de bienes, servicios, recursos, contenido o cualquier otra transacci\u00f3n realizada en conexi\u00f3n con sitios web de terceros.<\/p><p>Revise cuidadosamente las pol\u00edticas y pr\u00e1cticas de terceros, y aseg\u00farese de comprenderlas antes de participar en cualquier transacci\u00f3n.<\/p><p>Las quejas, reclamos, inquietudes o preguntas referentes a productos de terceros deben dirigirse a \u00e9stos.<\/p><p>COMENTARIOS DE LOS USUARIOS, OPINIONES Y OTRAS COMUNICACIONES<\/p><p>Si a petici\u00f3n nuestra, Usted env\u00eda ciertas comunicaciones espec\u00edficas (por ejemplo, participaciones en una encuesta o en un sorteo) o sin una solicitud nuestra, env\u00eda ideas, rese\u00f1as, opiniones, sugerencias, propuestas, planes u otros materiales, ya sea online, por correo electr\u00f3nico, por correo postal, o de otro modo, a este sitio o a cualquier otro (denominado esas acciones en lo sucesivo y de manera colectiva, \u201ccomentarios\u201d), Usted acepta que podemos, en cualquier momento y sin restricci\u00f3n: editar, copiar, publicar, distribuir, traducir y usar en cualquier medio cualquier comentario que Usted env\u00ede. No tenemos ni tendremos ninguna obligaci\u00f3n: a) de mantener ning\u00fan comentario de manera confidencial; b) de pagar alguna compensaci\u00f3n por cualquier comentario; c) de responder a cualquier comentario.<\/p><p>Podemos, pero no tenemos la obligaci\u00f3n de monitorear, editar o eliminar contenido que a nuestra entera discreci\u00f3n determinemos que es ilegal, ofensivo, amenazante, calumnioso, difamatorio, pornogr\u00e1fico, obsceno u objetable, o que infrinja la propiedad intelectual de cualquiera de las partes o de los presentes T\u00e9rminos del Servicio.<\/p><p>Usted acepta que sus comentarios no infringir\u00e1n ning\u00fan derecho de terceros, incluidos los derechos de autor, marca registrada, privacidad, personalidad u otro derecho personal o de propiedad, incluidas las intelectual e industrial. Adem\u00e1s, Usted acepta que sus comentarios no contendr\u00e1n material difamatorio, ileg\u00edtimo, abusivo u obsceno, ni contendr\u00e1n ning\u00fan virus inform\u00e1tico ni otro software malintencionado o da\u00f1ino que pueda afectar de cualquier manera el funcionamiento del Servicio o de cualquier sitio web relacionado.<\/p><p><br \/>No puede utilizar una direcci\u00f3n de correo electr\u00f3nico falsa, simular ser otra persona o enga\u00f1arnos o enga\u00f1ar a terceros sobre el origen de los comentarios.<\/p><p>Usted es el \u00fanico responsable de los comentarios que realice y de su exactitud.<\/p><p>No asumimos ninguna responsabilidad ni ninguna obligaci\u00f3n por los comentarios publicados por Usted o por un tercero.<\/p><p>INFORMACI\u00d3N PERSONAL<\/p><p>El env\u00edo de informaci\u00f3n personal que pudiera hacer a trav\u00e9s de la web se rige por nuestra Pol\u00edtica de Privacidad, que se encuentra permanentemente disponible para su lectura en nuestro sitio.<\/p><p>ERRORES, INEXACTITUDES Y OMISIONES<\/p><p>Puede haber informaci\u00f3n en nuestro sitio o en el Servicio que, ocasionalmente, contenga errores gr\u00e1ficos y\/o tipogr\u00e1ficos, inexactitudes u omisiones que puedan relacionarse con descripciones de productos, precios, fechas, promociones, ofertas, cargos extras a productos, plazos de entrega, tiempos y disponibilidad. Nos reservamos el derecho de corregir cualquier error, inexactitud u omisi\u00f3n, de cambiar o actualizar la informaci\u00f3n si alg\u00fan contenido del Servicio o del espacio web es inexacto, en cualquier momento y sin previo aviso.<\/p><p>No asumimos ninguna obligaci\u00f3n de actualizar, modificar o aclarar la informaci\u00f3n en el Servicio o en el espacio web relacionado, incluyendo de manera enunciativa pero no limitativa, la informaci\u00f3n de precios, excepto cuando lo exija la ley.<\/p><p>Ninguna actualizaci\u00f3n especificada o fecha de actualizaci\u00f3n aplicada en el Servicio o en el sitio web relacionado debe tomarse para indicar que toda la informaci\u00f3n en el Servicio o en el sitio web relacionado se modific\u00f3 o actualiz\u00f3.<\/p><p>USOS PROHIBIDOS<\/p><p>Adem\u00e1s de las prohibiciones establecidas en estos T\u00e9rminos del Servicio, se le proh\u00edbe expresamente utilizar el Sitio y\/o su contenido:<\/p><p>A) Para cualquier prop\u00f3sito ilegal.<\/p><p>B) Para solicitar a otros que realicen o participen en cualquier acto ilegal.<\/p><p>C) Para infringir cualquier reglamento, norma, ley u ordenanza local, internacional, estatal, regional o provincial.<\/p><p>D) Para infringir o violar nuestros Derechos de Propiedad Intelectual o los Derechos de Propiedad Intelectual de otros.<\/p><p>E) Para acosar, abusar, insultar, da\u00f1ar, difamar, calumniar, denigrar, intimidar o discriminar por motivos de g\u00e9nero, orientaci\u00f3n sexual, religi\u00f3n, etnia, raza, edad, nacionalidad o discapacidad.<\/p><p>F) Para enviar informaci\u00f3n falsa o enga\u00f1osa.<\/p><p>G) Para cargar o transmitir virus o cualquier otro tipo de c\u00f3digo inform\u00e1tico malintencionado o da\u00f1ino que afecte o pueda afectar a la funcionalidad o el funcionamiento del Servicio o de cualquier sitio web relacionado, de otros sitios web o de Internet.<\/p><p>H) Para recopilar o rastrear la informaci\u00f3n personal de otros.<\/p><p>I) Para enviar correo no deseado (o cualquier otra forma de conducta que pueda calificarse de delictiva en la red), para espiar, rastrear o extraer.<\/p><p>J) Para cualquier prop\u00f3sito obsceno o inmoral.<\/p><p>K) Para malmeter, interferir o eludir las funciones de seguridad del Servicio o de cualquier sitio web relacionado, o de otros sitios web o de Internet.<\/p><p>MUY IMPORTANTE:<\/p><p>Los apartados A, B, C y D quieren referirse especialmente a quien use el contenido del Sitio como elementos para copiar, o a quien solicite a otros el uso del contenido del Sitio como elementos de copia\/reproducci\u00f3n para eleborar contenidos a partir de esa copia.<\/p><p>En caso de incurrir en cualquiera de los usos prohibidos, nos reservamos el derecho de dar por terminado su uso del Servicio o de cualquier sitio web relacionado con el Sitio.<\/p><p>DESCARGO DE RESPONSABILIDADES DE GARANT\u00cdAS Y LIMITACI\u00d3N DE RESPONSABILIDAD<\/p><p>No garantizamos, representamos ni aseguramos que el uso que haga de nuestro Servicio ser\u00e1 sin interrupciones, oportuno, seguro o sin errores.<\/p><p>No garantizamos que los resultados que se puedan obtener del uso del Servicio sean exactos o confiables.<\/p><p>Usted acepta que peri\u00f3dicamente podamos eliminar el Servicio por lapsos de tiempo indefinidos o cancelar el Servicio en cualquier momento, sin notificarle.<\/p><p>Usted acepta expresamente que su uso del Servicio o la imposibilidad de utilizarlo corre por su riesgo.<\/p><p>El Servicio y todos los productos y servicios que se le entregan a trav\u00e9s del Servicio (salvo que as\u00ed lo especifiquemos nosotros) se ofrecen \u00abtal como est\u00e1n\u00bb y \u00abseg\u00fan disponibilidad\u00bb para su uso, sin ninguna representaci\u00f3n, garant\u00eda o condici\u00f3n de ning\u00fan tipo, ya sea expresa o impl\u00edcita, entre las que se incluyen todas las garant\u00edas impl\u00edcitas o condiciones de comerciabilidad, calidad comercial, idoneidad para un prop\u00f3sito particular, durabilidad, t\u00edtulo y no violaci\u00f3n.<\/p><p>En ning\u00fan caso ENVASADORAS EGARVAC, S.L.U., sus directores, gestores, empleados, afiliados, agentes, contratistas, pasantes, proveedores, proveedores de servicios o licenciantes ser\u00e1n responsables de cualquier lesi\u00f3n, p\u00e9rdida, reclamo o cualquier da\u00f1o directo, indirecto, incidental, punitivo, especial o consecuente de cualquier tipo, incluyendo de manera enunciativa mas no limitativa, la p\u00e9rdida de beneficios, p\u00e9rdida de ingresos, p\u00e9rdida de ahorros, p\u00e9rdida de datos, costos de reemplazo o da\u00f1os similares, ya sea por contrato, perjuicio (incluida la negligencia), responsabilidad estricta o de otro tipo, que surjan del uso que haga de cualquiera de los servicios o de cualquier producto adquirido por medio del Servicio, o para cualquier otro reclamo relacionado de alguna manera con su uso del Servicio o de cualquier producto, incluidos, entre otros, cualquier error u omisi\u00f3n en cualquier contenido, o cualquier p\u00e9rdida o da\u00f1o de cualquier tipo en el que se haya incurrido como resultado del uso del Servicio o de cualquier contenido (o producto) publicado, transmitido o puesto a disposici\u00f3n a trav\u00e9s del Servicio, incluso si se informa de su posibilidad.<\/p><p>Debido a que algunos estados o jurisdicciones no permiten la exclusi\u00f3n o la limitaci\u00f3n de la responsabilidad por da\u00f1os consecuentes o incidentales, en dichos estados o jurisdicciones nuestra responsabilidad se limitar\u00e1 a la extensi\u00f3n m\u00e1xima de lo permitido por la ley.<\/p><p>No tenemos obligaci\u00f3n de pedir y no pedimos ninguna acreditaci\u00f3n sobre la propiedad intelectual y\/o legal de los nombres, marcas, logotipos, s\u00edmbolos y dem\u00e1s elementos gr\u00e1ficos expuestos en el Sitio.<\/p><p>INDEMNIZACI\u00d3N<\/p><p>Usted acepta indemnizar, defender y mantener indemne a ENVASADORAS EGARVAC, S.L.U., subsidiarias, afiliadas, asociados, gestores, directores, agentes, contratistas, licenciantes, proveedores de servicios, subcontratistas, proveedores, pasantes y empleados, de cualquier reclamo o demanda, incluidos los honorarios razonables de abogados, en los que un tercero haya incurrido debido a su incumplimiento de los presentes T\u00e9rminos del Servicio o de los documentos que incorporan como referencia o que surjan por su incumplimiento de los mismos, o por la violaci\u00f3n de cualquier ley o derecho de un tercero que haga.<\/p><p>DIVISIBILIDAD<\/p><p>En caso de que se determine que alguna disposici\u00f3n de los presentes T\u00e9rminos del Servicio sea ilegal, nula o inaplicable, dicha disposici\u00f3n ser\u00e1, no obstante, ejecutable en la medida en que lo permita la legislaci\u00f3n aplicable, y la parte inaplicable se considerar\u00e1 separada de los presentes T\u00e9rminos del Servicio, sin que dicha determinaci\u00f3n afecte a la validez y aplicabilidad de las dem\u00e1s disposiciones.<\/p><p>RESCISI\u00d3N<\/p><p>Estos T\u00e9rminos del Servicio se encuentran vigentes a menos que Usted o nosotros los rescindamos. Usted puede rescindir los presentes T\u00e9rminos del Servicio en cualquier momento al notificarnos que ya no desea utilizar nuestros servicios o cuando cese de utilizar nuestro sitio.<\/p><p>Las obligaciones y responsabilidades de las partes incurridas antes de la fecha de rescisi\u00f3n, seguir\u00e1n vigentes despu\u00e9s de la rescisi\u00f3n de este contrato a todos los efectos.<\/p><p>Si a nuestro juicio Usted incumple o sospechamos que ha incumplido con cualquier t\u00e9rmino o disposici\u00f3n de los presentes T\u00e9rminos del Servicio, podemos rescindir igualmente este acuerdo en cualquier momento sin previo aviso y Usted seguir\u00e1 siendo responsable de cualquier deuda posible hasta la fecha de rescisi\u00f3n inclusive, y\/o en consecuencia podemos denegarle el acceso a nuestros servicios o a parte de ellos.<\/p><p>ACUERDO COMPLETO<\/p><p>El hecho de que no ejerzamos o hagamos valer alg\u00fan derecho o disposici\u00f3n de los presentes T\u00e9rminos del Servicio, no constituir\u00e1 una renuncia a dicho derecho o disposici\u00f3n.<\/p><p>Estos T\u00e9rminos del Servicio y cualquier pol\u00edtica o regla de funcionamiento que hayamos publicado en este sitio o con respecto al Servicio, constituye el acuerdo y el entendimiento completo entre Usted y nosotros, y rigen su uso del Servicio, sustituyendo a cualquier acuerdo, comunicaci\u00f3n o propuesta anterior o contempor\u00e1nea, ya sea oral o escrita, entre Usted y nosotros, incluyendo de manera enunciativa mas no limitativa, las versiones anteriores de los T\u00e9rminos del Servicio.<\/p><p>Cualquier ambig\u00fcedad en la interpretaci\u00f3n de los presentes T\u00e9rminos del Servicio no se interpretar\u00e1 en contra de la parte redactora.<\/p><p>LEY APLICABLE<\/p><p>Los presentes T\u00e9rminos del Servicio y cualquier acuerdo por separado por el cual le proporcionemos servicios, se regir\u00e1n e interpretar\u00e1n de acuerdo con las leyes vigentes en los tribunales del domicilio social de ENVASADORAS EGARVAC, S.L.U.<\/p><p>CAMBIOS EN LOS T\u00c9RMINOS DEL SERVICIO<\/p><p>Puede revisar la versi\u00f3n m\u00e1s reciente de los T\u00e9rminos del Servicio en cualquier momento en esta misma p\u00e1gina.<\/p><p>Nos reservamos el derecho, a nuestra entera discreci\u00f3n, de actualizar, cambiar o sustituir cualquier parte de los presentes T\u00e9rminos del Servicio mediante la publicaci\u00f3n de actualizaciones y cambios en nuestro sitio web, sin obligaci\u00f3n de aviso. Es su responsabilidad consultar nuestro sitio web peri\u00f3dicamente para ver los cambios. El hecho de que Usted haga uso de nuestra web o del Servicio o su acceso a cualquiera de \u00e9stos despu\u00e9s de la publicaci\u00f3n de cualquier cambio en los presentes T\u00e9rminos del Servicio, constituye la aceptaci\u00f3n de dichos cambios.<\/p><p>CONTACTO<\/p><p>Cualquier comunicaci\u00f3n con ENVASADORAS EGARVAC, S.L.U. relacionada con sus T\u00e9rminos del Servicio se debe hacer mediante el formulario de contacto del Sitio.<\/p>\t\t\t\t\t\t\t\t<\/div>\n\t\t\t\t<\/div>\n\t\t\t\t<\/div>\n\t\t\t\t<\/div>\n\t\t\t\t<\/div>","protected":false},"excerpt":{"rendered":"<p>T\u00e9rminos del servicio Si bien estamos siempre a su lado para resolverle cualquier duda o incidencia, hay unas normas de uso que Usted debe conocer: GENERALIDADES En todo el sitio, los t\u00e9rminos \u00abnosotros\u00bb, \u00abnos\u00bb y \u00abnuestro\u00bb se refieren en lo sucesivo a ENVASADORAS EGARVAC, S.L.U., que ofrece el contenido de este sitio web, incluida toda [&hellip;]<\/p>\n","protected":false},"author":1,"featured_media":0,"parent":0,"menu_order":0,"comment_status":"closed","ping_status":"closed","template":"","meta":{"footnotes":""},"class_list":["post-2043","page","type-page","status-publish","hentry"],"_links":{"self":[{"href":"https:\/\/www.egarvac.com\/en\/wp-json\/wp\/v2\/pages\/2043","targetHints":{"allow":["GET"]}}],"collection":[{"href":"https:\/\/www.egarvac.com\/en\/wp-json\/wp\/v2\/pages"}],"about":[{"href":"https:\/\/www.egarvac.com\/en\/wp-json\/wp\/v2\/types\/page"}],"author":[{"embeddable":true,"href":"https:\/\/www.egarvac.com\/en\/wp-json\/wp\/v2\/users\/1"}],"replies":[{"embeddable":true,"href":"https:\/\/www.egarvac.com\/en\/wp-json\/wp\/v2\/comments?post=2043"}],"version-history":[{"count":0,"href":"https:\/\/www.egarvac.com\/en\/wp-json\/wp\/v2\/pages\/2043\/revisions"}],"wp:attachment":[{"href":"https:\/\/www.egarvac.com\/en\/wp-json\/wp\/v2\/media?parent=2043"}],"curies":[{"name":"wp","href":"https:\/\/api.w.org\/{rel}","templated":true}]}}