{"id":2057,"date":"2025-03-13T10:33:59","date_gmt":"2025-03-13T09:33:59","guid":{"rendered":"https:\/\/www.kevovac.es\/?page_id=2057"},"modified":"2025-03-13T10:35:31","modified_gmt":"2025-03-13T09:35:31","slug":"politica-de-privacidad","status":"publish","type":"page","link":"https:\/\/www.egarvac.com\/en\/politica-de-privacidad\/","title":{"rendered":"Pol\u00edtica de privacidad"},"content":{"rendered":"<div data-elementor-type=\"wp-page\" data-elementor-id=\"2057\" class=\"elementor elementor-2057\" data-elementor-post-type=\"page\">\n\t\t\t\t<div class=\"elementor-element elementor-element-86166ca e-flex e-con-boxed e-con e-parent\" data-id=\"86166ca\" data-element_type=\"container\" data-e-type=\"container\">\n\t\t\t\t\t<div class=\"e-con-inner\">\n\t\t\t\t<div class=\"elementor-element elementor-element-84954dd elementor-widget elementor-widget-text-editor\" data-id=\"84954dd\" data-element_type=\"widget\" data-e-type=\"widget\" data-widget_type=\"text-editor.default\">\n\t\t\t\t<div class=\"elementor-widget-container\">\n\t\t\t\t\t\t\t\t\tPol\u00edtica de privacidad\t\t\t\t\t\t\t\t<\/div>\n\t\t\t\t<\/div>\n\t\t\t\t\t<\/div>\n\t\t\t\t<\/div>\n\t\t<div class=\"elementor-element elementor-element-cd429fe e-con-full e-flex elementor-invisible e-con e-parent\" data-id=\"cd429fe\" data-element_type=\"container\" data-e-type=\"container\" data-settings=\"{&quot;animation&quot;:&quot;fadeIn&quot;}\">\n\t\t<div class=\"elementor-element elementor-element-c79759e e-con-full e-flex e-con e-child\" data-id=\"c79759e\" data-element_type=\"container\" data-e-type=\"container\">\n\t\t\t\t<div class=\"elementor-element elementor-element-16de9c8 elementor-widget elementor-widget-text-editor\" data-id=\"16de9c8\" data-element_type=\"widget\" data-e-type=\"widget\" data-widget_type=\"text-editor.default\">\n\t\t\t\t<div class=\"elementor-widget-container\">\n\t\t\t\t\t\t\t\t\t<p>A trav\u00e9s de este Sitio Web no se recaudan datos de car\u00e1cter personal de los usuarios sin su conocimiento, ni se ceden a terceros.<\/p><p>INFORMACI\u00d3N B\u00c1SICA SOBRE PROTECCI\u00d3N DE DATOS<\/p><p>\u00bfQui\u00e9n es el Responsable del tratamiento?<\/p><p>Los datos de car\u00e1cter personal que se pudieran recaudar directamente del interesado ser\u00e1n tratados de manera confidencial y quedar\u00e1n incorporados a la correspondiente actividad de tratamiento de la que es titular ENVASADORAS EGARVAC, S.L.U.<\/p><p>\u00bfC\u00d3MO OBTENEMOS SUS DATOS PERSONALES?<\/p><p>Recogemos sus datos personales en diferentes ocasiones:<\/p><p>Cada vez que usted contacta directamente con nosotros, por ejemplo a trav\u00e9s del apartado contacto o cualquier otro apartado en el cual rellene un cuestionario de la web o a trav\u00e9s de las l\u00edneas de atenci\u00f3n telef\u00f3nica a clientes, para solicitar informaci\u00f3n sobre nuestros productos y servicios.<\/p><p>Cuando usted compra o contrata directamente con nosotros un producto o servicio.<\/p><p>Los productos y servicios de ENVASADORAS EGARVAC, S.L.U. as\u00ed como sus campa\u00f1as promocionales, est\u00e1n dirigidos y pensados en su mayor\u00eda para adultos. En este sentido, solo recogeremos y trataremos sus datos personales si usted tiene al menos, 16 a\u00f1os. Se reserva la posibilidad de realizar verificaciones de la edad de las personas que le facilitan datos personales. Cualquier dato de un menor de 16 a\u00f1os ser\u00e1 eliminado.<\/p><p>Le agradecer\u00edamos que nos ayudara a mantener actualizadas sus datos personales, inform\u00e1ndonos de cualquier cambio en sus datos de contacto o sus preferencias.<\/p><p>\u00bfQU\u00c9 INFORMACI\u00d3N PODEMOS OBTENER SOBRE USTED?<\/p><p>A trav\u00e9s de los diferentes servicios y canales de contacto descritos en esta Pol\u00edtica de Privacidad, se pueden recaudar los siguientes tipos de datos sobre usted, dependiendo de su relaci\u00f3n con el Responsable del Tratamiento:<\/p><p>Clientes y usuarios: Datos identificativos y de contacto: nombre, direcci\u00f3n, n\u00fameros de tel\u00e9fono, correo electr\u00f3nico. Datos econ\u00f3micos: n.\u00ba de cuenta bancaria \/ n.\u00ba de tarjeta de cr\u00e9dito.<\/p><p>Solicitantes: Datos identificativos y de contacto: nombre, direcci\u00f3n, n\u00fameros de tel\u00e9fono, correo electr\u00f3nico. Datos acad\u00e9micos y profesionales. Estudios cursados y titulaciones. Datos de la ocupaci\u00f3n y de la Seguridad Social. Caracter\u00edsticas personales: estado civil, fecha y lugar de nacimiento, edad, sexo, nacionalidad y porcentaje de minusvalidez.<\/p><p>\u00bfCON QU\u00c9 FINALIDADES TRATAMOS SUS DATOS PERSONALES?<\/p><p>En su condici\u00f3n de usuario de la web, trataremos los datos personales que nos proporcione con el fin de atender la consulta que nos haya efectuado y proporcionarle informaci\u00f3n comercial de productos y servicios de la empresa.<\/p><p>En su condici\u00f3n de cliente trataremos sus datos para prestarle el servicio solicitado y la gesti\u00f3n administrativa y comercial de nuestra cartera de clientes.<\/p><p>En su condici\u00f3n de Solicitante los datos proporcionados ser\u00e1n tratados \u00fanicamente para los procesos de selecci\u00f3n de personal presentes o futuros realizados por la empresa.<\/p><p>\u00bfCU\u00c1L ES LA LEGITIMACI\u00d3N PARA EL TRATAMIENTO DE SUS DATOS?<\/p><p>Usuario y subscriptor: RGPD Art\u00edculo 6.1.a) consentimiento del interesado para el tratamiento de sus datos personales para una o varias finalidades espec\u00edficas.<\/p><p>Cliente: RGPD Art\u00edculo 6.1. b) el tratamiento es necesario para la ejecuci\u00f3n de un contrato en el cual el interesado es parte, o para la aplicaci\u00f3n a petici\u00f3n de este de medidas precontractuales. RGPD Art\u00edculo 6.1.a) consentimiento del interesado para el tratamiento de sus datos personales para una o varias finalidades espec\u00edficas.<\/p><p>Empleados: RGPD Art\u00edculo 6.1.b) el tratamiento es necesario para la ejecuci\u00f3n de un contrato en el cual el interesado es parte. RGPD Art\u00edculo 6.1.c) el tratamiento es necesario para el cumplimiento de una obligaci\u00f3n legal aplicable al responsable del tratamiento.<\/p><p>Solicitantes: RGPD Art\u00edculo 6.1.c) el tratamiento es necesario para el cumplimiento de una obligaci\u00f3n legal aplicable al responsable del tratamiento.<\/p><p>Para otras actividades de tratamiento que puedan no aparecer en esta pol\u00edtica de privacidad, rogamos que contacte con el Responsable del Tratamiento para pedir m\u00e1s informaci\u00f3n.<\/p><p>\u00bfDURANTE CU\u00c1NTO TIEMPO CONSERVAMOS SUS DATOS?<\/p><p>Los datos personales proporcionados se conservar\u00e1n durante el tiempo necesario para cumplir con la finalidad para la cual se recaudan y para determinar las posibles responsabilidades que se pudieran derivar de la finalidad, adem\u00e1s de los periodos establecidos en la normativa de archivos y documentaci\u00f3n.<\/p><p>\u00bfA QUI\u00c9N COMUNICAREMOS SUS DATOS?<\/p><p>Por norma general no se comunicar\u00e1n los datos personales a terceros, excepto por obligaci\u00f3n legal, entre las cuales pueden estar las comunicaciones a organizaciones directamente relacionadas con el responsable (Asesor\u00eda Fiscal, laboral y Contable. Entidades financieras. Agencia Estatal de Administraci\u00f3n Tributaria. Empresas de formaci\u00f3n. Entidad a quien se encomiende la gesti\u00f3n en materia de riesgos laborales. Instituto Nacional de la Seguridad Social. Tesorer\u00eda General de la Seguridad Social. Organizaciones sindicales. Empresas encargadas de marketing y publicidad. Empresas de Selecci\u00f3n de personal). Fuerzas y cuerpos de seguridad del Estado, \u00f3rganos judiciales, Ministerio Fiscal.<\/p><p>Aunque en las transmisiones de datos a trav\u00e9s de internet o desde una web no es posible garantizar una protecci\u00f3n absoluta contra intrusiones, nos esforzamos al m\u00e1ximo para mantener las medidas de protecci\u00f3n f\u00edsica, electr\u00f3nica y procedimentales necesarias para garantizar la protecci\u00f3n de su informaci\u00f3n de acuerdo con las exigencias aplicables en materia de protecci\u00f3n de datos.<\/p><p>Todos sus datos se guardan en servidores seguros (o copias f\u00edsicas seguras) de nuestra propiedad o de nuestros encargados del tratamiento, y para acceder a ellos y utilizarlos se aplican nuestros criterios y pol\u00edticas de seguridad (u otras equivalentes de nuestros encargados de tratamiento).<\/p><p>\u00bfREALIZAMOS TRANSFERENCIAS INTERNACIONALES DE DATOS?<\/p><p>ENVASADORAS EGARVAC, S.L.U. no tiene previstas las transferencias internacionales de datos.<\/p><p>\u00bfC\u00d3MO MANTENEMOS PROTEGIDOS SUS DATOS?<\/p><p>Para garantizar la protecci\u00f3n y mantener la seguridad, integridad y disponibilidad de sus datos, utilizamos varias medidas de seguridad.<\/p><p>Aunque en las transmisiones de datos a trav\u00e9s de internet o desde una web no es posible garantizar una protecci\u00f3n absoluta contra intrusiones, tanto nosotros como nuestros encargados del tratamiento, dedicamos los m\u00e1ximos esfuerzos para mantener las medidas de protecci\u00f3n f\u00edsica, electr\u00f3nica y procedimental con las cuales garantizar la protecci\u00f3n de sus datos de acuerdo con las exigencias legales aplicables en esta materia. Entre las medidas que utilizamos se incluyen las siguientes:<\/p><p>Limitar el acceso a sus datos \u00fanicamente a aquellas personas que tengan que conocerlos en atenci\u00f3n a las tareas que realizan.<\/p><p>Como regla general, transferir en formato cifrado los datos recogidos.<\/p><p>Almacenar los datos m\u00e1s sensibles (como los datos bancarios) solo en formato cifrado.<\/p><p>Instalar sistemas de protecci\u00f3n perimetral de las infraestructuras inform\u00e1ticas (firewalls) para impedir accesos no autorizados, por ejemplo hackers.<\/p><p>Comprobar habitualmente los accesos a los sistemas inform\u00e1ticos para detectar y detener cualquier uso indebido de los datos de car\u00e1cter personal.<\/p><p>En aquellos casos en que le hayamos facilitado (o usted haya elegido) una contrase\u00f1a que le permita acceder a determinadas partes de nuestro espacio web o de cualquier aplicaci\u00f3n o servicio bajo nuestro control, es usted responsable de mantenerla en secreto y de cumplir todos los otros procedimientos de seguridad que le notificamos. No podr\u00e1 compartir su contrase\u00f1a con nadie.<\/p><p>\u00bfQU\u00c9 DERECHOS PUEDEN EJERCER LOS INTERESADOS?<\/p><p>Cualquier persona tiene derecho a obtener confirmaci\u00f3n sobre los tratamientos que de sus datos se llevan a cabo por ENVASADORAS EGARVAC, S.L.U.<\/p><p>Puede ejercer sus derechos de acceso, rectificaci\u00f3n, supresi\u00f3n y portabilidad de sus datos, de limitaci\u00f3n y oposici\u00f3n a su tratamiento, as\u00ed como a no ser objeto de decisiones basadas \u00fanicamente en el tratamiento automatizado de sus datos, y a retirar el consentimiento prestado ante ENVASADORAS EGARVAC, S.L.U. contactando mediante el formulario de contacto del Sitio. Adem\u00e1s, el interesado puede dirigirse a la Autoridad de Control en materia de Protecci\u00f3n de Datos competente para obtener informaci\u00f3n adicional o presentar una reclamaci\u00f3n.<\/p><p>POL\u00cdTICA DE RECOGIDA Y TRATAMIENTO DE COOKIES,<\/p><p>en cumplimiento de lo que se dispone en el art\u00edculo 22.2 de la Ley 34\/2002, de 11 de julio, de Servicios de la Sociedad de la Informaci\u00f3n y de Comercio Electr\u00f3nico (LSSICE)<\/p><p>ENVASADORAS EGARVAC, S.L.U. informa a los usuarios de su Sitio de la existencia de cookies y pone a su disposici\u00f3n la presente Pol\u00edtica de Cookies con el fin de informarlos sobre el uso y del objeto de \u00e9stas. El hecho de continuar la navegaci\u00f3n en su Sitio Web, supone el conocimiento y la aceptaci\u00f3n de la presente Pol\u00edtica por parte de estos usuarios.<\/p><p>La presente Pol\u00edtica de Cookies ser\u00e1 aplicable a aquellos usuarios que voluntariamente visitan el espacio web de ENVASADORAS EGARVAC, S.L.U., rellenan formularios de recogida de datos, acceden a las herramientas que ENVASADORAS EGARVAC, S.L.U. pone a disposici\u00f3n de sus clientes para gestionar sus servicios, o que utilizan cualquier otro servicio presente en el Sitio Web que implique la comunicaci\u00f3n de datos a ENVASADORAS EGARVAC, S.L.U. para la prestaci\u00f3n de sus servicios.<\/p><p>Las cookies se almacenan en el equipo terminal del usuario (ordenador o dispositivo m\u00f3vil) y recopilan informaci\u00f3n al visitar el Sitio Web, con el fin de mejorar su usabilidad y conocer los h\u00e1bitos o necesidades de navegaci\u00f3n de los usuarios para poder adaptar el Sitio a \u00e9stos, as\u00ed como obtener informaci\u00f3n con fines estad\u00edsticos.<\/p><p>En el caso de usuarios que ya sean clientes de ENVASADORAS EGARVAC, S.L.U., la informaci\u00f3n recopilada con las cookies servir\u00e1 tambi\u00e9n para su identificaci\u00f3n al acceder a las diferentes herramientas que se ponen a su disposici\u00f3n para la gesti\u00f3n de los servicios.<\/p><p>ENVASADORAS EGARVAC, S.L.U. utiliza los siguientes tipos de cookies:<\/p><p>Cookies t\u00e9cnicas y\/o de personalizaci\u00f3n, que facilitan la navegaci\u00f3n al identificar la sesi\u00f3n, permiten el acceso a herramientas de acceso restringido, configuran a medida las opciones disponibles y posibilitan la prestaci\u00f3n del servicio solicitado previamente por el usuario.<\/p><p>Cookies de an\u00e1lisis y\/o publicidad que recopilan datos de manera an\u00f3nima con el fin de obtener perfiles de navegaci\u00f3n de los usuarios, y que permiten conocer el n\u00famero de visitas recibidas en las diferentes secciones del Sitio Web, los h\u00e1bitos y tendencias de sus usuarios y que en consecuencia pueden mejorar la navegaci\u00f3n y el servicio ofrecido.<\/p><p>Las cookies pueden recaudar y almacenar datos mientras el usuario accede al Sitio Web o almacenar los datos en el terminal del usuario durante un periodo de tiempo variable en funci\u00f3n de cual sea la finalidad para la cual han sido utilizadas. El tiempo de conservaci\u00f3n de las cookies depender\u00e1 del tipo de que se trate y siempre ser\u00e1 el m\u00ednimo indispensable para cumplir su finalidad.<\/p><p>En cualquier caso, los usuarios pueden configurar su navegador, de forma que se deshabilite o bloquee la recepci\u00f3n de todas o algunas de las cookies. El hecho de no desear recibir estas cookies no constituye un impedimento para poder acceder a la informaci\u00f3n del Sitio aunque el uso de algunos servicios podr\u00eda ser limitado.<\/p><p>Si una vez otorgado el consentimiento para la recepci\u00f3n de cookies se deseara retirarlo, se tendr\u00e1n que eliminar aquellas almacenadas en el equipo del usuario, a trav\u00e9s de las opciones de los diferentes navegadores.<\/p><p>CONTACTO<\/p><p>Cualquier comunicaci\u00f3n con ENVASADORAS EGARVAC, S.L.U. relacionada con su Pol\u00edtica de Privacidad se debe hacer mediante el formulario de contacto del Sitio.<\/p>\t\t\t\t\t\t\t\t<\/div>\n\t\t\t\t<\/div>\n\t\t\t\t<\/div>\n\t\t\t\t<\/div>\n\t\t\t\t<\/div>","protected":false},"excerpt":{"rendered":"<p>A trav\u00e9s de este Sitio Web no se recaudan datos de car\u00e1cter personal de los usuarios sin su conocimiento, ni se ceden a terceros. INFORMACI\u00d3N B\u00c1SICA SOBRE PROTECCI\u00d3N DE DATOS \u00bfQui\u00e9n es el Responsable del tratamiento? Los datos de car\u00e1cter personal que se pudieran recaudar directamente del interesado ser\u00e1n tratados de manera confidencial y quedar\u00e1n [&hellip;]<\/p>\n","protected":false},"author":1,"featured_media":0,"parent":0,"menu_order":0,"comment_status":"closed","ping_status":"closed","template":"","meta":{"footnotes":""},"class_list":["post-2057","page","type-page","status-publish","hentry"],"_links":{"self":[{"href":"https:\/\/www.egarvac.com\/en\/wp-json\/wp\/v2\/pages\/2057","targetHints":{"allow":["GET"]}}],"collection":[{"href":"https:\/\/www.egarvac.com\/en\/wp-json\/wp\/v2\/pages"}],"about":[{"href":"https:\/\/www.egarvac.com\/en\/wp-json\/wp\/v2\/types\/page"}],"author":[{"embeddable":true,"href":"https:\/\/www.egarvac.com\/en\/wp-json\/wp\/v2\/users\/1"}],"replies":[{"embeddable":true,"href":"https:\/\/www.egarvac.com\/en\/wp-json\/wp\/v2\/comments?post=2057"}],"version-history":[{"count":0,"href":"https:\/\/www.egarvac.com\/en\/wp-json\/wp\/v2\/pages\/2057\/revisions"}],"wp:attachment":[{"href":"https:\/\/www.egarvac.com\/en\/wp-json\/wp\/v2\/media?parent=2057"}],"curies":[{"name":"wp","href":"https:\/\/api.w.org\/{rel}","templated":true}]}}