{"id":366,"date":"2025-01-10T13:42:46","date_gmt":"2025-01-10T12:42:46","guid":{"rendered":"https:\/\/www.kevovac.es\/?page_id=366"},"modified":"2025-05-06T12:30:08","modified_gmt":"2025-05-06T10:30:08","slug":"tipo-de-soldadura","status":"publish","type":"page","link":"https:\/\/www.egarvac.com\/en\/tipo-de-soldadura\/","title":{"rendered":"Tipo de soldadura"},"content":{"rendered":"<div data-elementor-type=\"wp-page\" data-elementor-id=\"366\" class=\"elementor elementor-366\" data-elementor-post-type=\"page\">\n\t\t\t\t<div class=\"elementor-element elementor-element-e46491c e-flex e-con-boxed e-con e-parent\" data-id=\"e46491c\" data-element_type=\"container\" data-e-type=\"container\">\n\t\t\t\t\t<div class=\"e-con-inner\">\n\t\t\t\t<div class=\"elementor-element elementor-element-9178aaf elementor-widget elementor-widget-text-editor\" data-id=\"9178aaf\" data-element_type=\"widget\" data-e-type=\"widget\" data-widget_type=\"text-editor.default\">\n\t\t\t\t<div class=\"elementor-widget-container\">\n\t\t\t\t\t\t\t\t\t<p><span style=\"color: #404040;\"><span style=\"caret-color: #404040;\"><span style=\"color: #808080;\">ENVASADORAS:<\/span> <strong>Tipos de soldaduras<\/strong><\/span><\/span><\/p>\t\t\t\t\t\t\t\t<\/div>\n\t\t\t\t<\/div>\n\t\t\t\t\t<\/div>\n\t\t\t\t<\/div>\n\t\t<div class=\"elementor-element elementor-element-5c30ba9 e-con-full e-flex elementor-invisible e-con e-parent\" data-id=\"5c30ba9\" data-element_type=\"container\" data-e-type=\"container\" data-settings=\"{&quot;animation&quot;:&quot;fadeIn&quot;}\">\n\t\t<div class=\"elementor-element elementor-element-d33c26b e-con-full e-flex e-con e-child\" data-id=\"d33c26b\" data-element_type=\"container\" data-e-type=\"container\">\n\t\t<div class=\"elementor-element elementor-element-a5bec1e e-con-full e-flex e-con e-child\" data-id=\"a5bec1e\" data-element_type=\"container\" data-e-type=\"container\" data-settings=\"{&quot;background_background&quot;:&quot;classic&quot;}\">\n\t\t\t\t<div class=\"elementor-element elementor-element-4ebdf55 elementor-widget elementor-widget-image\" data-id=\"4ebdf55\" data-element_type=\"widget\" data-e-type=\"widget\" data-widget_type=\"image.default\">\n\t\t\t\t<div class=\"elementor-widget-container\">\n\t\t\t\t\t\t\t\t\t\t\t\t\t\t\t<img fetchpriority=\"high\" decoding=\"async\" width=\"461\" height=\"314\" src=\"https:\/\/www.egarvac.com\/wp-content\/uploads\/2025\/02\/0701-EGARVAC-Tipos-de-soldaduras-02.svg\" class=\"attachment-large size-large wp-image-1751\" alt=\"Tipos de soldaduras EGARVAC - Configuraci\u00f3n de barras de soldadura simple\" \/>\t\t\t\t\t\t\t\t\t\t\t\t\t\t\t<\/div>\n\t\t\t\t<\/div>\n\t\t\t\t<\/div>\n\t\t<div class=\"elementor-element elementor-element-22cf423 e-con-full e-flex e-con e-child\" data-id=\"22cf423\" data-element_type=\"container\" data-e-type=\"container\" data-settings=\"{&quot;background_background&quot;:&quot;classic&quot;}\">\n\t\t\t\t<div class=\"elementor-element elementor-element-af3fa9e elementor-widget elementor-widget-image\" data-id=\"af3fa9e\" data-element_type=\"widget\" data-e-type=\"widget\" data-widget_type=\"image.default\">\n\t\t\t\t<div class=\"elementor-widget-container\">\n\t\t\t\t\t\t\t\t\t\t\t\t\t\t\t<img decoding=\"async\" width=\"461\" height=\"314\" src=\"https:\/\/www.egarvac.com\/wp-content\/uploads\/2025\/02\/0701-EGARVAC-Tipos-de-soldaduras-03.svg\" class=\"attachment-large size-large wp-image-1752\" alt=\"ipos de soldaduras EGARVAC - Configuraci\u00f3n de barras de soldadura doble\" \/>\t\t\t\t\t\t\t\t\t\t\t\t\t\t\t<\/div>\n\t\t\t\t<\/div>\n\t\t\t\t<\/div>\n\t\t<div class=\"elementor-element elementor-element-4bc5f0d e-con-full e-flex e-con e-child\" data-id=\"4bc5f0d\" data-element_type=\"container\" data-e-type=\"container\" data-settings=\"{&quot;background_background&quot;:&quot;classic&quot;}\">\n\t\t\t\t<div class=\"elementor-element elementor-element-fd78017 elementor-widget elementor-widget-image\" data-id=\"fd78017\" data-element_type=\"widget\" data-e-type=\"widget\" data-widget_type=\"image.default\">\n\t\t\t\t<div class=\"elementor-widget-container\">\n\t\t\t\t\t\t\t\t\t\t\t\t\t\t\t<img decoding=\"async\" width=\"461\" height=\"314\" src=\"https:\/\/www.egarvac.com\/wp-content\/uploads\/2025\/02\/0701-EGARVAC-Tipos-de-soldaduras-04.svg\" class=\"attachment-large size-large wp-image-1753\" alt=\"Tipos de soldaduras EGARVAC - Opciones de barras de soldadura para m\u00e1quinas de envasado\" \/>\t\t\t\t\t\t\t\t\t\t\t\t\t\t\t<\/div>\n\t\t\t\t<\/div>\n\t\t\t\t<\/div>\n\t\t\t\t<\/div>\n\t\t\t\t<\/div>\n\t\t<div class=\"elementor-element elementor-element-1f1a13e e-flex e-con-boxed e-con e-parent\" data-id=\"1f1a13e\" data-element_type=\"container\" data-e-type=\"container\">\n\t\t\t\t\t<div class=\"e-con-inner\">\n\t\t\t\t<div class=\"elementor-element elementor-element-e43d955 elementor-widget-tablet__width-initial elementor-widget elementor-widget-text-editor\" data-id=\"e43d955\" data-element_type=\"widget\" data-e-type=\"widget\" data-widget_type=\"text-editor.default\">\n\t\t\t\t<div class=\"elementor-widget-container\">\n\t\t\t\t\t\t\t\t\tPosibilidad de elecci\u00f3n de las barras de soldadura en tipo, n\u00famero y disposici\u00f3n. Cons\u00faltenos siempre.\t\t\t\t\t\t\t\t<\/div>\n\t\t\t\t<\/div>\n\t\t\t\t\t<\/div>\n\t\t\t\t<\/div>\n\t\t\t\t<\/div>","protected":false},"excerpt":{"rendered":"<p>ENVASADORAS: Tipos de soldaduras Posibilidad de elecci\u00f3n de las barras de soldadura en tipo, n\u00famero y disposici\u00f3n. Cons\u00faltenos siempre.<\/p>","protected":false},"author":1,"featured_media":1749,"parent":0,"menu_order":0,"comment_status":"closed","ping_status":"closed","template":"","meta":{"footnotes":""},"class_list":["post-366","page","type-page","status-publish","has-post-thumbnail","hentry"],"_links":{"self":[{"href":"https:\/\/www.egarvac.com\/en\/wp-json\/wp\/v2\/pages\/366","targetHints":{"allow":["GET"]}}],"collection":[{"href":"https:\/\/www.egarvac.com\/en\/wp-json\/wp\/v2\/pages"}],"about":[{"href":"https:\/\/www.egarvac.com\/en\/wp-json\/wp\/v2\/types\/page"}],"author":[{"embeddable":true,"href":"https:\/\/www.egarvac.com\/en\/wp-json\/wp\/v2\/users\/1"}],"replies":[{"embeddable":true,"href":"https:\/\/www.egarvac.com\/en\/wp-json\/wp\/v2\/comments?post=366"}],"version-history":[{"count":0,"href":"https:\/\/www.egarvac.com\/en\/wp-json\/wp\/v2\/pages\/366\/revisions"}],"wp:featuredmedia":[{"embeddable":true,"href":"https:\/\/www.egarvac.com\/en\/wp-json\/wp\/v2\/media\/1749"}],"wp:attachment":[{"href":"https:\/\/www.egarvac.com\/en\/wp-json\/wp\/v2\/media?parent=366"}],"curies":[{"name":"wp","href":"https:\/\/api.w.org\/{rel}","templated":true}]}}