{"id":683,"date":"2025-01-13T13:26:18","date_gmt":"2025-01-13T12:26:18","guid":{"rendered":"https:\/\/www.kevovac.es\/?page_id=683"},"modified":"2025-05-06T11:27:42","modified_gmt":"2025-05-06T09:27:42","slug":"egar-40","status":"publish","type":"page","link":"https:\/\/www.egarvac.com\/en\/egar-40\/","title":{"rendered":"EGAR-40"},"content":{"rendered":"<div data-elementor-type=\"wp-page\" data-elementor-id=\"683\" class=\"elementor elementor-683\" data-elementor-post-type=\"page\">\n\t\t\t\t<div class=\"elementor-element elementor-element-14472be6 e-flex e-con-boxed e-con e-parent\" data-id=\"14472be6\" data-element_type=\"container\" data-e-type=\"container\">\n\t\t\t\t\t<div class=\"e-con-inner\">\n\t\t\t\t<div class=\"elementor-element elementor-element-207ce21d elementor-widget elementor-widget-text-editor\" data-id=\"207ce21d\" data-element_type=\"widget\" data-e-type=\"widget\" data-widget_type=\"text-editor.default\">\n\t\t\t\t<div class=\"elementor-widget-container\">\n\t\t\t\t\t\t\t\t\t<p><strong><span style=\"color: #000000;\">AL DETALLE:<\/span><\/strong>\u00a0<span style=\"color: #404040;\">Termoselladoras de barquetas, CON VAC\u00cdO Y GAS<\/span>\u00a0&#8211; <span style=\"color: #808080;\"><em>Modelos DE PIE &#8211; <\/em>EGAR-40<\/span><\/p>\t\t\t\t\t\t\t\t<\/div>\n\t\t\t\t<\/div>\n\t\t\t\t\t<\/div>\n\t\t\t\t<\/div>\n\t\t<div class=\"elementor-element elementor-element-4015aee4 e-con-full e-flex elementor-invisible e-con e-parent\" data-id=\"4015aee4\" data-element_type=\"container\" data-e-type=\"container\" data-settings=\"{&quot;animation&quot;:&quot;fadeIn&quot;}\">\n\t\t<div class=\"elementor-element elementor-element-47f460ff e-con-full e-flex e-con e-child\" data-id=\"47f460ff\" data-element_type=\"container\" data-e-type=\"container\">\n\t\t\t\t<div class=\"elementor-element elementor-element-749e971 elementor-widget elementor-widget-image\" data-id=\"749e971\" data-element_type=\"widget\" data-e-type=\"widget\" data-widget_type=\"image.default\">\n\t\t\t\t<div class=\"elementor-widget-container\">\n\t\t\t\t\t\t\t\t\t\t\t\t\t\t\t<img fetchpriority=\"high\" decoding=\"async\" width=\"685\" height=\"587\" src=\"https:\/\/www.egarvac.com\/wp-content\/uploads\/2025\/01\/697-Termoselladora-EGAR-40-EGARVAC.jpg\" class=\"attachment-large size-large wp-image-1390\" alt=\"Termoselladora EGAR-40, ideal para sellado de barquetas con vac\u00edo y gas, ofreciendo alta capacidad y rendimiento\" srcset=\"https:\/\/www.egarvac.com\/wp-content\/uploads\/2025\/01\/697-Termoselladora-EGAR-40-EGARVAC.jpg 685w, https:\/\/www.egarvac.com\/wp-content\/uploads\/2025\/01\/697-Termoselladora-EGAR-40-EGARVAC-300x257.jpg 300w\" sizes=\"(max-width: 685px) 100vw, 685px\" \/>\t\t\t\t\t\t\t\t\t\t\t\t\t\t\t<\/div>\n\t\t\t\t<\/div>\n\t\t\t\t<\/div>\n\t\t<div class=\"elementor-element elementor-element-2bd8688d e-con-full e-flex e-con e-child\" data-id=\"2bd8688d\" data-element_type=\"container\" data-e-type=\"container\">\n\t\t\t\t<div class=\"elementor-element elementor-element-17f61909 elementor-widget elementor-widget-image\" data-id=\"17f61909\" data-element_type=\"widget\" data-e-type=\"widget\" data-widget_type=\"image.default\">\n\t\t\t\t<div class=\"elementor-widget-container\">\n\t\t\t\t\t\t\t\t\t\t\t\t\t\t\t<img decoding=\"async\" width=\"685\" height=\"587\" src=\"https:\/\/www.egarvac.com\/wp-content\/uploads\/2025\/01\/696-Termoselladora-EGAR-40-EGARVAC.jpg\" class=\"attachment-large size-large wp-image-1389\" alt=\"Termoselladoras de barquetas con vac\u00edo y gas, de pie: EGAR-40\" srcset=\"https:\/\/www.egarvac.com\/wp-content\/uploads\/2025\/01\/696-Termoselladora-EGAR-40-EGARVAC.jpg 685w, https:\/\/www.egarvac.com\/wp-content\/uploads\/2025\/01\/696-Termoselladora-EGAR-40-EGARVAC-300x257.jpg 300w\" sizes=\"(max-width: 685px) 100vw, 685px\" \/>\t\t\t\t\t\t\t\t\t\t\t\t\t\t\t<\/div>\n\t\t\t\t<\/div>\n\t\t\t\t<div class=\"elementor-element elementor-element-486906b7 elementor-widget elementor-widget-heading\" data-id=\"486906b7\" data-element_type=\"widget\" data-e-type=\"widget\" data-widget_type=\"heading.default\">\n\t\t\t\t<div class=\"elementor-widget-container\">\n\t\t\t\t\t<h2 class=\"elementor-heading-title elementor-size-default\">EGAR-40<\/h2>\t\t\t\t<\/div>\n\t\t\t\t<\/div>\n\t\t\t\t<\/div>\n\t\t\t\t<\/div>\n\t\t<div class=\"elementor-element elementor-element-5813ac71 e-con-full e-flex elementor-invisible e-con e-parent\" data-id=\"5813ac71\" data-element_type=\"container\" data-e-type=\"container\" data-settings=\"{&quot;animation&quot;:&quot;fadeIn&quot;}\">\n\t\t<div class=\"elementor-element elementor-element-1d6f3010 e-con-full e-flex e-con e-child\" data-id=\"1d6f3010\" data-element_type=\"container\" data-e-type=\"container\">\n\t\t\t\t<div class=\"elementor-element elementor-element-dbb530c elementor-widget elementor-widget-image\" data-id=\"dbb530c\" data-element_type=\"widget\" data-e-type=\"widget\" data-widget_type=\"image.default\">\n\t\t\t\t<div class=\"elementor-widget-container\">\n\t\t\t\t\t\t\t\t\t\t\t\t\t\t\t<img decoding=\"async\" width=\"685\" height=\"587\" src=\"https:\/\/www.egarvac.com\/wp-content\/uploads\/2025\/01\/691-Termoselladoras-EGAR-40S-y-EGAR-40-EGARVAC.jpg\" class=\"attachment-large size-large wp-image-1366\" alt=\"Termoselladoras EGAR-40S y EGAR-40 con sistema de vac\u00edo y gas, vista general\" srcset=\"https:\/\/www.egarvac.com\/wp-content\/uploads\/2025\/01\/691-Termoselladoras-EGAR-40S-y-EGAR-40-EGARVAC.jpg 685w, https:\/\/www.egarvac.com\/wp-content\/uploads\/2025\/01\/691-Termoselladoras-EGAR-40S-y-EGAR-40-EGARVAC-300x257.jpg 300w\" sizes=\"(max-width: 685px) 100vw, 685px\" \/>\t\t\t\t\t\t\t\t\t\t\t\t\t\t\t<\/div>\n\t\t\t\t<\/div>\n\t\t\t\t<\/div>\n\t\t<div class=\"elementor-element elementor-element-2dc8f195 e-con-full e-flex e-con e-child\" data-id=\"2dc8f195\" data-element_type=\"container\" data-e-type=\"container\">\n\t\t\t\t<div class=\"elementor-element elementor-element-5292c535 elementor-widget elementor-widget-image\" data-id=\"5292c535\" data-element_type=\"widget\" data-e-type=\"widget\" data-widget_type=\"image.default\">\n\t\t\t\t<div class=\"elementor-widget-container\">\n\t\t\t\t\t\t\t\t\t\t\t\t\t\t\t<img loading=\"lazy\" decoding=\"async\" width=\"685\" height=\"587\" src=\"https:\/\/www.egarvac.com\/wp-content\/uploads\/2025\/01\/693-Termoselladoras-EGAR-40S-y-EGAR-40-EGARVAC.jpg\" class=\"attachment-large size-large wp-image-1368\" alt=\"Modelos EGAR-40S y EGAR-40 de termoselladoras con inyecci\u00f3n de gas y control por sensor\" srcset=\"https:\/\/www.egarvac.com\/wp-content\/uploads\/2025\/01\/693-Termoselladoras-EGAR-40S-y-EGAR-40-EGARVAC.jpg 685w, https:\/\/www.egarvac.com\/wp-content\/uploads\/2025\/01\/693-Termoselladoras-EGAR-40S-y-EGAR-40-EGARVAC-300x257.jpg 300w\" sizes=\"(max-width: 685px) 100vw, 685px\" \/>\t\t\t\t\t\t\t\t\t\t\t\t\t\t\t<\/div>\n\t\t\t\t<\/div>\n\t\t\t\t<\/div>\n\t\t\t\t<\/div>\n\t\t<div class=\"elementor-element elementor-element-1a807502 e-con-full e-flex elementor-invisible e-con e-parent\" data-id=\"1a807502\" data-element_type=\"container\" data-e-type=\"container\" data-settings=\"{&quot;animation&quot;:&quot;fadeIn&quot;}\">\n\t\t<div class=\"elementor-element elementor-element-44325435 e-con-full e-flex e-con e-child\" data-id=\"44325435\" data-element_type=\"container\" data-e-type=\"container\">\n\t\t\t\t<div class=\"elementor-element elementor-element-19f5796a elementor-widget elementor-widget-image\" data-id=\"19f5796a\" data-element_type=\"widget\" data-e-type=\"widget\" data-widget_type=\"image.default\">\n\t\t\t\t<div class=\"elementor-widget-container\">\n\t\t\t\t\t\t\t\t\t\t\t\t\t\t\t<img loading=\"lazy\" decoding=\"async\" width=\"685\" height=\"587\" src=\"https:\/\/www.egarvac.com\/wp-content\/uploads\/2025\/01\/690-Termoselladoras-EGAR-40S-y-EGAR-40-EGARVAC.jpg\" class=\"attachment-large size-large wp-image-1365\" alt=\"Modelos EGAR-40S y EGAR-40 de termoselladoras con vac\u00edo y gas, dise\u00f1o de sobremesa y de pie\" srcset=\"https:\/\/www.egarvac.com\/wp-content\/uploads\/2025\/01\/690-Termoselladoras-EGAR-40S-y-EGAR-40-EGARVAC.jpg 685w, https:\/\/www.egarvac.com\/wp-content\/uploads\/2025\/01\/690-Termoselladoras-EGAR-40S-y-EGAR-40-EGARVAC-300x257.jpg 300w\" sizes=\"(max-width: 685px) 100vw, 685px\" \/>\t\t\t\t\t\t\t\t\t\t\t\t\t\t\t<\/div>\n\t\t\t\t<\/div>\n\t\t\t\t<\/div>\n\t\t<div class=\"elementor-element elementor-element-741f5b7d e-con-full e-flex e-con e-child\" data-id=\"741f5b7d\" data-element_type=\"container\" data-e-type=\"container\">\n\t\t\t\t<div class=\"elementor-element elementor-element-562afccb elementor-widget elementor-widget-image\" data-id=\"562afccb\" data-element_type=\"widget\" data-e-type=\"widget\" data-widget_type=\"image.default\">\n\t\t\t\t<div class=\"elementor-widget-container\">\n\t\t\t\t\t\t\t\t\t\t\t\t\t\t\t<img loading=\"lazy\" decoding=\"async\" width=\"685\" height=\"587\" src=\"https:\/\/www.egarvac.com\/wp-content\/uploads\/2025\/01\/694-Termoselladoras-EGAR-40S-y-EGAR-40-EGARVAC.jpg\" class=\"attachment-large size-large wp-image-1369\" alt=\"Termoselladoras EGAR-40S y EGAR-40 con sistema de vac\u00edo y gas para envasado profesional\" srcset=\"https:\/\/www.egarvac.com\/wp-content\/uploads\/2025\/01\/694-Termoselladoras-EGAR-40S-y-EGAR-40-EGARVAC.jpg 685w, https:\/\/www.egarvac.com\/wp-content\/uploads\/2025\/01\/694-Termoselladoras-EGAR-40S-y-EGAR-40-EGARVAC-300x257.jpg 300w\" sizes=\"(max-width: 685px) 100vw, 685px\" \/>\t\t\t\t\t\t\t\t\t\t\t\t\t\t\t<\/div>\n\t\t\t\t<\/div>\n\t\t\t\t<\/div>\n\t\t\t\t<\/div>\n\t\t<div class=\"elementor-element elementor-element-224b0b35 e-con-full e-flex elementor-invisible e-con e-parent\" data-id=\"224b0b35\" data-element_type=\"container\" data-e-type=\"container\" data-settings=\"{&quot;animation&quot;:&quot;fadeIn&quot;}\">\n\t\t<div class=\"elementor-element elementor-element-bc5b8d3 e-con-full e-flex e-con e-child\" data-id=\"bc5b8d3\" data-element_type=\"container\" data-e-type=\"container\">\n\t\t\t\t<div class=\"elementor-element elementor-element-32fb5891 elementor-widget elementor-widget-image\" data-id=\"32fb5891\" data-element_type=\"widget\" data-e-type=\"widget\" data-widget_type=\"image.default\">\n\t\t\t\t<div class=\"elementor-widget-container\">\n\t\t\t\t\t\t\t\t\t\t\t\t\t\t\t<img loading=\"lazy\" decoding=\"async\" width=\"685\" height=\"587\" src=\"https:\/\/www.egarvac.com\/wp-content\/uploads\/2025\/01\/692-Termoselladoras-EGAR-40S-y-EGAR-40-EGARVAC.jpg\" class=\"attachment-large size-large wp-image-1367\" alt=\"Termoselladoras EGAR-40S y EGAR-40 para barquetas con vac\u00edo y gas\" srcset=\"https:\/\/www.egarvac.com\/wp-content\/uploads\/2025\/01\/692-Termoselladoras-EGAR-40S-y-EGAR-40-EGARVAC.jpg 685w, https:\/\/www.egarvac.com\/wp-content\/uploads\/2025\/01\/692-Termoselladoras-EGAR-40S-y-EGAR-40-EGARVAC-300x257.jpg 300w\" sizes=\"(max-width: 685px) 100vw, 685px\" \/>\t\t\t\t\t\t\t\t\t\t\t\t\t\t\t<\/div>\n\t\t\t\t<\/div>\n\t\t\t\t<\/div>\n\t\t<div class=\"elementor-element elementor-element-33c58435 e-con-full e-flex e-con e-child\" data-id=\"33c58435\" data-element_type=\"container\" data-e-type=\"container\">\n\t\t\t\t<div class=\"elementor-element elementor-element-7d412288 elementor-widget elementor-widget-image\" data-id=\"7d412288\" data-element_type=\"widget\" data-e-type=\"widget\" data-widget_type=\"image.default\">\n\t\t\t\t<div class=\"elementor-widget-container\">\n\t\t\t\t\t\t\t\t\t\t\t\t\t\t\t<img loading=\"lazy\" decoding=\"async\" width=\"685\" height=\"587\" src=\"https:\/\/www.egarvac.com\/wp-content\/uploads\/2025\/01\/695-Termoselladoras-EGAR-40S-y-EGAR-40-EGARVAC.jpg\" class=\"attachment-large size-large wp-image-1370\" alt=\"Detalle del panel de control de las termoselladoras EGAR-40S y EGAR-40, con tecnolog\u00eda avanzada para sellado preciso y eficiente\" srcset=\"https:\/\/www.egarvac.com\/wp-content\/uploads\/2025\/01\/695-Termoselladoras-EGAR-40S-y-EGAR-40-EGARVAC.jpg 685w, https:\/\/www.egarvac.com\/wp-content\/uploads\/2025\/01\/695-Termoselladoras-EGAR-40S-y-EGAR-40-EGARVAC-300x257.jpg 300w\" sizes=\"(max-width: 685px) 100vw, 685px\" \/>\t\t\t\t\t\t\t\t\t\t\t\t\t\t\t<\/div>\n\t\t\t\t<\/div>\n\t\t\t\t<\/div>\n\t\t\t\t<\/div>\n\t\t<div class=\"elementor-element elementor-element-55279a e-con-full e-flex elementor-invisible e-con e-parent\" data-id=\"55279a\" data-element_type=\"container\" data-e-type=\"container\" data-settings=\"{&quot;animation&quot;:&quot;fadeIn&quot;}\">\n\t\t<div class=\"elementor-element elementor-element-515a663b e-con-full e-flex e-con e-child\" data-id=\"515a663b\" data-element_type=\"container\" data-e-type=\"container\">\n\t\t\t\t<div class=\"elementor-element elementor-element-d0e0 elementor-widget elementor-widget-image\" data-id=\"d0e0\" data-element_type=\"widget\" data-e-type=\"widget\" data-widget_type=\"image.default\">\n\t\t\t\t<div class=\"elementor-widget-container\">\n\t\t\t\t\t\t\t\t\t\t\t\t\t\t\t<img loading=\"lazy\" decoding=\"async\" width=\"685\" height=\"587\" src=\"https:\/\/www.egarvac.com\/wp-content\/uploads\/2025\/01\/689-Termoselladoras-EGAR-40S-y-EGAR-40-EGARVAC.jpg\" class=\"attachment-large size-large wp-image-1364\" alt=\"Envasadoras al vac\u00edo de campana de pie y sobremesa\" srcset=\"https:\/\/www.egarvac.com\/wp-content\/uploads\/2025\/01\/689-Termoselladoras-EGAR-40S-y-EGAR-40-EGARVAC.jpg 685w, https:\/\/www.egarvac.com\/wp-content\/uploads\/2025\/01\/689-Termoselladoras-EGAR-40S-y-EGAR-40-EGARVAC-300x257.jpg 300w\" sizes=\"(max-width: 685px) 100vw, 685px\" \/>\t\t\t\t\t\t\t\t\t\t\t\t\t\t\t<\/div>\n\t\t\t\t<\/div>\n\t\t\t\t<div class=\"elementor-element elementor-element-38dbfc53 elementor-widget elementor-widget-heading\" data-id=\"38dbfc53\" data-element_type=\"widget\" data-e-type=\"widget\" data-widget_type=\"heading.default\">\n\t\t\t\t<div class=\"elementor-widget-container\">\n\t\t\t\t\t<h2 class=\"elementor-heading-title elementor-size-default\">EGAR-40S, EGAR-40<\/h2>\t\t\t\t<\/div>\n\t\t\t\t<\/div>\n\t\t\t\t<\/div>\n\t\t<div class=\"elementor-element elementor-element-39f5554f e-con-full e-flex e-con e-child\" data-id=\"39f5554f\" data-element_type=\"container\" data-e-type=\"container\">\n\t\t\t\t<div class=\"elementor-element elementor-element-3299f4ec elementor-widget elementor-widget-text-editor\" data-id=\"3299f4ec\" data-element_type=\"widget\" data-e-type=\"widget\" data-widget_type=\"text-editor.default\">\n\t\t\t\t<div class=\"elementor-widget-container\">\n\t\t\t\t\t\t\t\t\tTermoselladoras para el envasado al vac\u00edo y con gas, de productos en barquetas.\t\t\t\t\t\t\t\t<\/div>\n\t\t\t\t<\/div>\n\t\t\t\t<div class=\"elementor-element elementor-element-511c5466 elementor-widget elementor-widget-text-editor\" data-id=\"511c5466\" data-element_type=\"widget\" data-e-type=\"widget\" data-widget_type=\"text-editor.default\">\n\t\t\t\t<div class=\"elementor-widget-container\">\n\t\t\t\t\t\t\t\t\tLa soluci\u00f3n profesional de EGARVAC en talla media, para conservar alimentos (frescos, crudos, cocinados, congelados&#8230;) o cualquier producto que deba estar al abrigo de las condiciones ambientales: en restauraci\u00f3n y catering, en comercios de alimentaci\u00f3n y supermercados, en instalaciones sanitarias y laboratorios, en agroindustria, sector hortofrut\u00edcola, electr\u00f3nica&#8230;\n\nLa rigidez del propio envase convierten a las barquetas en un segmento particular del envasado al vac\u00edo, que tambi\u00e9n tiene respuesta efectiva en nuestra gama. El producto a envasar tiene aqu\u00ed una modificaci\u00f3n imperceptible de su aspecto, la presentaci\u00f3n puede ser m\u00e1s cuidada y la preservaci\u00f3n que proporciona el vac\u00edo llega a art\u00edculos para los que otras soluciones no pueden ser tan eficientes. La facilidad de uso de las EGAR-40, su demostrada fiabilidad y una muy pensada versatilidad en su funcionamiento, permiten producciones peque\u00f1as con diversidad de art\u00edculos y grandes de un mismo producto, utilizando las barquetas m\u00e1s comunes del mercado.\t\t\t\t\t\t\t\t<\/div>\n\t\t\t\t<\/div>\n\t\t\t\t<div class=\"elementor-element elementor-element-42fb8e92 elementor-align-justify elementor-widget__width-inherit btnici elementor-widget elementor-widget-button\" data-id=\"42fb8e92\" data-element_type=\"widget\" data-e-type=\"widget\" data-widget_type=\"button.default\">\n\t\t\t\t<div class=\"elementor-widget-container\">\n\t\t\t\t\t\t\t\t\t<div class=\"elementor-button-wrapper\">\n\t\t\t\t\t<a class=\"elementor-button elementor-button-link elementor-size-sm\" href=\"https:\/\/egarvac.com\/wp-content\/uploads\/2025\/01\/Termoselladoras-con-vacio-y-gas-EGARVAC.pdf\" target=\"_blank\" rel=\"noopener\">\n\t\t\t\t\t\t<span class=\"elementor-button-content-wrapper\">\n\t\t\t\t\t\t<span class=\"elementor-button-icon\">\n\t\t\t\t<svg xmlns=\"http:\/\/www.w3.org\/2000\/svg\" id=\"Capa_1\" data-name=\"Capa 1\" viewbox=\"0 0 192.18 177.1\"><defs><style>      .cls-1 {        fill: none;      }      .cls-2 {        fill: #fff;      }    <\/style><\/defs><path class=\"cls-2\" d=\"M148.19,95l-26.63,26.63c-1.43,1.45-3.3,2.16-5.18,2.16s-3.75-.71-5.17-2.16l-26.64-26.63c-2.85-2.86-2.85-7.5,0-10.35,2.87-2.86,7.5-2.86,10.35,0l14.14,14.14V21.64c0-4.05,3.29-7.32,7.32-7.32s7.32,3.28,7.32,7.32v77.14l14.14-14.13c2.85-2.86,7.49-2.86,10.35,0,2.85,2.85,2.85,7.49,0,10.35ZM177.04,63.12v90.28c0,4.05-3.29,7.32-7.33,7.32H29.18c-4.05,0-7.32-3.28-7.32-7.32V63.12c0-1.28.34-2.55.97-3.65l12.12-20.99c1.3-2.26,3.72-3.65,6.34-3.65h35.12c2.61,0,5.02,1.39,6.34,3.65l10,17.32h3.11v14.65h-7.33c-2.62,0-5.03-1.4-6.35-3.66l-9.99-17.32h-26.67l-9.02,15.63v80.99h125.89v-75.63h-25.47v-14.65h32.79c4.05,0,7.33,3.28,7.33,7.32Z\"><\/path><rect class=\"cls-1\" x=\"21.86\" y=\"14.32\" width=\"155.19\" height=\"155.19\"><\/rect><\/svg>\t\t\t<\/span>\n\t\t\t\t\t\t\t\t\t<span class=\"elementor-button-text\">Descargue el cat\u00e1logo de este producto<\/span>\n\t\t\t\t\t<\/span>\n\t\t\t\t\t<\/a>\n\t\t\t\t<\/div>\n\t\t\t\t\t\t\t\t<\/div>\n\t\t\t\t<\/div>\n\t\t\t\t<div class=\"elementor-element elementor-element-17de991e elementor-align-justify elementor-widget__width-inherit btnici elementor-widget elementor-widget-button\" data-id=\"17de991e\" data-element_type=\"widget\" data-e-type=\"widget\" data-widget_type=\"button.default\">\n\t\t\t\t<div class=\"elementor-widget-container\">\n\t\t\t\t\t\t\t\t\t<div class=\"elementor-button-wrapper\">\n\t\t\t\t\t<a class=\"elementor-button elementor-button-link elementor-size-sm\" href=\"https:\/\/egarvac.com\/wp-content\/uploads\/2025\/01\/08-Tech-EGARVAC.pdf\" target=\"_blank\" rel=\"noopener\">\n\t\t\t\t\t\t<span class=\"elementor-button-content-wrapper\">\n\t\t\t\t\t\t<span class=\"elementor-button-icon\">\n\t\t\t\t<svg xmlns=\"http:\/\/www.w3.org\/2000\/svg\" id=\"Capa_1\" data-name=\"Capa 1\" viewbox=\"0 0 192.18 177.1\"><defs><style>      .cls-1 {        fill: none;      }      .cls-2 {        fill: #fff;      }    <\/style><\/defs><path class=\"cls-2\" d=\"M148.19,95l-26.63,26.63c-1.43,1.45-3.3,2.16-5.18,2.16s-3.75-.71-5.17-2.16l-26.64-26.63c-2.85-2.86-2.85-7.5,0-10.35,2.87-2.86,7.5-2.86,10.35,0l14.14,14.14V21.64c0-4.05,3.29-7.32,7.32-7.32s7.32,3.28,7.32,7.32v77.14l14.14-14.13c2.85-2.86,7.49-2.86,10.35,0,2.85,2.85,2.85,7.49,0,10.35ZM177.04,63.12v90.28c0,4.05-3.29,7.32-7.33,7.32H29.18c-4.05,0-7.32-3.28-7.32-7.32V63.12c0-1.28.34-2.55.97-3.65l12.12-20.99c1.3-2.26,3.72-3.65,6.34-3.65h35.12c2.61,0,5.02,1.39,6.34,3.65l10,17.32h3.11v14.65h-7.33c-2.62,0-5.03-1.4-6.35-3.66l-9.99-17.32h-26.67l-9.02,15.63v80.99h125.89v-75.63h-25.47v-14.65h32.79c4.05,0,7.33,3.28,7.33,7.32Z\"><\/path><rect class=\"cls-1\" x=\"21.86\" y=\"14.32\" width=\"155.19\" height=\"155.19\"><\/rect><\/svg>\t\t\t<\/span>\n\t\t\t\t\t\t\t\t\t<span class=\"elementor-button-text\">Descargue las fichas t\u00e9cnicas<\/span>\n\t\t\t\t\t<\/span>\n\t\t\t\t\t<\/a>\n\t\t\t\t<\/div>\n\t\t\t\t\t\t\t\t<\/div>\n\t\t\t\t<\/div>\n\t\t\t\t<\/div>\n\t\t\t\t<\/div>\n\t\t\t\t<\/div>","protected":false},"excerpt":{"rendered":"<p>AL DETALLE:\u00a0Termoselladoras de barquetas, CON VAC\u00cdO Y GAS\u00a0&#8211; Modelos DE PIE &#8211; EGAR-40 EGAR-40 EGAR-40S, EGAR-40 Termoselladoras para el envasado al vac\u00edo y con gas, de productos en barquetas.La soluci\u00f3n profesional de EGARVAC en talla media, para conservar alimentos (frescos, crudos, cocinados, congelados&#8230;) o cualquier producto que deba estar al abrigo de las condiciones ambientales: [&hellip;]<\/p>\n","protected":false},"author":1,"featured_media":1389,"parent":0,"menu_order":0,"comment_status":"closed","ping_status":"closed","template":"","meta":{"footnotes":""},"class_list":["post-683","page","type-page","status-publish","has-post-thumbnail","hentry"],"_links":{"self":[{"href":"https:\/\/www.egarvac.com\/en\/wp-json\/wp\/v2\/pages\/683","targetHints":{"allow":["GET"]}}],"collection":[{"href":"https:\/\/www.egarvac.com\/en\/wp-json\/wp\/v2\/pages"}],"about":[{"href":"https:\/\/www.egarvac.com\/en\/wp-json\/wp\/v2\/types\/page"}],"author":[{"embeddable":true,"href":"https:\/\/www.egarvac.com\/en\/wp-json\/wp\/v2\/users\/1"}],"replies":[{"embeddable":true,"href":"https:\/\/www.egarvac.com\/en\/wp-json\/wp\/v2\/comments?post=683"}],"version-history":[{"count":0,"href":"https:\/\/www.egarvac.com\/en\/wp-json\/wp\/v2\/pages\/683\/revisions"}],"wp:featuredmedia":[{"embeddable":true,"href":"https:\/\/www.egarvac.com\/en\/wp-json\/wp\/v2\/media\/1389"}],"wp:attachment":[{"href":"https:\/\/www.egarvac.com\/en\/wp-json\/wp\/v2\/media?parent=683"}],"curies":[{"name":"wp","href":"https:\/\/api.w.org\/{rel}","templated":true}]}}