{"id":726,"date":"2025-01-13T13:39:34","date_gmt":"2025-01-13T12:39:34","guid":{"rendered":"https:\/\/www.kevovac.es\/?page_id=726"},"modified":"2025-05-06T12:09:04","modified_gmt":"2025-05-06T10:09:04","slug":"kevo-10-y-kevo-20","status":"publish","type":"page","link":"https:\/\/www.egarvac.com\/en\/kevo-10-y-kevo-20\/","title":{"rendered":"KEVO-10 y KEVO-20"},"content":{"rendered":"<div data-elementor-type=\"wp-page\" data-elementor-id=\"726\" class=\"elementor elementor-726\" data-elementor-post-type=\"page\">\n\t\t\t\t<div class=\"elementor-element elementor-element-6d964f89 e-flex e-con-boxed e-con e-parent\" data-id=\"6d964f89\" data-element_type=\"container\" data-e-type=\"container\">\n\t\t\t\t\t<div class=\"e-con-inner\">\n\t\t\t\t<div class=\"elementor-element elementor-element-7c050a10 elementor-widget elementor-widget-text-editor\" data-id=\"7c050a10\" data-element_type=\"widget\" data-e-type=\"widget\" data-widget_type=\"text-editor.default\">\n\t\t\t\t<div class=\"elementor-widget-container\">\n\t\t\t\t\t\t\t\t\t<p><strong><span style=\"color: #000000;\">AL DETALLE:<\/span><\/strong>\u00a0<span style=\"color: #404040;\">Envasadoras al vac\u00edo, DE CAMPANA<\/span>\u00a0&#8211; <span style=\"color: #808080;\"><em>Modelos DE SOBREMESA &#8211; <\/em>KEVO-10 y KEVO-20<\/span><\/p>\t\t\t\t\t\t\t\t<\/div>\n\t\t\t\t<\/div>\n\t\t\t\t\t<\/div>\n\t\t\t\t<\/div>\n\t\t<div class=\"elementor-element elementor-element-40d16ee1 e-con-full e-flex elementor-invisible e-con e-parent\" data-id=\"40d16ee1\" data-element_type=\"container\" data-e-type=\"container\" data-settings=\"{&quot;animation&quot;:&quot;fadeIn&quot;}\">\n\t\t<div class=\"elementor-element elementor-element-c7ed8cf e-con-full e-flex e-con e-child\" data-id=\"c7ed8cf\" data-element_type=\"container\" data-e-type=\"container\">\n\t\t\t\t<div class=\"elementor-element elementor-element-7f7a219a elementor-widget elementor-widget-image\" data-id=\"7f7a219a\" data-element_type=\"widget\" data-e-type=\"widget\" data-widget_type=\"image.default\">\n\t\t\t\t<div class=\"elementor-widget-container\">\n\t\t\t\t\t\t\t\t\t\t\t\t\t\t\t<img fetchpriority=\"high\" decoding=\"async\" width=\"685\" height=\"587\" src=\"https:\/\/www.egarvac.com\/wp-content\/uploads\/2025\/01\/640-Envasadoras-KEVO-10T-y-KEVO-20T-EGARVAC.jpg\" class=\"attachment-large size-large wp-image-1046\" alt=\"Serie KEVO - Envasadoras al vac\u00edo\" srcset=\"https:\/\/www.egarvac.com\/wp-content\/uploads\/2025\/01\/640-Envasadoras-KEVO-10T-y-KEVO-20T-EGARVAC.jpg 685w, https:\/\/www.egarvac.com\/wp-content\/uploads\/2025\/01\/640-Envasadoras-KEVO-10T-y-KEVO-20T-EGARVAC-300x257.jpg 300w\" sizes=\"(max-width: 685px) 100vw, 685px\" \/>\t\t\t\t\t\t\t\t\t\t\t\t\t\t\t<\/div>\n\t\t\t\t<\/div>\n\t\t\t\t<div class=\"elementor-element elementor-element-15c50cd8 elementor-widget elementor-widget-heading\" data-id=\"15c50cd8\" data-element_type=\"widget\" data-e-type=\"widget\" data-widget_type=\"heading.default\">\n\t\t\t\t<div class=\"elementor-widget-container\">\n\t\t\t\t\t<h2 class=\"elementor-heading-title elementor-size-default\">KEVO-10T\/KEVO-20T<\/h2>\t\t\t\t<\/div>\n\t\t\t\t<\/div>\n\t\t\t\t<\/div>\n\t\t<div class=\"elementor-element elementor-element-5f05e45c e-con-full e-flex e-con e-child\" data-id=\"5f05e45c\" data-element_type=\"container\" data-e-type=\"container\">\n\t\t\t\t<div class=\"elementor-element elementor-element-674a8637 elementor-widget elementor-widget-image\" data-id=\"674a8637\" data-element_type=\"widget\" data-e-type=\"widget\" data-widget_type=\"image.default\">\n\t\t\t\t<div class=\"elementor-widget-container\">\n\t\t\t\t\t\t\t\t\t\t\t\t\t\t\t<img decoding=\"async\" width=\"685\" height=\"587\" src=\"https:\/\/www.egarvac.com\/wp-content\/uploads\/2025\/01\/641-Envasadoras-KEVO-10S-y-KEVO-20S-EGARVAC.jpg\" class=\"attachment-large size-large wp-image-1047\" alt=\"Envasadoras KEVO-10S y KEVO-20S EGARVAC, modelos de sobremesa dise\u00f1ados para ofrecer un envasado de vac\u00edo eficiente\" srcset=\"https:\/\/www.egarvac.com\/wp-content\/uploads\/2025\/01\/641-Envasadoras-KEVO-10S-y-KEVO-20S-EGARVAC.jpg 685w, https:\/\/www.egarvac.com\/wp-content\/uploads\/2025\/01\/641-Envasadoras-KEVO-10S-y-KEVO-20S-EGARVAC-300x257.jpg 300w\" sizes=\"(max-width: 685px) 100vw, 685px\" \/>\t\t\t\t\t\t\t\t\t\t\t\t\t\t\t<\/div>\n\t\t\t\t<\/div>\n\t\t\t\t<div class=\"elementor-element elementor-element-2c5fc89a elementor-widget elementor-widget-heading\" data-id=\"2c5fc89a\" data-element_type=\"widget\" data-e-type=\"widget\" data-widget_type=\"heading.default\">\n\t\t\t\t<div class=\"elementor-widget-container\">\n\t\t\t\t\t<h2 class=\"elementor-heading-title elementor-size-default\">KEVO-10S\/KEVO-20S<\/h2>\t\t\t\t<\/div>\n\t\t\t\t<\/div>\n\t\t\t\t<\/div>\n\t\t\t\t<\/div>\n\t\t<div class=\"elementor-element elementor-element-8a33041 e-con-full e-flex elementor-invisible e-con e-parent\" data-id=\"8a33041\" data-element_type=\"container\" data-e-type=\"container\" data-settings=\"{&quot;animation&quot;:&quot;fadeIn&quot;}\">\n\t\t<div class=\"elementor-element elementor-element-3ae80dbd e-con-full e-flex e-con e-child\" data-id=\"3ae80dbd\" data-element_type=\"container\" data-e-type=\"container\">\n\t\t\t\t<div class=\"elementor-element elementor-element-5de0ae12 elementor-widget elementor-widget-image\" data-id=\"5de0ae12\" data-element_type=\"widget\" data-e-type=\"widget\" data-widget_type=\"image.default\">\n\t\t\t\t<div class=\"elementor-widget-container\">\n\t\t\t\t\t\t\t\t\t\t\t\t\t\t\t<img decoding=\"async\" width=\"685\" height=\"587\" src=\"https:\/\/www.egarvac.com\/wp-content\/uploads\/2025\/01\/642-Envasadora-KEVO-20XT-2A-EGARVAC.jpg\" class=\"attachment-large size-large wp-image-1048\" alt=\"Envasadora KEVO-20XT-2A EGARVAC, equipo de envasado de vac\u00edo avanzado, ideal para aplicaciones que requieren sellado preciso y de alta calidad\" srcset=\"https:\/\/www.egarvac.com\/wp-content\/uploads\/2025\/01\/642-Envasadora-KEVO-20XT-2A-EGARVAC.jpg 685w, https:\/\/www.egarvac.com\/wp-content\/uploads\/2025\/01\/642-Envasadora-KEVO-20XT-2A-EGARVAC-300x257.jpg 300w\" sizes=\"(max-width: 685px) 100vw, 685px\" \/>\t\t\t\t\t\t\t\t\t\t\t\t\t\t\t<\/div>\n\t\t\t\t<\/div>\n\t\t\t\t<div class=\"elementor-element elementor-element-36508d1e elementor-widget elementor-widget-heading\" data-id=\"36508d1e\" data-element_type=\"widget\" data-e-type=\"widget\" data-widget_type=\"heading.default\">\n\t\t\t\t<div class=\"elementor-widget-container\">\n\t\t\t\t\t<h2 class=\"elementor-heading-title elementor-size-default\">KEVO-20XT 2A<\/h2>\t\t\t\t<\/div>\n\t\t\t\t<\/div>\n\t\t\t\t<\/div>\n\t\t<div class=\"elementor-element elementor-element-7ad815d8 e-con-full e-flex e-con e-child\" data-id=\"7ad815d8\" data-element_type=\"container\" data-e-type=\"container\">\n\t\t\t\t<div class=\"elementor-element elementor-element-66dc5fdf elementor-widget elementor-widget-image\" data-id=\"66dc5fdf\" data-element_type=\"widget\" data-e-type=\"widget\" data-widget_type=\"image.default\">\n\t\t\t\t<div class=\"elementor-widget-container\">\n\t\t\t\t\t\t\t\t\t\t\t\t\t\t\t<img loading=\"lazy\" decoding=\"async\" width=\"685\" height=\"587\" src=\"https:\/\/www.egarvac.com\/wp-content\/uploads\/2025\/01\/643-Envasadora-KEVO-20XS-2A-EGARVAC.jpg\" class=\"attachment-large size-large wp-image-1049\" alt=\"Envasadora KEVO-20XS-2A EGARVAC, modelo avanzado con tecnolog\u00eda de envasado de vac\u00edo externo\" srcset=\"https:\/\/www.egarvac.com\/wp-content\/uploads\/2025\/01\/643-Envasadora-KEVO-20XS-2A-EGARVAC.jpg 685w, https:\/\/www.egarvac.com\/wp-content\/uploads\/2025\/01\/643-Envasadora-KEVO-20XS-2A-EGARVAC-300x257.jpg 300w\" sizes=\"(max-width: 685px) 100vw, 685px\" \/>\t\t\t\t\t\t\t\t\t\t\t\t\t\t\t<\/div>\n\t\t\t\t<\/div>\n\t\t\t\t<div class=\"elementor-element elementor-element-3a89cb60 elementor-widget elementor-widget-heading\" data-id=\"3a89cb60\" data-element_type=\"widget\" data-e-type=\"widget\" data-widget_type=\"heading.default\">\n\t\t\t\t<div class=\"elementor-widget-container\">\n\t\t\t\t\t<h2 class=\"elementor-heading-title elementor-size-default\">KEVO-20XS 2A<\/h2>\t\t\t\t<\/div>\n\t\t\t\t<\/div>\n\t\t\t\t<\/div>\n\t\t\t\t<\/div>\n\t\t<div class=\"elementor-element elementor-element-24825581 e-con-full e-flex elementor-invisible e-con e-parent\" data-id=\"24825581\" data-element_type=\"container\" data-e-type=\"container\" data-settings=\"{&quot;animation&quot;:&quot;fadeIn&quot;}\">\n\t\t<div class=\"elementor-element elementor-element-19f91885 e-con-full e-flex e-con e-child\" data-id=\"19f91885\" data-element_type=\"container\" data-e-type=\"container\">\n\t\t\t\t<div class=\"elementor-element elementor-element-2c913126 elementor-widget elementor-widget-image\" data-id=\"2c913126\" data-element_type=\"widget\" data-e-type=\"widget\" data-widget_type=\"image.default\">\n\t\t\t\t<div class=\"elementor-widget-container\">\n\t\t\t\t\t\t\t\t\t\t\t\t\t\t\t<img loading=\"lazy\" decoding=\"async\" width=\"685\" height=\"587\" src=\"https:\/\/www.egarvac.com\/wp-content\/uploads\/2025\/01\/661-Envasadoras-KEVO-10-y-KEVO-20-EGARVAC.jpg\" class=\"attachment-large size-large wp-image-1053\" alt=\"Logotipo EGARVAC en m\u00e1quina de envasado\" srcset=\"https:\/\/www.egarvac.com\/wp-content\/uploads\/2025\/01\/661-Envasadoras-KEVO-10-y-KEVO-20-EGARVAC.jpg 685w, https:\/\/www.egarvac.com\/wp-content\/uploads\/2025\/01\/661-Envasadoras-KEVO-10-y-KEVO-20-EGARVAC-300x257.jpg 300w\" sizes=\"(max-width: 685px) 100vw, 685px\" \/>\t\t\t\t\t\t\t\t\t\t\t\t\t\t\t<\/div>\n\t\t\t\t<\/div>\n\t\t\t\t<\/div>\n\t\t<div class=\"elementor-element elementor-element-553f0409 e-con-full e-flex e-con e-child\" data-id=\"553f0409\" data-element_type=\"container\" data-e-type=\"container\">\n\t\t\t\t<div class=\"elementor-element elementor-element-308b7275 elementor-widget elementor-widget-image\" data-id=\"308b7275\" data-element_type=\"widget\" data-e-type=\"widget\" data-widget_type=\"image.default\">\n\t\t\t\t<div class=\"elementor-widget-container\">\n\t\t\t\t\t\t\t\t\t\t\t\t\t\t\t<img loading=\"lazy\" decoding=\"async\" width=\"685\" height=\"587\" src=\"https:\/\/www.egarvac.com\/wp-content\/uploads\/2025\/01\/636-Envasadoras-KEVO-6-y-KEVO-8-EGARVAC.jpg\" class=\"attachment-large size-large wp-image-993\" alt=\"KEVO-6, KEVO-8: Envasadoras ideales para peque\u00f1as y medianas producciones de alimentos y otros productos\" srcset=\"https:\/\/www.egarvac.com\/wp-content\/uploads\/2025\/01\/636-Envasadoras-KEVO-6-y-KEVO-8-EGARVAC.jpg 685w, https:\/\/www.egarvac.com\/wp-content\/uploads\/2025\/01\/636-Envasadoras-KEVO-6-y-KEVO-8-EGARVAC-300x257.jpg 300w\" sizes=\"(max-width: 685px) 100vw, 685px\" \/>\t\t\t\t\t\t\t\t\t\t\t\t\t\t\t<\/div>\n\t\t\t\t<\/div>\n\t\t\t\t<\/div>\n\t\t\t\t<\/div>\n\t\t<div class=\"elementor-element elementor-element-6d48c0b9 e-con-full e-flex elementor-invisible e-con e-parent\" data-id=\"6d48c0b9\" data-element_type=\"container\" data-e-type=\"container\" data-settings=\"{&quot;animation&quot;:&quot;fadeIn&quot;}\">\n\t\t<div class=\"elementor-element elementor-element-684a4c77 e-con-full e-flex e-con e-child\" data-id=\"684a4c77\" data-element_type=\"container\" data-e-type=\"container\">\n\t\t\t\t<div class=\"elementor-element elementor-element-4db9ba45 elementor-widget elementor-widget-image\" data-id=\"4db9ba45\" data-element_type=\"widget\" data-e-type=\"widget\" data-widget_type=\"image.default\">\n\t\t\t\t<div class=\"elementor-widget-container\">\n\t\t\t\t\t\t\t\t\t\t\t\t\t\t\t<img loading=\"lazy\" decoding=\"async\" width=\"685\" height=\"587\" src=\"https:\/\/www.egarvac.com\/wp-content\/uploads\/2025\/01\/637-Envasadoras-KEVO-6-y-KEVO-8-EGARVAC.jpg\" class=\"attachment-large size-large wp-image-994\" alt=\"Detalles y acabados envasadoras al vac\u00edo serie KEVO\" srcset=\"https:\/\/www.egarvac.com\/wp-content\/uploads\/2025\/01\/637-Envasadoras-KEVO-6-y-KEVO-8-EGARVAC.jpg 685w, https:\/\/www.egarvac.com\/wp-content\/uploads\/2025\/01\/637-Envasadoras-KEVO-6-y-KEVO-8-EGARVAC-300x257.jpg 300w\" sizes=\"(max-width: 685px) 100vw, 685px\" \/>\t\t\t\t\t\t\t\t\t\t\t\t\t\t\t<\/div>\n\t\t\t\t<\/div>\n\t\t\t\t<\/div>\n\t\t<div class=\"elementor-element elementor-element-74a7ceb2 e-con-full e-flex e-con e-child\" data-id=\"74a7ceb2\" data-element_type=\"container\" data-e-type=\"container\">\n\t\t\t\t<div class=\"elementor-element elementor-element-1570b499 elementor-widget elementor-widget-image\" data-id=\"1570b499\" data-element_type=\"widget\" data-e-type=\"widget\" data-widget_type=\"image.default\">\n\t\t\t\t<div class=\"elementor-widget-container\">\n\t\t\t\t\t\t\t\t\t\t\t\t\t\t\t<img loading=\"lazy\" decoding=\"async\" width=\"685\" height=\"587\" src=\"https:\/\/www.egarvac.com\/wp-content\/uploads\/2025\/01\/646-Envasadoras-KEVO-10-y-KEVO-20-EGARVAC.jpg\" class=\"attachment-large size-large wp-image-1052\" alt=\"Envasadoras KEVO-10 y KEVO-20 EGARVAC\" srcset=\"https:\/\/www.egarvac.com\/wp-content\/uploads\/2025\/01\/646-Envasadoras-KEVO-10-y-KEVO-20-EGARVAC.jpg 685w, https:\/\/www.egarvac.com\/wp-content\/uploads\/2025\/01\/646-Envasadoras-KEVO-10-y-KEVO-20-EGARVAC-300x257.jpg 300w\" sizes=\"(max-width: 685px) 100vw, 685px\" \/>\t\t\t\t\t\t\t\t\t\t\t\t\t\t\t<\/div>\n\t\t\t\t<\/div>\n\t\t\t\t<\/div>\n\t\t\t\t<\/div>\n\t\t<div class=\"elementor-element elementor-element-56377df6 e-con-full e-flex elementor-invisible e-con e-parent\" data-id=\"56377df6\" data-element_type=\"container\" data-e-type=\"container\" data-settings=\"{&quot;animation&quot;:&quot;fadeIn&quot;}\">\n\t\t<div class=\"elementor-element elementor-element-7a3e31d0 e-con-full e-flex e-con e-child\" data-id=\"7a3e31d0\" data-element_type=\"container\" data-e-type=\"container\">\n\t\t\t\t<div class=\"elementor-element elementor-element-7464d9a3 elementor-widget elementor-widget-image\" data-id=\"7464d9a3\" data-element_type=\"widget\" data-e-type=\"widget\" data-widget_type=\"image.default\">\n\t\t\t\t<div class=\"elementor-widget-container\">\n\t\t\t\t\t\t\t\t\t\t\t\t\t\t\t<img loading=\"lazy\" decoding=\"async\" width=\"685\" height=\"587\" src=\"https:\/\/www.egarvac.com\/wp-content\/uploads\/2025\/01\/639-Envasadoras-KEVO-6-KEVO-8-KEVO-10-y-KEVO-20-EGARVAC.jpg\" class=\"attachment-large size-large wp-image-996\" alt=\"Envasadoras KEVO-6, KEVO-8, KEVO-10 y KEVO-20 EGARVAC, equipos dise\u00f1ados para ofrecer un envasado eficiente y vers\u00e1til en diferentes capacidades\" srcset=\"https:\/\/www.egarvac.com\/wp-content\/uploads\/2025\/01\/639-Envasadoras-KEVO-6-KEVO-8-KEVO-10-y-KEVO-20-EGARVAC.jpg 685w, https:\/\/www.egarvac.com\/wp-content\/uploads\/2025\/01\/639-Envasadoras-KEVO-6-KEVO-8-KEVO-10-y-KEVO-20-EGARVAC-300x257.jpg 300w\" sizes=\"(max-width: 685px) 100vw, 685px\" \/>\t\t\t\t\t\t\t\t\t\t\t\t\t\t\t<\/div>\n\t\t\t\t<\/div>\n\t\t\t\t<div class=\"elementor-element elementor-element-50703330 elementor-widget elementor-widget-heading\" data-id=\"50703330\" data-element_type=\"widget\" data-e-type=\"widget\" data-widget_type=\"heading.default\">\n\t\t\t\t<div class=\"elementor-widget-container\">\n\t\t\t\t\t<h2 class=\"elementor-heading-title elementor-size-default\">KEVO-6, KEVO-8, KEVO-10, KEVO-20<\/h2>\t\t\t\t<\/div>\n\t\t\t\t<\/div>\n\t\t\t\t<\/div>\n\t\t<div class=\"elementor-element elementor-element-1912d221 e-con-full e-flex e-con e-child\" data-id=\"1912d221\" data-element_type=\"container\" data-e-type=\"container\">\n\t\t\t\t<div class=\"elementor-element elementor-element-46d527bb elementor-widget elementor-widget-text-editor\" data-id=\"46d527bb\" data-element_type=\"widget\" data-e-type=\"widget\" data-widget_type=\"text-editor.default\">\n\t\t\t\t<div class=\"elementor-widget-container\">\n\t\t\t\t\t\t\t\t\tEnvasadoras al vac\u00edo, con ciclos autom\u00e1ticos controlados por tiempo (T) o por sensor (S).\t\t\t\t\t\t\t\t<\/div>\n\t\t\t\t<\/div>\n\t\t\t\t<div class=\"elementor-element elementor-element-58a9c249 elementor-widget elementor-widget-text-editor\" data-id=\"58a9c249\" data-element_type=\"widget\" data-e-type=\"widget\" data-widget_type=\"text-editor.default\">\n\t\t\t\t<div class=\"elementor-widget-container\">\n\t\t\t\t\t\t\t\t\tLa serie KEVO, la gama m\u00e1s joven y accesible de EGARVAC, es el resultado de entender las nuevas necesidades de los usuarios para luego optimizar nuestros procesos de fabricaci\u00f3n aplicando una racionalizaci\u00f3n de opciones y componentes. El grupo de modelos KEVO hace exactamente lo que Usted va a necesitar en su trabajo, proporcionando el m\u00e1ximo rendimiento con una extrema facilidad de uso. Ni m\u00e1s, ni menos: ese es secreto de unos precios que siempre sorprenden, al conocer la incuestionable calidad y la destacada productividad de la serie KEVO.\n\nPropiedades destacables: Dimensiones compactas para facilitar al m\u00e1ximo su uso y movilidad \u2022 Funcionamiento extremadamente f\u00e1cil e intuitivo \u2022 Estructura general y cubetas de vac\u00edo en acero inoxidable \u2022 Tapas transparentes de robusto metacrilato termoformado, con bisagras de acero inoxidable \u2022 Placas interiores de base para los productos, en polietileno de uso alimentario, con dise\u00f1o exclusivo para optimizar el vac\u00edo \u2022 Bombas de vac\u00edo de m\u00ednimo mantenimiento y m\u00e1xima durabilidad.\t\t\t\t\t\t\t\t<\/div>\n\t\t\t\t<\/div>\n\t\t\t\t<div class=\"elementor-element elementor-element-32c9d0d9 elementor-align-justify elementor-widget__width-inherit btnici elementor-widget elementor-widget-button\" data-id=\"32c9d0d9\" data-element_type=\"widget\" data-e-type=\"widget\" data-widget_type=\"button.default\">\n\t\t\t\t<div class=\"elementor-widget-container\">\n\t\t\t\t\t\t\t\t\t<div class=\"elementor-button-wrapper\">\n\t\t\t\t\t<a class=\"elementor-button elementor-button-link elementor-size-sm\" href=\"https:\/\/egarvac.com\/wp-content\/uploads\/2025\/01\/Envasadoras-serie-KEVO-EGARVAC.pdf\" target=\"_blank\" rel=\"noopener\">\n\t\t\t\t\t\t<span class=\"elementor-button-content-wrapper\">\n\t\t\t\t\t\t<span class=\"elementor-button-icon\">\n\t\t\t\t<svg xmlns=\"http:\/\/www.w3.org\/2000\/svg\" id=\"Capa_1\" data-name=\"Capa 1\" viewbox=\"0 0 192.18 177.1\"><defs><style>      .cls-1 {        fill: none;      }      .cls-2 {        fill: #fff;      }    <\/style><\/defs><path class=\"cls-2\" d=\"M148.19,95l-26.63,26.63c-1.43,1.45-3.3,2.16-5.18,2.16s-3.75-.71-5.17-2.16l-26.64-26.63c-2.85-2.86-2.85-7.5,0-10.35,2.87-2.86,7.5-2.86,10.35,0l14.14,14.14V21.64c0-4.05,3.29-7.32,7.32-7.32s7.32,3.28,7.32,7.32v77.14l14.14-14.13c2.85-2.86,7.49-2.86,10.35,0,2.85,2.85,2.85,7.49,0,10.35ZM177.04,63.12v90.28c0,4.05-3.29,7.32-7.33,7.32H29.18c-4.05,0-7.32-3.28-7.32-7.32V63.12c0-1.28.34-2.55.97-3.65l12.12-20.99c1.3-2.26,3.72-3.65,6.34-3.65h35.12c2.61,0,5.02,1.39,6.34,3.65l10,17.32h3.11v14.65h-7.33c-2.62,0-5.03-1.4-6.35-3.66l-9.99-17.32h-26.67l-9.02,15.63v80.99h125.89v-75.63h-25.47v-14.65h32.79c4.05,0,7.33,3.28,7.33,7.32Z\"><\/path><rect class=\"cls-1\" x=\"21.86\" y=\"14.32\" width=\"155.19\" height=\"155.19\"><\/rect><\/svg>\t\t\t<\/span>\n\t\t\t\t\t\t\t\t\t<span class=\"elementor-button-text\">Descargue el cat\u00e1logo de este producto<\/span>\n\t\t\t\t\t<\/span>\n\t\t\t\t\t<\/a>\n\t\t\t\t<\/div>\n\t\t\t\t\t\t\t\t<\/div>\n\t\t\t\t<\/div>\n\t\t\t\t<div class=\"elementor-element elementor-element-2a0d04fb elementor-align-justify elementor-widget__width-inherit btnici elementor-widget elementor-widget-button\" data-id=\"2a0d04fb\" data-element_type=\"widget\" data-e-type=\"widget\" data-widget_type=\"button.default\">\n\t\t\t\t<div class=\"elementor-widget-container\">\n\t\t\t\t\t\t\t\t\t<div class=\"elementor-button-wrapper\">\n\t\t\t\t\t<a class=\"elementor-button elementor-button-link elementor-size-sm\" href=\"https:\/\/egarvac.com\/wp-content\/uploads\/2025\/01\/02B-Tech-EGARVAC.pdf\" target=\"_blank\" rel=\"noopener\">\n\t\t\t\t\t\t<span class=\"elementor-button-content-wrapper\">\n\t\t\t\t\t\t<span class=\"elementor-button-icon\">\n\t\t\t\t<svg xmlns=\"http:\/\/www.w3.org\/2000\/svg\" id=\"Capa_1\" data-name=\"Capa 1\" viewbox=\"0 0 192.18 177.1\"><defs><style>      .cls-1 {        fill: none;      }      .cls-2 {        fill: #fff;      }    <\/style><\/defs><path class=\"cls-2\" d=\"M148.19,95l-26.63,26.63c-1.43,1.45-3.3,2.16-5.18,2.16s-3.75-.71-5.17-2.16l-26.64-26.63c-2.85-2.86-2.85-7.5,0-10.35,2.87-2.86,7.5-2.86,10.35,0l14.14,14.14V21.64c0-4.05,3.29-7.32,7.32-7.32s7.32,3.28,7.32,7.32v77.14l14.14-14.13c2.85-2.86,7.49-2.86,10.35,0,2.85,2.85,2.85,7.49,0,10.35ZM177.04,63.12v90.28c0,4.05-3.29,7.32-7.33,7.32H29.18c-4.05,0-7.32-3.28-7.32-7.32V63.12c0-1.28.34-2.55.97-3.65l12.12-20.99c1.3-2.26,3.72-3.65,6.34-3.65h35.12c2.61,0,5.02,1.39,6.34,3.65l10,17.32h3.11v14.65h-7.33c-2.62,0-5.03-1.4-6.35-3.66l-9.99-17.32h-26.67l-9.02,15.63v80.99h125.89v-75.63h-25.47v-14.65h32.79c4.05,0,7.33,3.28,7.33,7.32Z\"><\/path><rect class=\"cls-1\" x=\"21.86\" y=\"14.32\" width=\"155.19\" height=\"155.19\"><\/rect><\/svg>\t\t\t<\/span>\n\t\t\t\t\t\t\t\t\t<span class=\"elementor-button-text\">Descargue las fichas t\u00e9cnicas<\/span>\n\t\t\t\t\t<\/span>\n\t\t\t\t\t<\/a>\n\t\t\t\t<\/div>\n\t\t\t\t\t\t\t\t<\/div>\n\t\t\t\t<\/div>\n\t\t\t\t<\/div>\n\t\t\t\t<\/div>\n\t\t\t\t<\/div>","protected":false},"excerpt":{"rendered":"<p>AL DETALLE:\u00a0Envasadoras al vac\u00edo, DE CAMPANA\u00a0&#8211; Modelos DE SOBREMESA &#8211; KEVO-10 y KEVO-20 KEVO-10T\/KEVO-20T KEVO-10S\/KEVO-20S KEVO-20XT 2A KEVO-20XS 2A KEVO-6, KEVO-8, KEVO-10, KEVO-20 Envasadoras al vac\u00edo, con ciclos autom\u00e1ticos controlados por tiempo (T) o por sensor (S).La serie KEVO, la gama m\u00e1s joven y accesible de EGARVAC, es el resultado de entender las nuevas necesidades [&hellip;]<\/p>\n","protected":false},"author":1,"featured_media":886,"parent":0,"menu_order":0,"comment_status":"closed","ping_status":"closed","template":"","meta":{"footnotes":""},"class_list":["post-726","page","type-page","status-publish","has-post-thumbnail","hentry"],"_links":{"self":[{"href":"https:\/\/www.egarvac.com\/en\/wp-json\/wp\/v2\/pages\/726","targetHints":{"allow":["GET"]}}],"collection":[{"href":"https:\/\/www.egarvac.com\/en\/wp-json\/wp\/v2\/pages"}],"about":[{"href":"https:\/\/www.egarvac.com\/en\/wp-json\/wp\/v2\/types\/page"}],"author":[{"embeddable":true,"href":"https:\/\/www.egarvac.com\/en\/wp-json\/wp\/v2\/users\/1"}],"replies":[{"embeddable":true,"href":"https:\/\/www.egarvac.com\/en\/wp-json\/wp\/v2\/comments?post=726"}],"version-history":[{"count":0,"href":"https:\/\/www.egarvac.com\/en\/wp-json\/wp\/v2\/pages\/726\/revisions"}],"wp:featuredmedia":[{"embeddable":true,"href":"https:\/\/www.egarvac.com\/en\/wp-json\/wp\/v2\/media\/886"}],"wp:attachment":[{"href":"https:\/\/www.egarvac.com\/en\/wp-json\/wp\/v2\/media?parent=726"}],"curies":[{"name":"wp","href":"https:\/\/api.w.org\/{rel}","templated":true}]}}