{"id":765,"date":"2025-01-13T13:51:50","date_gmt":"2025-01-13T12:51:50","guid":{"rendered":"https:\/\/www.kevovac.es\/?page_id=765"},"modified":"2025-05-06T12:19:54","modified_gmt":"2025-05-06T10:19:54","slug":"maxi-y-egar-8","status":"publish","type":"page","link":"https:\/\/www.egarvac.com\/en\/maxi-y-egar-8\/","title":{"rendered":"MAXI y EGAR-8"},"content":{"rendered":"\t\t<div data-elementor-type=\"wp-page\" data-elementor-id=\"765\" class=\"elementor elementor-765\" data-elementor-post-type=\"page\">\n\t\t\t\t<div class=\"elementor-element elementor-element-24600c1e e-flex e-con-boxed e-con e-parent\" data-id=\"24600c1e\" data-element_type=\"container\" data-e-type=\"container\">\n\t\t\t\t\t<div class=\"e-con-inner\">\n\t\t\t\t<div class=\"elementor-element elementor-element-6af5f9a8 elementor-widget elementor-widget-text-editor\" data-id=\"6af5f9a8\" data-element_type=\"widget\" data-e-type=\"widget\" data-widget_type=\"text-editor.default\">\n\t\t\t\t<div class=\"elementor-widget-container\">\n\t\t\t\t\t\t\t\t\t<p><strong><span style=\"color: #000000;\">AL DETALLE:<\/span><\/strong>\u00a0<span style=\"color: #404040;\">Envasadoras al vac\u00edo, DE CAMPANA<\/span>\u00a0&#8211; <span style=\"color: #808080;\"><em>Modelos DE PIE &#8211; <\/em>MAXI y EGAR-8<\/span><\/p>\t\t\t\t\t\t\t\t<\/div>\n\t\t\t\t<\/div>\n\t\t\t\t\t<\/div>\n\t\t\t\t<\/div>\n\t\t<div class=\"elementor-element elementor-element-468746ab e-con-full e-flex elementor-invisible e-con e-parent\" data-id=\"468746ab\" data-element_type=\"container\" data-e-type=\"container\" data-settings=\"{&quot;animation&quot;:&quot;fadeIn&quot;}\">\n\t\t<div class=\"elementor-element elementor-element-401fc9b4 e-con-full e-flex e-con e-child\" data-id=\"401fc9b4\" data-element_type=\"container\" data-e-type=\"container\">\n\t\t\t\t<div class=\"elementor-element elementor-element-344faff3 elementor-widget elementor-widget-image\" data-id=\"344faff3\" data-element_type=\"widget\" data-e-type=\"widget\" data-widget_type=\"image.default\">\n\t\t\t\t<div class=\"elementor-widget-container\">\n\t\t\t\t\t\t\t\t\t\t\t\t\t\t\t<img fetchpriority=\"high\" decoding=\"async\" width=\"685\" height=\"587\" src=\"https:\/\/www.egarvac.com\/wp-content\/uploads\/2025\/01\/658-Envasadora-MAXI-AB-EGARVAC.jpg\" class=\"attachment-large size-large wp-image-1153\" alt=\"Envasadora MAXI AB EGARVAC, m\u00e1quina robusta y de alto rendimiento para un envasado eficiente en grandes vol\u00famenes\" srcset=\"https:\/\/www.egarvac.com\/wp-content\/uploads\/2025\/01\/658-Envasadora-MAXI-AB-EGARVAC.jpg 685w, https:\/\/www.egarvac.com\/wp-content\/uploads\/2025\/01\/658-Envasadora-MAXI-AB-EGARVAC-300x257.jpg 300w\" sizes=\"(max-width: 685px) 100vw, 685px\" \/>\t\t\t\t\t\t\t\t\t\t\t\t\t\t\t<\/div>\n\t\t\t\t<\/div>\n\t\t\t\t<div class=\"elementor-element elementor-element-295a7009 elementor-widget elementor-widget-heading\" data-id=\"295a7009\" data-element_type=\"widget\" data-e-type=\"widget\" data-widget_type=\"heading.default\">\n\t\t\t\t<div class=\"elementor-widget-container\">\n\t\t\t\t\t<h2 class=\"elementor-heading-title elementor-size-default\">MAXI AB [digital]<\/h2>\t\t\t\t<\/div>\n\t\t\t\t<\/div>\n\t\t\t\t<\/div>\n\t\t<div class=\"elementor-element elementor-element-6be99605 e-con-full e-flex e-con e-child\" data-id=\"6be99605\" data-element_type=\"container\" data-e-type=\"container\">\n\t\t\t\t<div class=\"elementor-element elementor-element-489d9045 elementor-widget elementor-widget-image\" data-id=\"489d9045\" data-element_type=\"widget\" data-e-type=\"widget\" data-widget_type=\"image.default\">\n\t\t\t\t<div class=\"elementor-widget-container\">\n\t\t\t\t\t\t\t\t\t\t\t\t\t\t\t<img decoding=\"async\" width=\"685\" height=\"587\" src=\"https:\/\/www.egarvac.com\/wp-content\/uploads\/2025\/01\/659-Envasadora-EGAR-8-AB-EGARVAC.jpg\" class=\"attachment-large size-large wp-image-1154\" alt=\"Envasadora EGAR 8 AB EGARVAC, dise\u00f1ada para ofrecer un envasado eficiente y confiable\" srcset=\"https:\/\/www.egarvac.com\/wp-content\/uploads\/2025\/01\/659-Envasadora-EGAR-8-AB-EGARVAC.jpg 685w, https:\/\/www.egarvac.com\/wp-content\/uploads\/2025\/01\/659-Envasadora-EGAR-8-AB-EGARVAC-300x257.jpg 300w\" sizes=\"(max-width: 685px) 100vw, 685px\" \/>\t\t\t\t\t\t\t\t\t\t\t\t\t\t\t<\/div>\n\t\t\t\t<\/div>\n\t\t\t\t<div class=\"elementor-element elementor-element-2fcfdfa0 elementor-widget elementor-widget-heading\" data-id=\"2fcfdfa0\" data-element_type=\"widget\" data-e-type=\"widget\" data-widget_type=\"heading.default\">\n\t\t\t\t<div class=\"elementor-widget-container\">\n\t\t\t\t\t<h2 class=\"elementor-heading-title elementor-size-default\">EGAR-8 AB [digital]<\/h2>\t\t\t\t<\/div>\n\t\t\t\t<\/div>\n\t\t\t\t<\/div>\n\t\t\t\t<\/div>\n\t\t<div class=\"elementor-element elementor-element-55c59796 e-con-full e-flex elementor-invisible e-con e-parent\" data-id=\"55c59796\" data-element_type=\"container\" data-e-type=\"container\" data-settings=\"{&quot;animation&quot;:&quot;fadeIn&quot;}\">\n\t\t<div class=\"elementor-element elementor-element-5a7dca3a e-con-full e-flex e-con e-child\" data-id=\"5a7dca3a\" data-element_type=\"container\" data-e-type=\"container\">\n\t\t\t\t<div class=\"elementor-element elementor-element-48866947 elementor-widget elementor-widget-image\" data-id=\"48866947\" data-element_type=\"widget\" data-e-type=\"widget\" data-widget_type=\"image.default\">\n\t\t\t\t<div class=\"elementor-widget-container\">\n\t\t\t\t\t\t\t\t\t\t\t\t\t\t\t<img decoding=\"async\" width=\"685\" height=\"587\" src=\"https:\/\/www.egarvac.com\/wp-content\/uploads\/2025\/01\/652-Envasadora-EGAR-4-AB-EGARVAC.jpg\" class=\"attachment-large size-large wp-image-1104\" alt=\"Envasadoras EGAR-2 y EGAR-4, detalles de acabados\" srcset=\"https:\/\/www.egarvac.com\/wp-content\/uploads\/2025\/01\/652-Envasadora-EGAR-4-AB-EGARVAC.jpg 685w, https:\/\/www.egarvac.com\/wp-content\/uploads\/2025\/01\/652-Envasadora-EGAR-4-AB-EGARVAC-300x257.jpg 300w\" sizes=\"(max-width: 685px) 100vw, 685px\" \/>\t\t\t\t\t\t\t\t\t\t\t\t\t\t\t<\/div>\n\t\t\t\t<\/div>\n\t\t\t\t<\/div>\n\t\t<div class=\"elementor-element elementor-element-31223d1f e-con-full e-flex e-con e-child\" data-id=\"31223d1f\" data-element_type=\"container\" data-e-type=\"container\">\n\t\t\t\t<div class=\"elementor-element elementor-element-318ebc37 elementor-widget elementor-widget-image\" data-id=\"318ebc37\" data-element_type=\"widget\" data-e-type=\"widget\" data-widget_type=\"image.default\">\n\t\t\t\t<div class=\"elementor-widget-container\">\n\t\t\t\t\t\t\t\t\t\t\t\t\t\t\t<img loading=\"lazy\" decoding=\"async\" width=\"685\" height=\"587\" src=\"https:\/\/www.egarvac.com\/wp-content\/uploads\/2025\/01\/654-Envasadoras-EGAR-2-y-EGAR-4-EGARVAC.jpg\" class=\"attachment-large size-large wp-image-1106\" alt=\"Detalle de acabados EGAR-2 y EGAR-4 EGARVAC\" srcset=\"https:\/\/www.egarvac.com\/wp-content\/uploads\/2025\/01\/654-Envasadoras-EGAR-2-y-EGAR-4-EGARVAC.jpg 685w, https:\/\/www.egarvac.com\/wp-content\/uploads\/2025\/01\/654-Envasadoras-EGAR-2-y-EGAR-4-EGARVAC-300x257.jpg 300w\" sizes=\"(max-width: 685px) 100vw, 685px\" \/>\t\t\t\t\t\t\t\t\t\t\t\t\t\t\t<\/div>\n\t\t\t\t<\/div>\n\t\t\t\t<\/div>\n\t\t\t\t<\/div>\n\t\t<div class=\"elementor-element elementor-element-1670f363 e-con-full e-flex elementor-invisible e-con e-parent\" data-id=\"1670f363\" data-element_type=\"container\" data-e-type=\"container\" data-settings=\"{&quot;animation&quot;:&quot;fadeIn&quot;}\">\n\t\t<div class=\"elementor-element elementor-element-3e60cc13 e-con-full e-flex e-con e-child\" data-id=\"3e60cc13\" data-element_type=\"container\" data-e-type=\"container\">\n\t\t\t\t<div class=\"elementor-element elementor-element-7b6ce871 elementor-widget elementor-widget-image\" data-id=\"7b6ce871\" data-element_type=\"widget\" data-e-type=\"widget\" data-widget_type=\"image.default\">\n\t\t\t\t<div class=\"elementor-widget-container\">\n\t\t\t\t\t\t\t\t\t\t\t\t\t\t\t<img loading=\"lazy\" decoding=\"async\" width=\"685\" height=\"587\" src=\"https:\/\/www.egarvac.com\/wp-content\/uploads\/2025\/01\/662-Envasadoras-MAXI-y-EGAR-8-EGARVAC.jpg\" class=\"attachment-large size-large wp-image-1156\" alt=\"Envasadoras MAXI y EGAR 8 EGARVAC - Detalles\" srcset=\"https:\/\/www.egarvac.com\/wp-content\/uploads\/2025\/01\/662-Envasadoras-MAXI-y-EGAR-8-EGARVAC.jpg 685w, https:\/\/www.egarvac.com\/wp-content\/uploads\/2025\/01\/662-Envasadoras-MAXI-y-EGAR-8-EGARVAC-300x257.jpg 300w\" sizes=\"(max-width: 685px) 100vw, 685px\" \/>\t\t\t\t\t\t\t\t\t\t\t\t\t\t\t<\/div>\n\t\t\t\t<\/div>\n\t\t\t\t<\/div>\n\t\t<div class=\"elementor-element elementor-element-15927c56 e-con-full e-flex e-con e-child\" data-id=\"15927c56\" data-element_type=\"container\" data-e-type=\"container\">\n\t\t\t\t<div class=\"elementor-element elementor-element-6c2dc544 elementor-widget elementor-widget-image\" data-id=\"6c2dc544\" data-element_type=\"widget\" data-e-type=\"widget\" data-widget_type=\"image.default\">\n\t\t\t\t<div class=\"elementor-widget-container\">\n\t\t\t\t\t\t\t\t\t\t\t\t\t\t\t<img loading=\"lazy\" decoding=\"async\" width=\"685\" height=\"587\" src=\"https:\/\/www.egarvac.com\/wp-content\/uploads\/2025\/01\/651-Envasadora-EGAR-4-AB-EGARVAC.jpg\" class=\"attachment-large size-large wp-image-1103\" alt=\"Envasadora EGAR-4 AB EGARVAC, dise\u00f1ada para ofrecer un envasado eficiente y de alta calidad en grandes vol\u00famenes\" srcset=\"https:\/\/www.egarvac.com\/wp-content\/uploads\/2025\/01\/651-Envasadora-EGAR-4-AB-EGARVAC.jpg 685w, https:\/\/www.egarvac.com\/wp-content\/uploads\/2025\/01\/651-Envasadora-EGAR-4-AB-EGARVAC-300x257.jpg 300w\" sizes=\"(max-width: 685px) 100vw, 685px\" \/>\t\t\t\t\t\t\t\t\t\t\t\t\t\t\t<\/div>\n\t\t\t\t<\/div>\n\t\t\t\t<\/div>\n\t\t\t\t<\/div>\n\t\t<div class=\"elementor-element elementor-element-19c5ea04 e-con-full e-flex elementor-invisible e-con e-parent\" data-id=\"19c5ea04\" data-element_type=\"container\" data-e-type=\"container\" data-settings=\"{&quot;animation&quot;:&quot;fadeIn&quot;}\">\n\t\t<div class=\"elementor-element elementor-element-731e2eb1 e-con-full e-flex e-con e-child\" data-id=\"731e2eb1\" data-element_type=\"container\" data-e-type=\"container\">\n\t\t\t\t<div class=\"elementor-element elementor-element-715795d7 elementor-widget elementor-widget-image\" data-id=\"715795d7\" data-element_type=\"widget\" data-e-type=\"widget\" data-widget_type=\"image.default\">\n\t\t\t\t<div class=\"elementor-widget-container\">\n\t\t\t\t\t\t\t\t\t\t\t\t\t\t\t<img loading=\"lazy\" decoding=\"async\" width=\"685\" height=\"587\" src=\"https:\/\/www.egarvac.com\/wp-content\/uploads\/2025\/01\/660-Envasadoras-MAXI-y-EGAR-8-EGARVAC.jpg\" class=\"attachment-large size-large wp-image-1155\" alt=\"Envasadoras MAXI y EGAR 8 EGARVAC - Detalles de acabados\" srcset=\"https:\/\/www.egarvac.com\/wp-content\/uploads\/2025\/01\/660-Envasadoras-MAXI-y-EGAR-8-EGARVAC.jpg 685w, https:\/\/www.egarvac.com\/wp-content\/uploads\/2025\/01\/660-Envasadoras-MAXI-y-EGAR-8-EGARVAC-300x257.jpg 300w\" sizes=\"(max-width: 685px) 100vw, 685px\" \/>\t\t\t\t\t\t\t\t\t\t\t\t\t\t\t<\/div>\n\t\t\t\t<\/div>\n\t\t\t\t<\/div>\n\t\t<div class=\"elementor-element elementor-element-3c82406b e-con-full e-flex e-con e-child\" data-id=\"3c82406b\" data-element_type=\"container\" data-e-type=\"container\">\n\t\t\t\t<div class=\"elementor-element elementor-element-1b53caa5 elementor-widget elementor-widget-image\" data-id=\"1b53caa5\" data-element_type=\"widget\" data-e-type=\"widget\" data-widget_type=\"image.default\">\n\t\t\t\t<div class=\"elementor-widget-container\">\n\t\t\t\t\t\t\t\t\t\t\t\t\t\t\t<img loading=\"lazy\" decoding=\"async\" width=\"685\" height=\"587\" src=\"https:\/\/www.egarvac.com\/wp-content\/uploads\/2025\/01\/653-Envasadoras-EGAR-2-y-EGAR-4-EGARVAC.jpg\" class=\"attachment-large size-large wp-image-1105\" alt=\"Envasadoras EGAR-2 y EGAR-4 EGARVAC, con acabados de alta calidad\" srcset=\"https:\/\/www.egarvac.com\/wp-content\/uploads\/2025\/01\/653-Envasadoras-EGAR-2-y-EGAR-4-EGARVAC.jpg 685w, https:\/\/www.egarvac.com\/wp-content\/uploads\/2025\/01\/653-Envasadoras-EGAR-2-y-EGAR-4-EGARVAC-300x257.jpg 300w\" sizes=\"(max-width: 685px) 100vw, 685px\" \/>\t\t\t\t\t\t\t\t\t\t\t\t\t\t\t<\/div>\n\t\t\t\t<\/div>\n\t\t\t\t<\/div>\n\t\t\t\t<\/div>\n\t\t<div class=\"elementor-element elementor-element-3b7658d7 e-con-full e-flex elementor-invisible e-con e-parent\" data-id=\"3b7658d7\" data-element_type=\"container\" data-e-type=\"container\" data-settings=\"{&quot;animation&quot;:&quot;fadeIn&quot;}\">\n\t\t<div class=\"elementor-element elementor-element-436aa354 e-con-full e-flex e-con e-child\" data-id=\"436aa354\" data-element_type=\"container\" data-e-type=\"container\">\n\t\t\t\t<div class=\"elementor-element elementor-element-64661ec8 elementor-widget elementor-widget-image\" data-id=\"64661ec8\" data-element_type=\"widget\" data-e-type=\"widget\" data-widget_type=\"image.default\">\n\t\t\t\t<div class=\"elementor-widget-container\">\n\t\t\t\t\t\t\t\t\t\t\t\t\t\t\t<img loading=\"lazy\" decoding=\"async\" width=\"685\" height=\"587\" src=\"https:\/\/www.egarvac.com\/wp-content\/uploads\/2025\/01\/656-Envasadoras-EGAR-8-MAXI-EGAR-2-y-EGAR-4-EGARVAC.jpg\" class=\"attachment-large size-large wp-image-1108\" alt=\"Envasadoras al vac\u00edo EGAR-8, MAXI, EGAR-2 y EGAR-4 EGARVAC\" srcset=\"https:\/\/www.egarvac.com\/wp-content\/uploads\/2025\/01\/656-Envasadoras-EGAR-8-MAXI-EGAR-2-y-EGAR-4-EGARVAC.jpg 685w, https:\/\/www.egarvac.com\/wp-content\/uploads\/2025\/01\/656-Envasadoras-EGAR-8-MAXI-EGAR-2-y-EGAR-4-EGARVAC-300x257.jpg 300w\" sizes=\"(max-width: 685px) 100vw, 685px\" \/>\t\t\t\t\t\t\t\t\t\t\t\t\t\t\t<\/div>\n\t\t\t\t<\/div>\n\t\t\t\t<div class=\"elementor-element elementor-element-23bf1b2d elementor-widget elementor-widget-heading\" data-id=\"23bf1b2d\" data-element_type=\"widget\" data-e-type=\"widget\" data-widget_type=\"heading.default\">\n\t\t\t\t<div class=\"elementor-widget-container\">\n\t\t\t\t\t<h2 class=\"elementor-heading-title elementor-size-default\">Arriba: EGAR-8, MAXI \u00b7 Abajo: EGAR-2, EGAR-4<\/h2>\t\t\t\t<\/div>\n\t\t\t\t<\/div>\n\t\t\t\t<\/div>\n\t\t<div class=\"elementor-element elementor-element-283b9e4 e-con-full e-flex e-con e-child\" data-id=\"283b9e4\" data-element_type=\"container\" data-e-type=\"container\">\n\t\t\t\t<div class=\"elementor-element elementor-element-a6160c3 elementor-widget elementor-widget-text-editor\" data-id=\"a6160c3\" data-element_type=\"widget\" data-e-type=\"widget\" data-widget_type=\"text-editor.default\">\n\t\t\t\t<div class=\"elementor-widget-container\">\n\t\t\t\t\t\t\t\t\t<p>La gama de envasadoras al vac\u00edo profesionales de grandes dimensiones, en versiones de pie y con caracter\u00edsticas top.<\/p>\t\t\t\t\t\t\t\t<\/div>\n\t\t\t\t<\/div>\n\t\t\t\t<div class=\"elementor-element elementor-element-72790c6a elementor-widget elementor-widget-text-editor\" data-id=\"72790c6a\" data-element_type=\"widget\" data-e-type=\"widget\" data-widget_type=\"text-editor.default\">\n\t\t\t\t<div class=\"elementor-widget-container\">\n\t\t\t\t\t\t\t\t\tM\u00e1quinas de la serie EGAR, la m\u00e1s experimentada, dise\u00f1adas en concepto y soluciones t\u00e9cnicas para responder eficazmente a las necesidades de rendimiento de una gran variedad de aplicaciones industriales. Sin concesiones: se trata de m\u00e1xima productividad y de fiabilidad sin excusas. Demostrado.\n\nCon un equipamiento b\u00e1sico de excepci\u00f3n: paneles de control electr\u00f3nicos gobernados por tiempo, para el sellado autom\u00e1tico de las bolsas mediante un sistema exclusivo de soldadura por temperatura al alcanzar el tiempo de vac\u00edo programado. \u2022 Proceso SOFT-AIR para la creaci\u00f3n de atm\u00f3sfera progresiva. \u2022 Entrada y regulaci\u00f3n de gas inerte. \u2022 Doble soldadura de sellado, con mecanismo exclusivo de pistones y cables ocultos. \u2022 Apertura autom\u00e1tica de las tapas, para asegurar la correcta y completa ejecuci\u00f3n de los ciclos.\t\t\t\t\t\t\t\t<\/div>\n\t\t\t\t<\/div>\n\t\t\t\t<div class=\"elementor-element elementor-element-4c8cddf1 elementor-align-justify elementor-widget__width-inherit btnici elementor-widget elementor-widget-button\" data-id=\"4c8cddf1\" data-element_type=\"widget\" data-e-type=\"widget\" data-widget_type=\"button.default\">\n\t\t\t\t<div class=\"elementor-widget-container\">\n\t\t\t\t\t\t\t\t\t<div class=\"elementor-button-wrapper\">\n\t\t\t\t\t<a class=\"elementor-button elementor-button-link elementor-size-sm\" href=\"https:\/\/egarvac.com\/wp-content\/uploads\/2025\/01\/Envasadoras-de-pie-EGARVAC-1.pdf\" target=\"_blank\" rel=\"noopener\">\n\t\t\t\t\t\t<span class=\"elementor-button-content-wrapper\">\n\t\t\t\t\t\t<span class=\"elementor-button-icon\">\n\t\t\t\t<svg xmlns=\"http:\/\/www.w3.org\/2000\/svg\" id=\"Capa_1\" data-name=\"Capa 1\" viewBox=\"0 0 192.18 177.1\"><defs><style>      .cls-1 {        fill: none;      }      .cls-2 {        fill: #fff;      }    <\/style><\/defs><path class=\"cls-2\" d=\"M148.19,95l-26.63,26.63c-1.43,1.45-3.3,2.16-5.18,2.16s-3.75-.71-5.17-2.16l-26.64-26.63c-2.85-2.86-2.85-7.5,0-10.35,2.87-2.86,7.5-2.86,10.35,0l14.14,14.14V21.64c0-4.05,3.29-7.32,7.32-7.32s7.32,3.28,7.32,7.32v77.14l14.14-14.13c2.85-2.86,7.49-2.86,10.35,0,2.85,2.85,2.85,7.49,0,10.35ZM177.04,63.12v90.28c0,4.05-3.29,7.32-7.33,7.32H29.18c-4.05,0-7.32-3.28-7.32-7.32V63.12c0-1.28.34-2.55.97-3.65l12.12-20.99c1.3-2.26,3.72-3.65,6.34-3.65h35.12c2.61,0,5.02,1.39,6.34,3.65l10,17.32h3.11v14.65h-7.33c-2.62,0-5.03-1.4-6.35-3.66l-9.99-17.32h-26.67l-9.02,15.63v80.99h125.89v-75.63h-25.47v-14.65h32.79c4.05,0,7.33,3.28,7.33,7.32Z\"><\/path><rect class=\"cls-1\" x=\"21.86\" y=\"14.32\" width=\"155.19\" height=\"155.19\"><\/rect><\/svg>\t\t\t<\/span>\n\t\t\t\t\t\t\t\t\t<span class=\"elementor-button-text\">Descargue el cat\u00e1logo de este producto<\/span>\n\t\t\t\t\t<\/span>\n\t\t\t\t\t<\/a>\n\t\t\t\t<\/div>\n\t\t\t\t\t\t\t\t<\/div>\n\t\t\t\t<\/div>\n\t\t\t\t<div class=\"elementor-element elementor-element-2612dd8d elementor-align-justify elementor-widget__width-inherit btnici elementor-widget elementor-widget-button\" data-id=\"2612dd8d\" data-element_type=\"widget\" data-e-type=\"widget\" data-widget_type=\"button.default\">\n\t\t\t\t<div class=\"elementor-widget-container\">\n\t\t\t\t\t\t\t\t\t<div class=\"elementor-button-wrapper\">\n\t\t\t\t\t<a class=\"elementor-button elementor-button-link elementor-size-sm\" href=\"https:\/\/egarvac.com\/wp-content\/uploads\/2025\/01\/03B-Tech-EGARVAC.pdf\" target=\"_blank\" rel=\"noopener\">\n\t\t\t\t\t\t<span class=\"elementor-button-content-wrapper\">\n\t\t\t\t\t\t<span class=\"elementor-button-icon\">\n\t\t\t\t<svg xmlns=\"http:\/\/www.w3.org\/2000\/svg\" id=\"Capa_1\" data-name=\"Capa 1\" viewBox=\"0 0 192.18 177.1\"><defs><style>      .cls-1 {        fill: none;      }      .cls-2 {        fill: #fff;      }    <\/style><\/defs><path class=\"cls-2\" d=\"M148.19,95l-26.63,26.63c-1.43,1.45-3.3,2.16-5.18,2.16s-3.75-.71-5.17-2.16l-26.64-26.63c-2.85-2.86-2.85-7.5,0-10.35,2.87-2.86,7.5-2.86,10.35,0l14.14,14.14V21.64c0-4.05,3.29-7.32,7.32-7.32s7.32,3.28,7.32,7.32v77.14l14.14-14.13c2.85-2.86,7.49-2.86,10.35,0,2.85,2.85,2.85,7.49,0,10.35ZM177.04,63.12v90.28c0,4.05-3.29,7.32-7.33,7.32H29.18c-4.05,0-7.32-3.28-7.32-7.32V63.12c0-1.28.34-2.55.97-3.65l12.12-20.99c1.3-2.26,3.72-3.65,6.34-3.65h35.12c2.61,0,5.02,1.39,6.34,3.65l10,17.32h3.11v14.65h-7.33c-2.62,0-5.03-1.4-6.35-3.66l-9.99-17.32h-26.67l-9.02,15.63v80.99h125.89v-75.63h-25.47v-14.65h32.79c4.05,0,7.33,3.28,7.33,7.32Z\"><\/path><rect class=\"cls-1\" x=\"21.86\" y=\"14.32\" width=\"155.19\" height=\"155.19\"><\/rect><\/svg>\t\t\t<\/span>\n\t\t\t\t\t\t\t\t\t<span class=\"elementor-button-text\">Descargue las fichas t\u00e9cnicas<\/span>\n\t\t\t\t\t<\/span>\n\t\t\t\t\t<\/a>\n\t\t\t\t<\/div>\n\t\t\t\t\t\t\t\t<\/div>\n\t\t\t\t<\/div>\n\t\t\t\t<\/div>\n\t\t\t\t<\/div>\n\t\t\t\t<\/div>\n\t\t","protected":false},"excerpt":{"rendered":"<p>AL DETALLE:\u00a0Envasadoras al vac\u00edo, DE CAMPANA\u00a0&#8211; Modelos DE PIE &#8211; MAXI y EGAR-8 MAXI AB [digital] EGAR-8 AB [digital] Arriba: EGAR-8, MAXI \u00b7 Abajo: EGAR-2, EGAR-4 La gama de envasadoras al vac\u00edo profesionales de grandes dimensiones, en versiones de pie y con caracter\u00edsticas top. M\u00e1quinas de la serie EGAR, la m\u00e1s experimentada, dise\u00f1adas en concepto [&hellip;]<\/p>\n","protected":false},"author":1,"featured_media":1157,"parent":0,"menu_order":0,"comment_status":"closed","ping_status":"closed","template":"","meta":{"footnotes":""},"class_list":["post-765","page","type-page","status-publish","has-post-thumbnail","hentry"],"_links":{"self":[{"href":"https:\/\/www.egarvac.com\/en\/wp-json\/wp\/v2\/pages\/765","targetHints":{"allow":["GET"]}}],"collection":[{"href":"https:\/\/www.egarvac.com\/en\/wp-json\/wp\/v2\/pages"}],"about":[{"href":"https:\/\/www.egarvac.com\/en\/wp-json\/wp\/v2\/types\/page"}],"author":[{"embeddable":true,"href":"https:\/\/www.egarvac.com\/en\/wp-json\/wp\/v2\/users\/1"}],"replies":[{"embeddable":true,"href":"https:\/\/www.egarvac.com\/en\/wp-json\/wp\/v2\/comments?post=765"}],"version-history":[{"count":0,"href":"https:\/\/www.egarvac.com\/en\/wp-json\/wp\/v2\/pages\/765\/revisions"}],"wp:featuredmedia":[{"embeddable":true,"href":"https:\/\/www.egarvac.com\/en\/wp-json\/wp\/v2\/media\/1157"}],"wp:attachment":[{"href":"https:\/\/www.egarvac.com\/en\/wp-json\/wp\/v2\/media?parent=765"}],"curies":[{"name":"wp","href":"https:\/\/api.w.org\/{rel}","templated":true}]}}