{"id":815,"date":"2025-01-13T14:26:00","date_gmt":"2025-01-13T13:26:00","guid":{"rendered":"https:\/\/www.kevovac.es\/?page_id=815"},"modified":"2025-05-06T11:10:26","modified_gmt":"2025-05-06T09:10:26","slug":"egar-2-doble-egar-4-doble-y-maxi-doble","status":"publish","type":"page","link":"https:\/\/www.egarvac.com\/en\/egar-2-doble-egar-4-doble-y-maxi-doble\/","title":{"rendered":"EGAR-2 Doble, EGAR-4 Doble y MAXI Doble"},"content":{"rendered":"\t\t<div data-elementor-type=\"wp-page\" data-elementor-id=\"815\" class=\"elementor elementor-815\" data-elementor-post-type=\"page\">\n\t\t\t\t<div class=\"elementor-element elementor-element-3ab6d080 e-flex e-con-boxed e-con e-parent\" data-id=\"3ab6d080\" data-element_type=\"container\" data-e-type=\"container\">\n\t\t\t\t\t<div class=\"e-con-inner\">\n\t\t\t\t<div class=\"elementor-element elementor-element-18e77376 elementor-widget elementor-widget-text-editor\" data-id=\"18e77376\" data-element_type=\"widget\" data-e-type=\"widget\" data-widget_type=\"text-editor.default\">\n\t\t\t\t<div class=\"elementor-widget-container\">\n\t\t\t\t\t\t\t\t\t<p><strong><span style=\"color: #000000;\">AL DETALLE:<\/span><\/strong>\u00a0<span style=\"color: #404040;\">Envasadoras al vac\u00edo, DE DOBLE CAMPANA<\/span>\u00a0&#8211; <span style=\"color: #808080;\"><em>Modelos DE PIE &#8211; <\/em>EGAR-2 Doble, EGAR-4 Doble y MAXI Doble<\/span><\/p>\t\t\t\t\t\t\t\t<\/div>\n\t\t\t\t<\/div>\n\t\t\t\t\t<\/div>\n\t\t\t\t<\/div>\n\t\t<div class=\"elementor-element elementor-element-579ed240 e-con-full e-flex elementor-invisible e-con e-parent\" data-id=\"579ed240\" data-element_type=\"container\" data-e-type=\"container\" data-settings=\"{&quot;animation&quot;:&quot;fadeIn&quot;}\">\n\t\t<div class=\"elementor-element elementor-element-4469b466 e-con-full e-flex e-con e-child\" data-id=\"4469b466\" data-element_type=\"container\" data-e-type=\"container\">\n\t\t\t\t<div class=\"elementor-element elementor-element-7cd7336b elementor-widget elementor-widget-image\" data-id=\"7cd7336b\" data-element_type=\"widget\" data-e-type=\"widget\" data-widget_type=\"image.default\">\n\t\t\t\t<div class=\"elementor-widget-container\">\n\t\t\t\t\t\t\t\t\t\t\t\t\t\t\t<img fetchpriority=\"high\" decoding=\"async\" width=\"685\" height=\"587\" src=\"https:\/\/www.egarvac.com\/wp-content\/uploads\/2025\/01\/674-Envasadoras-EGAR-2-DOBLE-MAXI-DOBLE-y-EGAR-4-DOBLE-EGARVAC.jpg\" class=\"attachment-large size-large wp-image-1261\" alt=\"Detalle de las envasadoras EGAR-2 Doble, MAXI Doble y EGAR-4 Doble EGARVAC, equipadas con sistemas de sellado doble para optimizar la conservaci\u00f3n de los productos\" srcset=\"https:\/\/www.egarvac.com\/wp-content\/uploads\/2025\/01\/674-Envasadoras-EGAR-2-DOBLE-MAXI-DOBLE-y-EGAR-4-DOBLE-EGARVAC.jpg 685w, https:\/\/www.egarvac.com\/wp-content\/uploads\/2025\/01\/674-Envasadoras-EGAR-2-DOBLE-MAXI-DOBLE-y-EGAR-4-DOBLE-EGARVAC-300x257.jpg 300w\" sizes=\"(max-width: 685px) 100vw, 685px\" \/>\t\t\t\t\t\t\t\t\t\t\t\t\t\t\t<\/div>\n\t\t\t\t<\/div>\n\t\t\t\t<div class=\"elementor-element elementor-element-12c38630 elementor-widget elementor-widget-heading\" data-id=\"12c38630\" data-element_type=\"widget\" data-e-type=\"widget\" data-widget_type=\"heading.default\">\n\t\t\t\t<div class=\"elementor-widget-container\">\n\t\t\t\t\t<h2 class=\"elementor-heading-title elementor-size-default\">EGAR-2 2A<\/h2>\t\t\t\t<\/div>\n\t\t\t\t<\/div>\n\t\t\t\t<\/div>\n\t\t<div class=\"elementor-element elementor-element-736ed350 e-con-full e-flex e-con e-child\" data-id=\"736ed350\" data-element_type=\"container\" data-e-type=\"container\">\n\t\t\t\t<div class=\"elementor-element elementor-element-71afeadc elementor-widget elementor-widget-image\" data-id=\"71afeadc\" data-element_type=\"widget\" data-e-type=\"widget\" data-widget_type=\"image.default\">\n\t\t\t\t<div class=\"elementor-widget-container\">\n\t\t\t\t\t\t\t\t\t\t\t\t\t\t\t<img decoding=\"async\" width=\"685\" height=\"587\" src=\"https:\/\/www.egarvac.com\/wp-content\/uploads\/2025\/01\/671-Envasadora-EGAR-2-2A-Doble-EGARVAC.jpg\" class=\"attachment-large size-large wp-image-1258\" alt=\"Envasadoras de doble campana de pie\" srcset=\"https:\/\/www.egarvac.com\/wp-content\/uploads\/2025\/01\/671-Envasadora-EGAR-2-2A-Doble-EGARVAC.jpg 685w, https:\/\/www.egarvac.com\/wp-content\/uploads\/2025\/01\/671-Envasadora-EGAR-2-2A-Doble-EGARVAC-300x257.jpg 300w\" sizes=\"(max-width: 685px) 100vw, 685px\" \/>\t\t\t\t\t\t\t\t\t\t\t\t\t\t\t<\/div>\n\t\t\t\t<\/div>\n\t\t\t\t<div class=\"elementor-element elementor-element-3c059066 elementor-widget elementor-widget-heading\" data-id=\"3c059066\" data-element_type=\"widget\" data-e-type=\"widget\" data-widget_type=\"heading.default\">\n\t\t\t\t<div class=\"elementor-widget-container\">\n\t\t\t\t\t<h2 class=\"elementor-heading-title elementor-size-default\">EGAR-2 2A Doble [electr\u00f3nico]<\/h2>\t\t\t\t<\/div>\n\t\t\t\t<\/div>\n\t\t\t\t<\/div>\n\t\t\t\t<\/div>\n\t\t<div class=\"elementor-element elementor-element-392032a8 e-con-full e-flex elementor-invisible e-con e-parent\" data-id=\"392032a8\" data-element_type=\"container\" data-e-type=\"container\" data-settings=\"{&quot;animation&quot;:&quot;fadeIn&quot;}\">\n\t\t<div class=\"elementor-element elementor-element-14d49eb9 e-con-full e-flex e-con e-child\" data-id=\"14d49eb9\" data-element_type=\"container\" data-e-type=\"container\">\n\t\t\t\t<div class=\"elementor-element elementor-element-4440bdf elementor-widget elementor-widget-image\" data-id=\"4440bdf\" data-element_type=\"widget\" data-e-type=\"widget\" data-widget_type=\"image.default\">\n\t\t\t\t<div class=\"elementor-widget-container\">\n\t\t\t\t\t\t\t\t\t\t\t\t\t\t\t<img decoding=\"async\" width=\"685\" height=\"587\" src=\"https:\/\/www.egarvac.com\/wp-content\/uploads\/2025\/01\/675-Envasadoras-EGAR-2-DOBLE-MAXI-DOBLE-y-EGAR-4-DOBLE-EGARVAC.jpg\" class=\"attachment-large size-large wp-image-1262\" alt=\"Modelos avanzados con sellado doble para un envasado herm\u00e9tico y eficiente\" srcset=\"https:\/\/www.egarvac.com\/wp-content\/uploads\/2025\/01\/675-Envasadoras-EGAR-2-DOBLE-MAXI-DOBLE-y-EGAR-4-DOBLE-EGARVAC.jpg 685w, https:\/\/www.egarvac.com\/wp-content\/uploads\/2025\/01\/675-Envasadoras-EGAR-2-DOBLE-MAXI-DOBLE-y-EGAR-4-DOBLE-EGARVAC-300x257.jpg 300w\" sizes=\"(max-width: 685px) 100vw, 685px\" \/>\t\t\t\t\t\t\t\t\t\t\t\t\t\t\t<\/div>\n\t\t\t\t<\/div>\n\t\t\t\t<div class=\"elementor-element elementor-element-cbbbf2c elementor-widget elementor-widget-heading\" data-id=\"cbbbf2c\" data-element_type=\"widget\" data-e-type=\"widget\" data-widget_type=\"heading.default\">\n\t\t\t\t<div class=\"elementor-widget-container\">\n\t\t\t\t\t<h2 class=\"elementor-heading-title elementor-size-default\">EGAR-2 2A<\/h2>\t\t\t\t<\/div>\n\t\t\t\t<\/div>\n\t\t\t\t<\/div>\n\t\t<div class=\"elementor-element elementor-element-66f7dbcb e-con-full e-flex e-con e-child\" data-id=\"66f7dbcb\" data-element_type=\"container\" data-e-type=\"container\">\n\t\t\t\t<div class=\"elementor-element elementor-element-5d14be8a elementor-widget elementor-widget-image\" data-id=\"5d14be8a\" data-element_type=\"widget\" data-e-type=\"widget\" data-widget_type=\"image.default\">\n\t\t\t\t<div class=\"elementor-widget-container\">\n\t\t\t\t\t\t\t\t\t\t\t\t\t\t\t<img loading=\"lazy\" decoding=\"async\" width=\"685\" height=\"587\" src=\"https:\/\/www.egarvac.com\/wp-content\/uploads\/2025\/01\/672-Envasadora-EGAR-4-AB-Doble-EGARVAC.jpg\" class=\"attachment-large size-large wp-image-1259\" alt=\"Envasadora EGAR-4 AB Doble EGARVAC, dise\u00f1ada para un sellado eficiente y de alta calidad\" srcset=\"https:\/\/www.egarvac.com\/wp-content\/uploads\/2025\/01\/672-Envasadora-EGAR-4-AB-Doble-EGARVAC.jpg 685w, https:\/\/www.egarvac.com\/wp-content\/uploads\/2025\/01\/672-Envasadora-EGAR-4-AB-Doble-EGARVAC-300x257.jpg 300w\" sizes=\"(max-width: 685px) 100vw, 685px\" \/>\t\t\t\t\t\t\t\t\t\t\t\t\t\t\t<\/div>\n\t\t\t\t<\/div>\n\t\t\t\t<div class=\"elementor-element elementor-element-28971aa8 elementor-widget elementor-widget-heading\" data-id=\"28971aa8\" data-element_type=\"widget\" data-e-type=\"widget\" data-widget_type=\"heading.default\">\n\t\t\t\t<div class=\"elementor-widget-container\">\n\t\t\t\t\t<h2 class=\"elementor-heading-title elementor-size-default\">EGAR-4 AB Doble [electr\u00f3nico]<\/h2>\t\t\t\t<\/div>\n\t\t\t\t<\/div>\n\t\t\t\t<\/div>\n\t\t\t\t<\/div>\n\t\t<div class=\"elementor-element elementor-element-bd2eea8 e-con-full e-flex elementor-invisible e-con e-parent\" data-id=\"bd2eea8\" data-element_type=\"container\" data-e-type=\"container\" data-settings=\"{&quot;animation&quot;:&quot;fadeIn&quot;}\">\n\t\t<div class=\"elementor-element elementor-element-48fa3147 e-con-full e-flex e-con e-child\" data-id=\"48fa3147\" data-element_type=\"container\" data-e-type=\"container\">\n\t\t\t\t<div class=\"elementor-element elementor-element-11569a6b elementor-widget elementor-widget-image\" data-id=\"11569a6b\" data-element_type=\"widget\" data-e-type=\"widget\" data-widget_type=\"image.default\">\n\t\t\t\t<div class=\"elementor-widget-container\">\n\t\t\t\t\t\t\t\t\t\t\t\t\t\t\t<img loading=\"lazy\" decoding=\"async\" width=\"685\" height=\"587\" src=\"https:\/\/www.egarvac.com\/wp-content\/uploads\/2025\/01\/676-Envasadoras-EGAR-2-DOBLE-MAXI-DOBLE-y-EGAR-4-DOBLE-EGARVAC.jpg\" class=\"attachment-large size-large wp-image-1263\" alt=\"Detalles de las envasadoras EGAR-2 Doble, MAXI Doble y EGAR-4 Doble EGARVAC\" srcset=\"https:\/\/www.egarvac.com\/wp-content\/uploads\/2025\/01\/676-Envasadoras-EGAR-2-DOBLE-MAXI-DOBLE-y-EGAR-4-DOBLE-EGARVAC.jpg 685w, https:\/\/www.egarvac.com\/wp-content\/uploads\/2025\/01\/676-Envasadoras-EGAR-2-DOBLE-MAXI-DOBLE-y-EGAR-4-DOBLE-EGARVAC-300x257.jpg 300w\" sizes=\"(max-width: 685px) 100vw, 685px\" \/>\t\t\t\t\t\t\t\t\t\t\t\t\t\t\t<\/div>\n\t\t\t\t<\/div>\n\t\t\t\t<\/div>\n\t\t<div class=\"elementor-element elementor-element-656eff7b e-con-full e-flex e-con e-child\" data-id=\"656eff7b\" data-element_type=\"container\" data-e-type=\"container\">\n\t\t\t\t<div class=\"elementor-element elementor-element-5e4b7619 elementor-widget elementor-widget-image\" data-id=\"5e4b7619\" data-element_type=\"widget\" data-e-type=\"widget\" data-widget_type=\"image.default\">\n\t\t\t\t<div class=\"elementor-widget-container\">\n\t\t\t\t\t\t\t\t\t\t\t\t\t\t\t<img loading=\"lazy\" decoding=\"async\" width=\"685\" height=\"587\" src=\"https:\/\/www.egarvac.com\/wp-content\/uploads\/2025\/01\/673-Envasadora-MAXI-AB-Doble-EGARVAC-1.jpg\" class=\"attachment-large size-large wp-image-1260\" alt=\"Envasadoras al vac\u00edo de doble campana, modelos de pie: MAXI Doble\" srcset=\"https:\/\/www.egarvac.com\/wp-content\/uploads\/2025\/01\/673-Envasadora-MAXI-AB-Doble-EGARVAC-1.jpg 685w, https:\/\/www.egarvac.com\/wp-content\/uploads\/2025\/01\/673-Envasadora-MAXI-AB-Doble-EGARVAC-1-300x257.jpg 300w\" sizes=\"(max-width: 685px) 100vw, 685px\" \/>\t\t\t\t\t\t\t\t\t\t\t\t\t\t\t<\/div>\n\t\t\t\t<\/div>\n\t\t\t\t<div class=\"elementor-element elementor-element-2e159266 elementor-widget elementor-widget-heading\" data-id=\"2e159266\" data-element_type=\"widget\" data-e-type=\"widget\" data-widget_type=\"heading.default\">\n\t\t\t\t<div class=\"elementor-widget-container\">\n\t\t\t\t\t<h2 class=\"elementor-heading-title elementor-size-default\">MAXI AB Doble [electr\u00f3nico]<\/h2>\t\t\t\t<\/div>\n\t\t\t\t<\/div>\n\t\t\t\t<\/div>\n\t\t\t\t<\/div>\n\t\t<div class=\"elementor-element elementor-element-365f4ad0 e-con-full e-flex elementor-invisible e-con e-parent\" data-id=\"365f4ad0\" data-element_type=\"container\" data-e-type=\"container\" data-settings=\"{&quot;animation&quot;:&quot;fadeIn&quot;}\">\n\t\t<div class=\"elementor-element elementor-element-3d70a762 e-con-full e-flex e-con e-child\" data-id=\"3d70a762\" data-element_type=\"container\" data-e-type=\"container\">\n\t\t\t\t<div class=\"elementor-element elementor-element-5aceb414 elementor-widget elementor-widget-image\" data-id=\"5aceb414\" data-element_type=\"widget\" data-e-type=\"widget\" data-widget_type=\"image.default\">\n\t\t\t\t<div class=\"elementor-widget-container\">\n\t\t\t\t\t\t\t\t\t\t\t\t\t\t\t<img loading=\"lazy\" decoding=\"async\" width=\"685\" height=\"587\" src=\"https:\/\/www.egarvac.com\/wp-content\/uploads\/2025\/01\/653-Envasadoras-EGAR-2-y-EGAR-4-EGARVAC.jpg\" class=\"attachment-large size-large wp-image-1105\" alt=\"Envasadoras EGAR-2 y EGAR-4 EGARVAC, con acabados de alta calidad\" srcset=\"https:\/\/www.egarvac.com\/wp-content\/uploads\/2025\/01\/653-Envasadoras-EGAR-2-y-EGAR-4-EGARVAC.jpg 685w, https:\/\/www.egarvac.com\/wp-content\/uploads\/2025\/01\/653-Envasadoras-EGAR-2-y-EGAR-4-EGARVAC-300x257.jpg 300w\" sizes=\"(max-width: 685px) 100vw, 685px\" \/>\t\t\t\t\t\t\t\t\t\t\t\t\t\t\t<\/div>\n\t\t\t\t<\/div>\n\t\t\t\t<\/div>\n\t\t<div class=\"elementor-element elementor-element-56a85982 e-con-full e-flex e-con e-child\" data-id=\"56a85982\" data-element_type=\"container\" data-e-type=\"container\">\n\t\t\t\t<div class=\"elementor-element elementor-element-4fbd2817 elementor-widget elementor-widget-image\" data-id=\"4fbd2817\" data-element_type=\"widget\" data-e-type=\"widget\" data-widget_type=\"image.default\">\n\t\t\t\t<div class=\"elementor-widget-container\">\n\t\t\t\t\t\t\t\t\t\t\t\t\t\t\t<img loading=\"lazy\" decoding=\"async\" width=\"685\" height=\"587\" src=\"https:\/\/www.egarvac.com\/wp-content\/uploads\/2025\/01\/677-Envasadoras-EGAR-2-DOBLE-MAXI-DOBLE-y-EGAR-4-DOBLE-EGARVAC.jpg\" class=\"attachment-large size-large wp-image-1264\" alt=\"Detalles de envasadoras EGAR-2 Doble, MAXI Doble y EGAR-4 Doble EGARVAC, m\u00e1quinas de envasado al vac\u00edo con sistema de sellado doble para mayor eficiencia\" srcset=\"https:\/\/www.egarvac.com\/wp-content\/uploads\/2025\/01\/677-Envasadoras-EGAR-2-DOBLE-MAXI-DOBLE-y-EGAR-4-DOBLE-EGARVAC.jpg 685w, https:\/\/www.egarvac.com\/wp-content\/uploads\/2025\/01\/677-Envasadoras-EGAR-2-DOBLE-MAXI-DOBLE-y-EGAR-4-DOBLE-EGARVAC-300x257.jpg 300w\" sizes=\"(max-width: 685px) 100vw, 685px\" \/>\t\t\t\t\t\t\t\t\t\t\t\t\t\t\t<\/div>\n\t\t\t\t<\/div>\n\t\t\t\t<\/div>\n\t\t\t\t<\/div>\n\t\t<div class=\"elementor-element elementor-element-398e8891 e-con-full e-flex elementor-invisible e-con e-parent\" data-id=\"398e8891\" data-element_type=\"container\" data-e-type=\"container\" data-settings=\"{&quot;animation&quot;:&quot;fadeIn&quot;}\">\n\t\t<div class=\"elementor-element elementor-element-1b5858cd e-con-full e-flex e-con e-child\" data-id=\"1b5858cd\" data-element_type=\"container\" data-e-type=\"container\">\n\t\t\t\t<div class=\"elementor-element elementor-element-95b704c elementor-widget elementor-widget-image\" data-id=\"95b704c\" data-element_type=\"widget\" data-e-type=\"widget\" data-widget_type=\"image.default\">\n\t\t\t\t<div class=\"elementor-widget-container\">\n\t\t\t\t\t\t\t\t\t\t\t\t\t\t\t<img loading=\"lazy\" decoding=\"async\" width=\"685\" height=\"587\" src=\"https:\/\/www.egarvac.com\/wp-content\/uploads\/2025\/01\/670-Envasadoras-EGAR-2-DOBLE-MAXI-DOBLE-y-EGAR-4-DOBLE-EGARVAC.jpg\" class=\"attachment-large size-large wp-image-1257\" alt=\"Envasadoras al vac\u00edo EGARVAC \u00b7 Serie EGAR\" srcset=\"https:\/\/www.egarvac.com\/wp-content\/uploads\/2025\/01\/670-Envasadoras-EGAR-2-DOBLE-MAXI-DOBLE-y-EGAR-4-DOBLE-EGARVAC.jpg 685w, https:\/\/www.egarvac.com\/wp-content\/uploads\/2025\/01\/670-Envasadoras-EGAR-2-DOBLE-MAXI-DOBLE-y-EGAR-4-DOBLE-EGARVAC-300x257.jpg 300w\" sizes=\"(max-width: 685px) 100vw, 685px\" \/>\t\t\t\t\t\t\t\t\t\t\t\t\t\t\t<\/div>\n\t\t\t\t<\/div>\n\t\t\t\t<div class=\"elementor-element elementor-element-7417914b elementor-widget elementor-widget-heading\" data-id=\"7417914b\" data-element_type=\"widget\" data-e-type=\"widget\" data-widget_type=\"heading.default\">\n\t\t\t\t<div class=\"elementor-widget-container\">\n\t\t\t\t\t<h2 class=\"elementor-heading-title elementor-size-default\">Arriba: MAXI Doble \u00b7 Abajo: EGAR-2 Doble, EGAR-4 Doble<\/h2>\t\t\t\t<\/div>\n\t\t\t\t<\/div>\n\t\t\t\t<\/div>\n\t\t<div class=\"elementor-element elementor-element-4c919d16 e-con-full e-flex e-con e-child\" data-id=\"4c919d16\" data-element_type=\"container\" data-e-type=\"container\">\n\t\t\t\t<div class=\"elementor-element elementor-element-20f008f3 elementor-widget elementor-widget-text-editor\" data-id=\"20f008f3\" data-element_type=\"widget\" data-e-type=\"widget\" data-widget_type=\"text-editor.default\">\n\t\t\t\t<div class=\"elementor-widget-container\">\n\t\t\t\t\t\t\t\t\t<p>Con las mismas caracter\u00edsticas top que sus hermanas de gama, pero con productividad elevada al doble.<\/p>\t\t\t\t\t\t\t\t<\/div>\n\t\t\t\t<\/div>\n\t\t\t\t<div class=\"elementor-element elementor-element-44cab52 elementor-widget elementor-widget-text-editor\" data-id=\"44cab52\" data-element_type=\"widget\" data-e-type=\"widget\" data-widget_type=\"text-editor.default\">\n\t\t\t\t<div class=\"elementor-widget-container\">\n\t\t\t\t\t\t\t\t\tM\u00e1quinas de la serie EGAR, la m\u00e1s experimentada, dise\u00f1adas en concepto y soluciones t\u00e9cnicas para responder eficazmente a las necesidades de rendimiento de una gran variedad de aplicaciones industriales. Sin concesiones: se trata de m\u00e1xima productividad y de fiabilidad sin excusas. Demostrado.\n\nCon un equipamiento b\u00e1sico de excepci\u00f3n: paneles de control electr\u00f3nicos gobernados por tiempo, para el sellado autom\u00e1tico de las bolsas mediante un sistema exclusivo de soldadura por temperatura al alcanzar el tiempo de vac\u00edo programado. \u2022 Proceso SOFT-AIR para la creaci\u00f3n de atm\u00f3sfera progresiva. \u2022 Entrada y regulaci\u00f3n de gas inerte. \u2022 Doble soldadura de sellado, con mecanismo exclusivo de pistones y cables ocultos. \u2022 Apertura autom\u00e1tica de las tapas, para asegurar la correcta y completa ejecuci\u00f3n de los ciclos.\t\t\t\t\t\t\t\t<\/div>\n\t\t\t\t<\/div>\n\t\t\t\t<div class=\"elementor-element elementor-element-7fe2e640 elementor-align-justify elementor-widget__width-inherit btnici elementor-widget elementor-widget-button\" data-id=\"7fe2e640\" data-element_type=\"widget\" data-e-type=\"widget\" data-widget_type=\"button.default\">\n\t\t\t\t<div class=\"elementor-widget-container\">\n\t\t\t\t\t\t\t\t\t<div class=\"elementor-button-wrapper\">\n\t\t\t\t\t<a class=\"elementor-button elementor-button-link elementor-size-sm\" href=\"https:\/\/egarvac.com\/wp-content\/uploads\/2025\/01\/Envasadoras-doble-campana-EGARVAC.pdf\" target=\"_blank\" rel=\"noopener\">\n\t\t\t\t\t\t<span class=\"elementor-button-content-wrapper\">\n\t\t\t\t\t\t<span class=\"elementor-button-icon\">\n\t\t\t\t<svg xmlns=\"http:\/\/www.w3.org\/2000\/svg\" id=\"Capa_1\" data-name=\"Capa 1\" viewBox=\"0 0 192.18 177.1\"><defs><style>      .cls-1 {        fill: none;      }      .cls-2 {        fill: #fff;      }    <\/style><\/defs><path class=\"cls-2\" d=\"M148.19,95l-26.63,26.63c-1.43,1.45-3.3,2.16-5.18,2.16s-3.75-.71-5.17-2.16l-26.64-26.63c-2.85-2.86-2.85-7.5,0-10.35,2.87-2.86,7.5-2.86,10.35,0l14.14,14.14V21.64c0-4.05,3.29-7.32,7.32-7.32s7.32,3.28,7.32,7.32v77.14l14.14-14.13c2.85-2.86,7.49-2.86,10.35,0,2.85,2.85,2.85,7.49,0,10.35ZM177.04,63.12v90.28c0,4.05-3.29,7.32-7.33,7.32H29.18c-4.05,0-7.32-3.28-7.32-7.32V63.12c0-1.28.34-2.55.97-3.65l12.12-20.99c1.3-2.26,3.72-3.65,6.34-3.65h35.12c2.61,0,5.02,1.39,6.34,3.65l10,17.32h3.11v14.65h-7.33c-2.62,0-5.03-1.4-6.35-3.66l-9.99-17.32h-26.67l-9.02,15.63v80.99h125.89v-75.63h-25.47v-14.65h32.79c4.05,0,7.33,3.28,7.33,7.32Z\"><\/path><rect class=\"cls-1\" x=\"21.86\" y=\"14.32\" width=\"155.19\" height=\"155.19\"><\/rect><\/svg>\t\t\t<\/span>\n\t\t\t\t\t\t\t\t\t<span class=\"elementor-button-text\">Descargue el cat\u00e1logo de este producto<\/span>\n\t\t\t\t\t<\/span>\n\t\t\t\t\t<\/a>\n\t\t\t\t<\/div>\n\t\t\t\t\t\t\t\t<\/div>\n\t\t\t\t<\/div>\n\t\t\t\t<div class=\"elementor-element elementor-element-6b0df3f6 elementor-align-justify elementor-widget__width-inherit btnici elementor-widget elementor-widget-button\" data-id=\"6b0df3f6\" data-element_type=\"widget\" data-e-type=\"widget\" data-widget_type=\"button.default\">\n\t\t\t\t<div class=\"elementor-widget-container\">\n\t\t\t\t\t\t\t\t\t<div class=\"elementor-button-wrapper\">\n\t\t\t\t\t<a class=\"elementor-button elementor-button-link elementor-size-sm\" href=\"https:\/\/egarvac.com\/wp-content\/uploads\/2025\/01\/05-Tech-EGARVAC.pdf\" target=\"_blank\" rel=\"noopener\">\n\t\t\t\t\t\t<span class=\"elementor-button-content-wrapper\">\n\t\t\t\t\t\t<span class=\"elementor-button-icon\">\n\t\t\t\t<svg xmlns=\"http:\/\/www.w3.org\/2000\/svg\" id=\"Capa_1\" data-name=\"Capa 1\" viewBox=\"0 0 192.18 177.1\"><defs><style>      .cls-1 {        fill: none;      }      .cls-2 {        fill: #fff;      }    <\/style><\/defs><path class=\"cls-2\" d=\"M148.19,95l-26.63,26.63c-1.43,1.45-3.3,2.16-5.18,2.16s-3.75-.71-5.17-2.16l-26.64-26.63c-2.85-2.86-2.85-7.5,0-10.35,2.87-2.86,7.5-2.86,10.35,0l14.14,14.14V21.64c0-4.05,3.29-7.32,7.32-7.32s7.32,3.28,7.32,7.32v77.14l14.14-14.13c2.85-2.86,7.49-2.86,10.35,0,2.85,2.85,2.85,7.49,0,10.35ZM177.04,63.12v90.28c0,4.05-3.29,7.32-7.33,7.32H29.18c-4.05,0-7.32-3.28-7.32-7.32V63.12c0-1.28.34-2.55.97-3.65l12.12-20.99c1.3-2.26,3.72-3.65,6.34-3.65h35.12c2.61,0,5.02,1.39,6.34,3.65l10,17.32h3.11v14.65h-7.33c-2.62,0-5.03-1.4-6.35-3.66l-9.99-17.32h-26.67l-9.02,15.63v80.99h125.89v-75.63h-25.47v-14.65h32.79c4.05,0,7.33,3.28,7.33,7.32Z\"><\/path><rect class=\"cls-1\" x=\"21.86\" y=\"14.32\" width=\"155.19\" height=\"155.19\"><\/rect><\/svg>\t\t\t<\/span>\n\t\t\t\t\t\t\t\t\t<span class=\"elementor-button-text\">Descargue las fichas t\u00e9cnicas<\/span>\n\t\t\t\t\t<\/span>\n\t\t\t\t\t<\/a>\n\t\t\t\t<\/div>\n\t\t\t\t\t\t\t\t<\/div>\n\t\t\t\t<\/div>\n\t\t\t\t<\/div>\n\t\t\t\t<\/div>\n\t\t\t\t<\/div>\n\t\t","protected":false},"excerpt":{"rendered":"<p>AL DETALLE:\u00a0Envasadoras al vac\u00edo, DE DOBLE CAMPANA\u00a0&#8211; Modelos DE PIE &#8211; EGAR-2 Doble, EGAR-4 Doble y MAXI Doble EGAR-2 2A EGAR-2 2A Doble [electr\u00f3nico] EGAR-2 2A EGAR-4 AB Doble [electr\u00f3nico] MAXI AB Doble [electr\u00f3nico] Arriba: MAXI Doble \u00b7 Abajo: EGAR-2 Doble, EGAR-4 Doble Con las mismas caracter\u00edsticas top que sus hermanas de gama, pero con [&hellip;]<\/p>\n","protected":false},"author":1,"featured_media":1260,"parent":0,"menu_order":0,"comment_status":"closed","ping_status":"closed","template":"","meta":{"footnotes":""},"class_list":["post-815","page","type-page","status-publish","has-post-thumbnail","hentry"],"_links":{"self":[{"href":"https:\/\/www.egarvac.com\/en\/wp-json\/wp\/v2\/pages\/815","targetHints":{"allow":["GET"]}}],"collection":[{"href":"https:\/\/www.egarvac.com\/en\/wp-json\/wp\/v2\/pages"}],"about":[{"href":"https:\/\/www.egarvac.com\/en\/wp-json\/wp\/v2\/types\/page"}],"author":[{"embeddable":true,"href":"https:\/\/www.egarvac.com\/en\/wp-json\/wp\/v2\/users\/1"}],"replies":[{"embeddable":true,"href":"https:\/\/www.egarvac.com\/en\/wp-json\/wp\/v2\/comments?post=815"}],"version-history":[{"count":0,"href":"https:\/\/www.egarvac.com\/en\/wp-json\/wp\/v2\/pages\/815\/revisions"}],"wp:featuredmedia":[{"embeddable":true,"href":"https:\/\/www.egarvac.com\/en\/wp-json\/wp\/v2\/media\/1260"}],"wp:attachment":[{"href":"https:\/\/www.egarvac.com\/en\/wp-json\/wp\/v2\/media?parent=815"}],"curies":[{"name":"wp","href":"https:\/\/api.w.org\/{rel}","templated":true}]}}