{"id":849,"date":"2025-01-13T14:37:14","date_gmt":"2025-01-13T13:37:14","guid":{"rendered":"https:\/\/www.kevovac.es\/?page_id=849"},"modified":"2025-05-06T10:54:39","modified_gmt":"2025-05-06T08:54:39","slug":"egar-020-y-egar-040","status":"publish","type":"page","link":"https:\/\/www.egarvac.com\/en\/egar-020-y-egar-040\/","title":{"rendered":"EGAR-020 y EGAR-040"},"content":{"rendered":"<div data-elementor-type=\"wp-page\" data-elementor-id=\"849\" class=\"elementor elementor-849\" data-elementor-post-type=\"page\">\n\t\t\t\t<div class=\"elementor-element elementor-element-1f804ae4 e-flex e-con-boxed e-con e-parent\" data-id=\"1f804ae4\" data-element_type=\"container\" data-e-type=\"container\">\n\t\t\t\t\t<div class=\"e-con-inner\">\n\t\t\t\t<div class=\"elementor-element elementor-element-192cc647 elementor-widget elementor-widget-text-editor\" data-id=\"192cc647\" data-element_type=\"widget\" data-e-type=\"widget\" data-widget_type=\"text-editor.default\">\n\t\t\t\t<div class=\"elementor-widget-container\">\n\t\t\t\t\t\t\t\t\t<p><strong><span style=\"color: #000000;\">AL DETALLE:<\/span><\/strong>\u00a0<span style=\"color: #404040;\">Envasadoras DE VAC\u00cdO EXTERNO<\/span>\u00a0&#8211; <span style=\"color: #808080;\"><em>Modelos DE SOBREMESA &#8211; <\/em>EGAR-020 y EGAR-040<\/span><\/p>\t\t\t\t\t\t\t\t<\/div>\n\t\t\t\t<\/div>\n\t\t\t\t\t<\/div>\n\t\t\t\t<\/div>\n\t\t<div class=\"elementor-element elementor-element-1b4136f9 e-con-full e-flex elementor-invisible e-con e-parent\" data-id=\"1b4136f9\" data-element_type=\"container\" data-e-type=\"container\" data-settings=\"{&quot;animation&quot;:&quot;fadeIn&quot;}\">\n\t\t<div class=\"elementor-element elementor-element-3c6d0946 e-con-full e-flex e-con e-child\" data-id=\"3c6d0946\" data-element_type=\"container\" data-e-type=\"container\">\n\t\t\t\t<div class=\"elementor-element elementor-element-39762abd elementor-widget elementor-widget-image\" data-id=\"39762abd\" data-element_type=\"widget\" data-e-type=\"widget\" data-widget_type=\"image.default\">\n\t\t\t\t<div class=\"elementor-widget-container\">\n\t\t\t\t\t\t\t\t\t\t\t\t\t\t\t<img fetchpriority=\"high\" decoding=\"async\" width=\"685\" height=\"587\" src=\"https:\/\/www.egarvac.com\/wp-content\/uploads\/2025\/01\/681-Envasadoras-EGAR-020-y-EGAR-040-EGARVAC.jpg\" class=\"attachment-large size-large wp-image-1330\" alt=\"Productos envasados como embutidos, salm\u00f3n y queso, mostrando ejemplos de envases sellados con las m\u00e1quinas EGARVAC\" srcset=\"https:\/\/www.egarvac.com\/wp-content\/uploads\/2025\/01\/681-Envasadoras-EGAR-020-y-EGAR-040-EGARVAC.jpg 685w, https:\/\/www.egarvac.com\/wp-content\/uploads\/2025\/01\/681-Envasadoras-EGAR-020-y-EGAR-040-EGARVAC-300x257.jpg 300w\" sizes=\"(max-width: 685px) 100vw, 685px\" \/>\t\t\t\t\t\t\t\t\t\t\t\t\t\t\t<\/div>\n\t\t\t\t<\/div>\n\t\t\t\t<\/div>\n\t\t<div class=\"elementor-element elementor-element-7cde570b e-con-full e-flex e-con e-child\" data-id=\"7cde570b\" data-element_type=\"container\" data-e-type=\"container\">\n\t\t\t\t<div class=\"elementor-element elementor-element-751a3d93 elementor-widget elementor-widget-image\" data-id=\"751a3d93\" data-element_type=\"widget\" data-e-type=\"widget\" data-widget_type=\"image.default\">\n\t\t\t\t<div class=\"elementor-widget-container\">\n\t\t\t\t\t\t\t\t\t\t\t\t\t\t\t<img decoding=\"async\" width=\"685\" height=\"587\" src=\"https:\/\/www.egarvac.com\/wp-content\/uploads\/2025\/01\/679-Envasadora-EGAR-020-EGARVAC.jpg\" class=\"attachment-large size-large wp-image-1328\" alt=\"Envasadora EGAR-020 EGARVAC, equipo de envasado compacto y eficiente, ideal para sellado al vac\u00edo en peque\u00f1as producciones\" srcset=\"https:\/\/www.egarvac.com\/wp-content\/uploads\/2025\/01\/679-Envasadora-EGAR-020-EGARVAC.jpg 685w, https:\/\/www.egarvac.com\/wp-content\/uploads\/2025\/01\/679-Envasadora-EGAR-020-EGARVAC-300x257.jpg 300w\" sizes=\"(max-width: 685px) 100vw, 685px\" \/>\t\t\t\t\t\t\t\t\t\t\t\t\t\t\t<\/div>\n\t\t\t\t<\/div>\n\t\t\t\t<div class=\"elementor-element elementor-element-76523eb5 elementor-widget elementor-widget-heading\" data-id=\"76523eb5\" data-element_type=\"widget\" data-e-type=\"widget\" data-widget_type=\"heading.default\">\n\t\t\t\t<div class=\"elementor-widget-container\">\n\t\t\t\t\t<h2 class=\"elementor-heading-title elementor-size-default\">EGAR-020<\/h2>\t\t\t\t<\/div>\n\t\t\t\t<\/div>\n\t\t\t\t<\/div>\n\t\t\t\t<\/div>\n\t\t<div class=\"elementor-element elementor-element-3c75a932 e-con-full e-flex elementor-invisible e-con e-parent\" data-id=\"3c75a932\" data-element_type=\"container\" data-e-type=\"container\" data-settings=\"{&quot;animation&quot;:&quot;fadeIn&quot;}\">\n\t\t<div class=\"elementor-element elementor-element-58d9b23f e-con-full e-flex e-con e-child\" data-id=\"58d9b23f\" data-element_type=\"container\" data-e-type=\"container\">\n\t\t\t\t<div class=\"elementor-element elementor-element-2a68d5b9 elementor-widget elementor-widget-image\" data-id=\"2a68d5b9\" data-element_type=\"widget\" data-e-type=\"widget\" data-widget_type=\"image.default\">\n\t\t\t\t<div class=\"elementor-widget-container\">\n\t\t\t\t\t\t\t\t\t\t\t\t\t\t\t<img decoding=\"async\" width=\"685\" height=\"587\" src=\"https:\/\/www.egarvac.com\/wp-content\/uploads\/2025\/01\/686-Envasadoras-EGAR-020-y-EGAR-040-EGARVAC.jpg\" class=\"attachment-large size-large wp-image-1335\" alt=\"Detalle del panel de control digital envasadoras EGAR-020 y EGAR-040\" srcset=\"https:\/\/www.egarvac.com\/wp-content\/uploads\/2025\/01\/686-Envasadoras-EGAR-020-y-EGAR-040-EGARVAC.jpg 685w, https:\/\/www.egarvac.com\/wp-content\/uploads\/2025\/01\/686-Envasadoras-EGAR-020-y-EGAR-040-EGARVAC-300x257.jpg 300w\" sizes=\"(max-width: 685px) 100vw, 685px\" \/>\t\t\t\t\t\t\t\t\t\t\t\t\t\t\t<\/div>\n\t\t\t\t<\/div>\n\t\t\t\t<\/div>\n\t\t<div class=\"elementor-element elementor-element-1815d880 e-con-full e-flex e-con e-child\" data-id=\"1815d880\" data-element_type=\"container\" data-e-type=\"container\">\n\t\t\t\t<div class=\"elementor-element elementor-element-6eb8b2d5 elementor-widget elementor-widget-image\" data-id=\"6eb8b2d5\" data-element_type=\"widget\" data-e-type=\"widget\" data-widget_type=\"image.default\">\n\t\t\t\t<div class=\"elementor-widget-container\">\n\t\t\t\t\t\t\t\t\t\t\t\t\t\t\t<img loading=\"lazy\" decoding=\"async\" width=\"685\" height=\"587\" src=\"https:\/\/www.egarvac.com\/wp-content\/uploads\/2025\/01\/680-Envasadora-EGAR-040-EGARVAC.jpg\" class=\"attachment-large size-large wp-image-1329\" alt=\"Envasadora EGAR-040 EGARVAC, m\u00e1quina de envasado al vac\u00edo dise\u00f1ada para ofrecer alto rendimiento y precisi\u00f3n en el sellado de productos\" srcset=\"https:\/\/www.egarvac.com\/wp-content\/uploads\/2025\/01\/680-Envasadora-EGAR-040-EGARVAC.jpg 685w, https:\/\/www.egarvac.com\/wp-content\/uploads\/2025\/01\/680-Envasadora-EGAR-040-EGARVAC-300x257.jpg 300w\" sizes=\"(max-width: 685px) 100vw, 685px\" \/>\t\t\t\t\t\t\t\t\t\t\t\t\t\t\t<\/div>\n\t\t\t\t<\/div>\n\t\t\t\t<div class=\"elementor-element elementor-element-50948527 elementor-widget elementor-widget-heading\" data-id=\"50948527\" data-element_type=\"widget\" data-e-type=\"widget\" data-widget_type=\"heading.default\">\n\t\t\t\t<div class=\"elementor-widget-container\">\n\t\t\t\t\t<h2 class=\"elementor-heading-title elementor-size-default\">EGAR-040<\/h2>\t\t\t\t<\/div>\n\t\t\t\t<\/div>\n\t\t\t\t<\/div>\n\t\t\t\t<\/div>\n\t\t<div class=\"elementor-element elementor-element-640af80e e-con-full e-flex elementor-invisible e-con e-parent\" data-id=\"640af80e\" data-element_type=\"container\" data-e-type=\"container\" data-settings=\"{&quot;animation&quot;:&quot;fadeIn&quot;}\">\n\t\t<div class=\"elementor-element elementor-element-75286b55 e-con-full e-flex e-con e-child\" data-id=\"75286b55\" data-element_type=\"container\" data-e-type=\"container\">\n\t\t\t\t<div class=\"elementor-element elementor-element-26038cf elementor-widget elementor-widget-image\" data-id=\"26038cf\" data-element_type=\"widget\" data-e-type=\"widget\" data-widget_type=\"image.default\">\n\t\t\t\t<div class=\"elementor-widget-container\">\n\t\t\t\t\t\t\t\t\t\t\t\t\t\t\t<img loading=\"lazy\" decoding=\"async\" width=\"685\" height=\"587\" src=\"https:\/\/www.egarvac.com\/wp-content\/uploads\/2025\/01\/682-Envasadoras-EGAR-020-y-EGAR-040-EGARVAC.jpg\" class=\"attachment-large size-large wp-image-1331\" alt=\"Envasadoras EGAR-020 y EGAR-040\" srcset=\"https:\/\/www.egarvac.com\/wp-content\/uploads\/2025\/01\/682-Envasadoras-EGAR-020-y-EGAR-040-EGARVAC.jpg 685w, https:\/\/www.egarvac.com\/wp-content\/uploads\/2025\/01\/682-Envasadoras-EGAR-020-y-EGAR-040-EGARVAC-300x257.jpg 300w\" sizes=\"(max-width: 685px) 100vw, 685px\" \/>\t\t\t\t\t\t\t\t\t\t\t\t\t\t\t<\/div>\n\t\t\t\t<\/div>\n\t\t\t\t<\/div>\n\t\t<div class=\"elementor-element elementor-element-2a16ff07 e-con-full e-flex e-con e-child\" data-id=\"2a16ff07\" data-element_type=\"container\" data-e-type=\"container\">\n\t\t\t\t<div class=\"elementor-element elementor-element-5dd92fa9 elementor-widget elementor-widget-image\" data-id=\"5dd92fa9\" data-element_type=\"widget\" data-e-type=\"widget\" data-widget_type=\"image.default\">\n\t\t\t\t<div class=\"elementor-widget-container\">\n\t\t\t\t\t\t\t\t\t\t\t\t\t\t\t<img loading=\"lazy\" decoding=\"async\" width=\"685\" height=\"587\" src=\"https:\/\/www.egarvac.com\/wp-content\/uploads\/2025\/01\/683-Envasadoras-EGAR-020-y-EGAR-040-EGARVAC.jpg\" class=\"attachment-large size-large wp-image-1332\" alt=\"EGAR-020 y EGAR-040: Funcionalidades y caracter\u00edsticas clave del sistema de sellado\" srcset=\"https:\/\/www.egarvac.com\/wp-content\/uploads\/2025\/01\/683-Envasadoras-EGAR-020-y-EGAR-040-EGARVAC.jpg 685w, https:\/\/www.egarvac.com\/wp-content\/uploads\/2025\/01\/683-Envasadoras-EGAR-020-y-EGAR-040-EGARVAC-300x257.jpg 300w\" sizes=\"(max-width: 685px) 100vw, 685px\" \/>\t\t\t\t\t\t\t\t\t\t\t\t\t\t\t<\/div>\n\t\t\t\t<\/div>\n\t\t\t\t<\/div>\n\t\t\t\t<\/div>\n\t\t<div class=\"elementor-element elementor-element-17a825b9 e-con-full e-flex elementor-invisible e-con e-parent\" data-id=\"17a825b9\" data-element_type=\"container\" data-e-type=\"container\" data-settings=\"{&quot;animation&quot;:&quot;fadeIn&quot;}\">\n\t\t<div class=\"elementor-element elementor-element-43f6ad47 e-con-full e-flex e-con e-child\" data-id=\"43f6ad47\" data-element_type=\"container\" data-e-type=\"container\">\n\t\t\t\t<div class=\"elementor-element elementor-element-6df3c7c3 elementor-widget elementor-widget-image\" data-id=\"6df3c7c3\" data-element_type=\"widget\" data-e-type=\"widget\" data-widget_type=\"image.default\">\n\t\t\t\t<div class=\"elementor-widget-container\">\n\t\t\t\t\t\t\t\t\t\t\t\t\t\t\t<img loading=\"lazy\" decoding=\"async\" width=\"685\" height=\"587\" src=\"https:\/\/www.egarvac.com\/wp-content\/uploads\/2025\/01\/684-Envasadoras-EGAR-020-y-EGAR-040-EGARVAC.jpg\" class=\"attachment-large size-large wp-image-1333\" alt=\"Proceso de envasado de las envasadoras EGAR-020 y EGAR-040\" srcset=\"https:\/\/www.egarvac.com\/wp-content\/uploads\/2025\/01\/684-Envasadoras-EGAR-020-y-EGAR-040-EGARVAC.jpg 685w, https:\/\/www.egarvac.com\/wp-content\/uploads\/2025\/01\/684-Envasadoras-EGAR-020-y-EGAR-040-EGARVAC-300x257.jpg 300w\" sizes=\"(max-width: 685px) 100vw, 685px\" \/>\t\t\t\t\t\t\t\t\t\t\t\t\t\t\t<\/div>\n\t\t\t\t<\/div>\n\t\t\t\t<\/div>\n\t\t<div class=\"elementor-element elementor-element-37fc06a7 e-con-full e-flex e-con e-child\" data-id=\"37fc06a7\" data-element_type=\"container\" data-e-type=\"container\">\n\t\t\t\t<div class=\"elementor-element elementor-element-14bc673 elementor-widget elementor-widget-image\" data-id=\"14bc673\" data-element_type=\"widget\" data-e-type=\"widget\" data-widget_type=\"image.default\">\n\t\t\t\t<div class=\"elementor-widget-container\">\n\t\t\t\t\t\t\t\t\t\t\t\t\t\t\t<img loading=\"lazy\" decoding=\"async\" width=\"685\" height=\"587\" src=\"https:\/\/www.egarvac.com\/wp-content\/uploads\/2025\/01\/685-Envasadoras-EGAR-020-y-EGAR-040-EGARVAC.jpg\" class=\"attachment-large size-large wp-image-1334\" alt=\"Detalle de las envasadoras EGAR-020 y EGAR-040\" srcset=\"https:\/\/www.egarvac.com\/wp-content\/uploads\/2025\/01\/685-Envasadoras-EGAR-020-y-EGAR-040-EGARVAC.jpg 685w, https:\/\/www.egarvac.com\/wp-content\/uploads\/2025\/01\/685-Envasadoras-EGAR-020-y-EGAR-040-EGARVAC-300x257.jpg 300w\" sizes=\"(max-width: 685px) 100vw, 685px\" \/>\t\t\t\t\t\t\t\t\t\t\t\t\t\t\t<\/div>\n\t\t\t\t<\/div>\n\t\t\t\t<\/div>\n\t\t\t\t<\/div>\n\t\t<div class=\"elementor-element elementor-element-3d27ea92 e-con-full e-flex elementor-invisible e-con e-parent\" data-id=\"3d27ea92\" data-element_type=\"container\" data-e-type=\"container\" data-settings=\"{&quot;animation&quot;:&quot;fadeIn&quot;}\">\n\t\t<div class=\"elementor-element elementor-element-1305d154 e-con-full e-flex e-con e-child\" data-id=\"1305d154\" data-element_type=\"container\" data-e-type=\"container\">\n\t\t\t\t<div class=\"elementor-element elementor-element-503a8098 elementor-widget elementor-widget-image\" data-id=\"503a8098\" data-element_type=\"widget\" data-e-type=\"widget\" data-widget_type=\"image.default\">\n\t\t\t\t<div class=\"elementor-widget-container\">\n\t\t\t\t\t\t\t\t\t\t\t\t\t\t\t<img loading=\"lazy\" decoding=\"async\" width=\"685\" height=\"587\" src=\"https:\/\/www.egarvac.com\/wp-content\/uploads\/2025\/03\/678-Envasadoras-EGAR-020-y-EGAR-040-EGARVAC.jpg\" class=\"attachment-large size-large wp-image-2085\" alt=\"Envasadoras de vac\u00edo externo EGAR-020 y EGAR-040\" srcset=\"https:\/\/www.egarvac.com\/wp-content\/uploads\/2025\/03\/678-Envasadoras-EGAR-020-y-EGAR-040-EGARVAC.jpg 685w, https:\/\/www.egarvac.com\/wp-content\/uploads\/2025\/03\/678-Envasadoras-EGAR-020-y-EGAR-040-EGARVAC-300x257.jpg 300w, https:\/\/www.egarvac.com\/wp-content\/uploads\/2025\/03\/678-Envasadoras-EGAR-020-y-EGAR-040-EGARVAC-48x41.jpg 48w\" sizes=\"(max-width: 685px) 100vw, 685px\" \/>\t\t\t\t\t\t\t\t\t\t\t\t\t\t\t<\/div>\n\t\t\t\t<\/div>\n\t\t\t\t<div class=\"elementor-element elementor-element-3efe09d7 elementor-widget elementor-widget-heading\" data-id=\"3efe09d7\" data-element_type=\"widget\" data-e-type=\"widget\" data-widget_type=\"heading.default\">\n\t\t\t\t<div class=\"elementor-widget-container\">\n\t\t\t\t\t<h2 class=\"elementor-heading-title elementor-size-default\">Arriba: EGAR-020 \u00b7 Abajo: EGAR-040<\/h2>\t\t\t\t<\/div>\n\t\t\t\t<\/div>\n\t\t\t\t<\/div>\n\t\t<div class=\"elementor-element elementor-element-16d544f5 e-con-full e-flex e-con e-child\" data-id=\"16d544f5\" data-element_type=\"container\" data-e-type=\"container\">\n\t\t\t\t<div class=\"elementor-element elementor-element-3fdb7eb5 elementor-widget elementor-widget-text-editor\" data-id=\"3fdb7eb5\" data-element_type=\"widget\" data-e-type=\"widget\" data-widget_type=\"text-editor.default\">\n\t\t\t\t<div class=\"elementor-widget-container\">\n\t\t\t\t\t\t\t\t\tEnvasadoras de vac\u00edo externo para el envasado de productos en bolsas gofradas.\t\t\t\t\t\t\t\t<\/div>\n\t\t\t\t<\/div>\n\t\t\t\t<div class=\"elementor-element elementor-element-185b2a21 elementor-widget elementor-widget-text-editor\" data-id=\"185b2a21\" data-element_type=\"widget\" data-e-type=\"widget\" data-widget_type=\"text-editor.default\">\n\t\t\t\t<div class=\"elementor-widget-container\">\n\t\t\t\t\t\t\t\t\tLa soluci\u00f3n profesional m\u00e1s sencilla y efectiva para su uso en comercios de peque\u00f1as dimensiones e incluso dom\u00e9stico.\nFabricadas en acero inoxidable, su dise\u00f1o es compacto, ligero y de tama\u00f1o reducido, para su f\u00e1cil ubicaci\u00f3n y uso en cualquier establecimiento que necesite envasar al vac\u00edo productos s\u00f3lidos con una protecci\u00f3n \u00f3ptima: peque\u00f1os comercios de alimentaci\u00f3n y tiendas gourmet, hosteler\u00eda y gastronom\u00eda, catering, agroindustria, sector hortofrut\u00edcola, laboratorios, electr\u00f3nica\u2026 e incluso en el \u00e1mbito dom\u00e9stico, por su capacidad para conservar las comidas de la semana en perfectas condiciones.\n\nAl compartir los mismos procesos de fabricaci\u00f3n y calidad que el resto de productos EGARVAC, EGAR-020 y EGAR-040 suponen los modelos de acceso a nuestra extensa gama de envasadoras al vac\u00edo profesionales.\t\t\t\t\t\t\t\t<\/div>\n\t\t\t\t<\/div>\n\t\t\t\t<div class=\"elementor-element elementor-element-6fd75541 elementor-align-justify elementor-widget__width-inherit btnici elementor-widget elementor-widget-button\" data-id=\"6fd75541\" data-element_type=\"widget\" data-e-type=\"widget\" data-widget_type=\"button.default\">\n\t\t\t\t<div class=\"elementor-widget-container\">\n\t\t\t\t\t\t\t\t\t<div class=\"elementor-button-wrapper\">\n\t\t\t\t\t<a class=\"elementor-button elementor-button-link elementor-size-sm\" href=\"https:\/\/egarvac.com\/wp-content\/uploads\/2025\/01\/Envasadoras-vacio-externo-EGARVAC.pdf\" target=\"_blank\" rel=\"noopener\">\n\t\t\t\t\t\t<span class=\"elementor-button-content-wrapper\">\n\t\t\t\t\t\t<span class=\"elementor-button-icon\">\n\t\t\t\t<svg xmlns=\"http:\/\/www.w3.org\/2000\/svg\" id=\"Capa_1\" data-name=\"Capa 1\" viewbox=\"0 0 192.18 177.1\"><defs><style>      .cls-1 {        fill: none;      }      .cls-2 {        fill: #fff;      }    <\/style><\/defs><path class=\"cls-2\" d=\"M148.19,95l-26.63,26.63c-1.43,1.45-3.3,2.16-5.18,2.16s-3.75-.71-5.17-2.16l-26.64-26.63c-2.85-2.86-2.85-7.5,0-10.35,2.87-2.86,7.5-2.86,10.35,0l14.14,14.14V21.64c0-4.05,3.29-7.32,7.32-7.32s7.32,3.28,7.32,7.32v77.14l14.14-14.13c2.85-2.86,7.49-2.86,10.35,0,2.85,2.85,2.85,7.49,0,10.35ZM177.04,63.12v90.28c0,4.05-3.29,7.32-7.33,7.32H29.18c-4.05,0-7.32-3.28-7.32-7.32V63.12c0-1.28.34-2.55.97-3.65l12.12-20.99c1.3-2.26,3.72-3.65,6.34-3.65h35.12c2.61,0,5.02,1.39,6.34,3.65l10,17.32h3.11v14.65h-7.33c-2.62,0-5.03-1.4-6.35-3.66l-9.99-17.32h-26.67l-9.02,15.63v80.99h125.89v-75.63h-25.47v-14.65h32.79c4.05,0,7.33,3.28,7.33,7.32Z\"><\/path><rect class=\"cls-1\" x=\"21.86\" y=\"14.32\" width=\"155.19\" height=\"155.19\"><\/rect><\/svg>\t\t\t<\/span>\n\t\t\t\t\t\t\t\t\t<span class=\"elementor-button-text\">Descargue el cat\u00e1logo de este producto<\/span>\n\t\t\t\t\t<\/span>\n\t\t\t\t\t<\/a>\n\t\t\t\t<\/div>\n\t\t\t\t\t\t\t\t<\/div>\n\t\t\t\t<\/div>\n\t\t\t\t<div class=\"elementor-element elementor-element-32207565 elementor-align-justify elementor-widget__width-inherit btnici elementor-widget elementor-widget-button\" data-id=\"32207565\" data-element_type=\"widget\" data-e-type=\"widget\" data-widget_type=\"button.default\">\n\t\t\t\t<div class=\"elementor-widget-container\">\n\t\t\t\t\t\t\t\t\t<div class=\"elementor-button-wrapper\">\n\t\t\t\t\t<a class=\"elementor-button elementor-button-link elementor-size-sm\" href=\"https:\/\/egarvac.com\/wp-content\/uploads\/2025\/01\/06-Tech-EGARVAC-1.pdf\" target=\"_blank\" rel=\"noopener\">\n\t\t\t\t\t\t<span class=\"elementor-button-content-wrapper\">\n\t\t\t\t\t\t<span class=\"elementor-button-icon\">\n\t\t\t\t<svg xmlns=\"http:\/\/www.w3.org\/2000\/svg\" id=\"Capa_1\" data-name=\"Capa 1\" viewbox=\"0 0 192.18 177.1\"><defs><style>      .cls-1 {        fill: none;      }      .cls-2 {        fill: #fff;      }    <\/style><\/defs><path class=\"cls-2\" d=\"M148.19,95l-26.63,26.63c-1.43,1.45-3.3,2.16-5.18,2.16s-3.75-.71-5.17-2.16l-26.64-26.63c-2.85-2.86-2.85-7.5,0-10.35,2.87-2.86,7.5-2.86,10.35,0l14.14,14.14V21.64c0-4.05,3.29-7.32,7.32-7.32s7.32,3.28,7.32,7.32v77.14l14.14-14.13c2.85-2.86,7.49-2.86,10.35,0,2.85,2.85,2.85,7.49,0,10.35ZM177.04,63.12v90.28c0,4.05-3.29,7.32-7.33,7.32H29.18c-4.05,0-7.32-3.28-7.32-7.32V63.12c0-1.28.34-2.55.97-3.65l12.12-20.99c1.3-2.26,3.72-3.65,6.34-3.65h35.12c2.61,0,5.02,1.39,6.34,3.65l10,17.32h3.11v14.65h-7.33c-2.62,0-5.03-1.4-6.35-3.66l-9.99-17.32h-26.67l-9.02,15.63v80.99h125.89v-75.63h-25.47v-14.65h32.79c4.05,0,7.33,3.28,7.33,7.32Z\"><\/path><rect class=\"cls-1\" x=\"21.86\" y=\"14.32\" width=\"155.19\" height=\"155.19\"><\/rect><\/svg>\t\t\t<\/span>\n\t\t\t\t\t\t\t\t\t<span class=\"elementor-button-text\">Descargue las fichas t\u00e9cnicas<\/span>\n\t\t\t\t\t<\/span>\n\t\t\t\t\t<\/a>\n\t\t\t\t<\/div>\n\t\t\t\t\t\t\t\t<\/div>\n\t\t\t\t<\/div>\n\t\t\t\t<\/div>\n\t\t\t\t<\/div>\n\t\t\t\t<\/div>","protected":false},"excerpt":{"rendered":"<p>AL DETALLE:\u00a0Envasadoras DE VAC\u00cdO EXTERNO\u00a0&#8211; Modelos DE SOBREMESA &#8211; EGAR-020 y EGAR-040 EGAR-020 EGAR-040 Arriba: EGAR-020 \u00b7 Abajo: EGAR-040 Envasadoras de vac\u00edo externo para el envasado de productos en bolsas gofradas.La soluci\u00f3n profesional m\u00e1s sencilla y efectiva para su uso en comercios de peque\u00f1as dimensiones e incluso dom\u00e9stico. Fabricadas en acero inoxidable, su dise\u00f1o es [&hellip;]<\/p>\n","protected":false},"author":1,"featured_media":2085,"parent":0,"menu_order":0,"comment_status":"closed","ping_status":"closed","template":"","meta":{"footnotes":""},"class_list":["post-849","page","type-page","status-publish","has-post-thumbnail","hentry"],"_links":{"self":[{"href":"https:\/\/www.egarvac.com\/en\/wp-json\/wp\/v2\/pages\/849","targetHints":{"allow":["GET"]}}],"collection":[{"href":"https:\/\/www.egarvac.com\/en\/wp-json\/wp\/v2\/pages"}],"about":[{"href":"https:\/\/www.egarvac.com\/en\/wp-json\/wp\/v2\/types\/page"}],"author":[{"embeddable":true,"href":"https:\/\/www.egarvac.com\/en\/wp-json\/wp\/v2\/users\/1"}],"replies":[{"embeddable":true,"href":"https:\/\/www.egarvac.com\/en\/wp-json\/wp\/v2\/comments?post=849"}],"version-history":[{"count":0,"href":"https:\/\/www.egarvac.com\/en\/wp-json\/wp\/v2\/pages\/849\/revisions"}],"wp:featuredmedia":[{"embeddable":true,"href":"https:\/\/www.egarvac.com\/en\/wp-json\/wp\/v2\/media\/2085"}],"wp:attachment":[{"href":"https:\/\/www.egarvac.com\/en\/wp-json\/wp\/v2\/media?parent=849"}],"curies":[{"name":"wp","href":"https:\/\/api.w.org\/{rel}","templated":true}]}}